{"id":997,"date":"2024-12-29T20:22:37","date_gmt":"2024-12-29T20:22:37","guid":{"rendered":"https:\/\/aseopereira.gov.co\/?page_id=997"},"modified":"2024-12-29T20:23:57","modified_gmt":"2024-12-29T20:23:57","slug":"proyectos-de-normas-para-comentarios-2","status":"publish","type":"page","link":"https:\/\/aseopereira.gov.co\/index.php\/proyectos-de-normas-para-comentarios-2\/","title":{"rendered":"Proyectos De Inversi\u00f3n"},"content":{"rendered":"\t\t<div data-elementor-type=\"wp-page\" data-elementor-id=\"997\" class=\"elementor elementor-997\" data-elementor-post-type=\"page\">\n\t\t\t\t<div class=\"elementor-element elementor-element-b10079f e-flex e-con-boxed e-con e-parent\" data-id=\"b10079f\" data-element_type=\"container\" data-e-type=\"container\">\n\t\t\t\t\t<div class=\"e-con-inner\">\n\t\t\t\t<div class=\"elementor-element elementor-element-73a86fb elementor-widget elementor-widget-elementskit-heading\" data-id=\"73a86fb\" data-element_type=\"widget\" data-e-type=\"widget\" data-widget_type=\"elementskit-heading.default\">\n\t\t\t\t<div class=\"elementor-widget-container\">\n\t\t\t\t\t<div class=\"ekit-wid-con\" ><div class=\"ekit-heading elementskit-section-title-wraper text_center   ekit_heading_tablet-   ekit_heading_mobile-\"><h2 class=\"ekit-heading--title elementskit-section-title \">Proyectos De Inversi\u00f3n<\/h2><\/div><\/div>\t\t\t\t<\/div>\n\t\t\t\t<\/div>\n\t\t\t\t\t<\/div>\n\t\t\t\t<\/div>\n\t\t<div class=\"elementor-element elementor-element-5c60f26 e-flex e-con-boxed e-con e-parent\" data-id=\"5c60f26\" data-element_type=\"container\" data-e-type=\"container\">\n\t\t\t\t\t<div class=\"e-con-inner\">\n\t\t<div class=\"elementor-element elementor-element-413c34d e-con-full e-flex e-con e-child\" data-id=\"413c34d\" data-element_type=\"container\" data-e-type=\"container\">\n\t\t\t\t<div class=\"elementor-element elementor-element-c2de298 elementor-widget elementor-widget-text-editor\" data-id=\"c2de298\" data-element_type=\"widget\" data-e-type=\"widget\" data-widget_type=\"text-editor.default\">\n\t\t\t\t<div class=\"elementor-widget-container\">\n\t\t\t\t\t\t\t\t\t<div class=\"widget gsc-heading align-left style-1 text-dark \"><div class=\"heading-bottom\"><div class=\"title-desc\"><p>De acuerdo al par\u00e1grafo del art\u00edculo 77 de la Ley 1474 de 2011, y el inciso 6 del art\u00edculo 24 de la Ley 1755 de 2015 la entidad no est\u00e1 obligada a publicar informaci\u00f3n alguna relacionada con sus proyectos de inversi\u00f3n, por cuanto puede afectar los secretos comerciales, industriales y profesionales, siendo esta una informaci\u00f3n reservada.<\/p><\/div><\/div><\/div>\t\t\t\t\t\t\t\t<\/div>\n\t\t\t\t<\/div>\n\t\t\t\t<\/div>\n\t\t<div class=\"elementor-element elementor-element-205cb67 e-con-full e-flex e-con e-child\" data-id=\"205cb67\" data-element_type=\"container\" data-e-type=\"container\">\n\t\t\t\t<div class=\"elementor-element elementor-element-751e475 elementor-widget elementor-widget-image\" data-id=\"751e475\" data-element_type=\"widget\" data-e-type=\"widget\" data-widget_type=\"image.default\">\n\t\t\t\t<div class=\"elementor-widget-container\">\n\t\t\t\t\t\t\t\t\t\t\t\t\t\t\t<img fetchpriority=\"high\" decoding=\"async\" width=\"1000\" height=\"750\" src=\"https:\/\/aseopereira.gov.co\/wp-content\/uploads\/2024\/12\/3d-render-cruz-marca-icono-aislado-error-x-simbolo.jpeg\" class=\"attachment-large size-large wp-image-967\" alt=\"\" srcset=\"https:\/\/aseopereira.gov.co\/wp-content\/uploads\/2024\/12\/3d-render-cruz-marca-icono-aislado-error-x-simbolo.jpeg 1000w, https:\/\/aseopereira.gov.co\/wp-content\/uploads\/2024\/12\/3d-render-cruz-marca-icono-aislado-error-x-simbolo-300x225.jpeg 300w, https:\/\/aseopereira.gov.co\/wp-content\/uploads\/2024\/12\/3d-render-cruz-marca-icono-aislado-error-x-simbolo-768x576.jpeg 768w\" sizes=\"(max-width: 1000px) 100vw, 1000px\" \/>\t\t\t\t\t\t\t\t\t\t\t\t\t\t\t<\/div>\n\t\t\t\t<\/div>\n\t\t\t\t<\/div>\n\t\t\t\t\t<\/div>\n\t\t\t\t<\/div>\n\t\t\t\t<\/div>\n\t\t","protected":false},"excerpt":{"rendered":"<p>Proyectos De Inversi\u00f3n De acuerdo al par\u00e1grafo del art\u00edculo 77 de la Ley 1474 de 2011, y el inciso 6 del art\u00edculo 24 de la Ley 1755 de 2015 la entidad no est\u00e1 obligada a publicar informaci\u00f3n alguna relacionada con sus proyectos de inversi\u00f3n, por cuanto puede afectar los secretos comerciales, industriales y profesionales, siendo [&hellip;]<\/p>\n","protected":false},"author":1,"featured_media":0,"parent":0,"menu_order":0,"comment_status":"closed","ping_status":"closed","template":"elementor_header_footer","meta":{"footnotes":""},"class_list":["post-997","page","type-page","status-publish","hentry","entry"],"_links":{"self":[{"href":"https:\/\/aseopereira.gov.co\/index.php\/wp-json\/wp\/v2\/pages\/997","targetHints":{"allow":["GET"]}}],"collection":[{"href":"https:\/\/aseopereira.gov.co\/index.php\/wp-json\/wp\/v2\/pages"}],"about":[{"href":"https:\/\/aseopereira.gov.co\/index.php\/wp-json\/wp\/v2\/types\/page"}],"author":[{"embeddable":true,"href":"https:\/\/aseopereira.gov.co\/index.php\/wp-json\/wp\/v2\/users\/1"}],"replies":[{"embeddable":true,"href":"https:\/\/aseopereira.gov.co\/index.php\/wp-json\/wp\/v2\/comments?post=997"}],"version-history":[{"count":6,"href":"https:\/\/aseopereira.gov.co\/index.php\/wp-json\/wp\/v2\/pages\/997\/revisions"}],"predecessor-version":[{"id":1003,"href":"https:\/\/aseopereira.gov.co\/index.php\/wp-json\/wp\/v2\/pages\/997\/revisions\/1003"}],"wp:attachment":[{"href":"https:\/\/aseopereira.gov.co\/index.php\/wp-json\/wp\/v2\/media?parent=997"}],"curies":[{"name":"wp","href":"https:\/\/api.w.org\/{rel}","templated":true}]}}