{"id":917,"date":"2024-12-20T04:17:05","date_gmt":"2024-12-20T04:17:05","guid":{"rendered":"https:\/\/aseopereira.gov.co\/?page_id=917"},"modified":"2024-12-20T04:20:23","modified_gmt":"2024-12-20T04:20:23","slug":"publicacion-de-hojas-de-vida","status":"publish","type":"page","link":"https:\/\/aseopereira.gov.co\/index.php\/publicacion-de-hojas-de-vida\/","title":{"rendered":"Publicaci\u00f3n de hojas de vida"},"content":{"rendered":"\t\t<div data-elementor-type=\"wp-page\" data-elementor-id=\"917\" class=\"elementor elementor-917\" data-elementor-post-type=\"page\">\n\t\t\t\t<div class=\"elementor-element elementor-element-6e45053 e-flex e-con-boxed e-con e-parent\" data-id=\"6e45053\" data-element_type=\"container\" data-e-type=\"container\">\n\t\t\t\t\t<div class=\"e-con-inner\">\n\t\t\t\t<div class=\"elementor-element elementor-element-4af155b elementor-widget elementor-widget-elementskit-heading\" data-id=\"4af155b\" data-element_type=\"widget\" data-e-type=\"widget\" data-widget_type=\"elementskit-heading.default\">\n\t\t\t\t<div class=\"elementor-widget-container\">\n\t\t\t\t\t<div class=\"ekit-wid-con\" ><div class=\"ekit-heading elementskit-section-title-wraper text_center   ekit_heading_tablet-   ekit_heading_mobile-\"><h2 class=\"ekit-heading--title elementskit-section-title \">Publicaci\u00f3n de hojas de vida<\/h2><\/div><\/div>\t\t\t\t<\/div>\n\t\t\t\t<\/div>\n\t\t\t\t\t<\/div>\n\t\t\t\t<\/div>\n\t\t<div class=\"elementor-element elementor-element-a099102 e-flex e-con-boxed e-con e-parent\" data-id=\"a099102\" data-element_type=\"container\" data-e-type=\"container\">\n\t\t\t\t\t<div class=\"e-con-inner\">\n\t\t<div class=\"elementor-element elementor-element-2ea8758 e-con-full e-flex e-con e-child\" data-id=\"2ea8758\" data-element_type=\"container\" data-e-type=\"container\">\n\t\t\t\t<div class=\"elementor-element elementor-element-45ed146 elementor-widget elementor-widget-text-editor\" data-id=\"45ed146\" data-element_type=\"widget\" data-e-type=\"widget\" data-widget_type=\"text-editor.default\">\n\t\t\t\t<div class=\"elementor-widget-container\">\n\t\t\t\t\t\t\t\t\t<p>La Empresa de Aseo de Pereira S.A.S. ESP, como entidad territorial descentralizada, no est\u00e1 obligada a realizar publicaci\u00f3n en el portal aspirante de la Presidencia de la Rep\u00fablica, conforme a los decretos 4567\/2011, 1083\/2015, 1466\/2018 y 1622\/2018.<\/p>\t\t\t\t\t\t\t\t<\/div>\n\t\t\t\t<\/div>\n\t\t\t\t<\/div>\n\t\t<div class=\"elementor-element elementor-element-d6a838b e-con-full e-flex e-con e-child\" data-id=\"d6a838b\" data-element_type=\"container\" data-e-type=\"container\">\n\t\t\t\t<div class=\"elementor-element elementor-element-2a3eb2f elementor-widget elementor-widget-image\" data-id=\"2a3eb2f\" data-element_type=\"widget\" data-e-type=\"widget\" data-widget_type=\"image.default\">\n\t\t\t\t<div class=\"elementor-widget-container\">\n\t\t\t\t\t\t\t\t\t\t\t\t\t\t\t<img fetchpriority=\"high\" decoding=\"async\" width=\"1000\" height=\"665\" src=\"https:\/\/aseopereira.gov.co\/wp-content\/uploads\/2024\/12\/hojadevida-escritorio.jpg\" class=\"attachment-large size-large wp-image-920\" alt=\"\" srcset=\"https:\/\/aseopereira.gov.co\/wp-content\/uploads\/2024\/12\/hojadevida-escritorio.jpg 1000w, https:\/\/aseopereira.gov.co\/wp-content\/uploads\/2024\/12\/hojadevida-escritorio-300x200.jpg 300w, https:\/\/aseopereira.gov.co\/wp-content\/uploads\/2024\/12\/hojadevida-escritorio-768x511.jpg 768w\" sizes=\"(max-width: 1000px) 100vw, 1000px\" \/>\t\t\t\t\t\t\t\t\t\t\t\t\t\t\t<\/div>\n\t\t\t\t<\/div>\n\t\t\t\t<\/div>\n\t\t\t\t\t<\/div>\n\t\t\t\t<\/div>\n\t\t\t\t<\/div>\n\t\t","protected":false},"excerpt":{"rendered":"<p>Publicaci\u00f3n de hojas de vida La Empresa de Aseo de Pereira S.A.S. ESP, como entidad territorial descentralizada, no est\u00e1 obligada a realizar publicaci\u00f3n en el portal aspirante de la Presidencia de la Rep\u00fablica, conforme a los decretos 4567\/2011, 1083\/2015, 1466\/2018 y 1622\/2018.<\/p>\n","protected":false},"author":1,"featured_media":0,"parent":0,"menu_order":0,"comment_status":"closed","ping_status":"closed","template":"elementor_header_footer","meta":{"footnotes":""},"class_list":["post-917","page","type-page","status-publish","hentry","entry"],"_links":{"self":[{"href":"https:\/\/aseopereira.gov.co\/index.php\/wp-json\/wp\/v2\/pages\/917","targetHints":{"allow":["GET"]}}],"collection":[{"href":"https:\/\/aseopereira.gov.co\/index.php\/wp-json\/wp\/v2\/pages"}],"about":[{"href":"https:\/\/aseopereira.gov.co\/index.php\/wp-json\/wp\/v2\/types\/page"}],"author":[{"embeddable":true,"href":"https:\/\/aseopereira.gov.co\/index.php\/wp-json\/wp\/v2\/users\/1"}],"replies":[{"embeddable":true,"href":"https:\/\/aseopereira.gov.co\/index.php\/wp-json\/wp\/v2\/comments?post=917"}],"version-history":[{"count":4,"href":"https:\/\/aseopereira.gov.co\/index.php\/wp-json\/wp\/v2\/pages\/917\/revisions"}],"predecessor-version":[{"id":923,"href":"https:\/\/aseopereira.gov.co\/index.php\/wp-json\/wp\/v2\/pages\/917\/revisions\/923"}],"wp:attachment":[{"href":"https:\/\/aseopereira.gov.co\/index.php\/wp-json\/wp\/v2\/media?parent=917"}],"curies":[{"name":"wp","href":"https:\/\/api.w.org\/{rel}","templated":true}]}}