{"id":907,"date":"2024-12-20T04:13:28","date_gmt":"2024-12-20T04:13:28","guid":{"rendered":"https:\/\/aseopereira.gov.co\/?page_id=907"},"modified":"2024-12-20T04:16:44","modified_gmt":"2024-12-20T04:16:44","slug":"entes-y-autoridades-que-lo-vigilan","status":"publish","type":"page","link":"https:\/\/aseopereira.gov.co\/index.php\/entes-y-autoridades-que-lo-vigilan\/","title":{"rendered":"Entes y autoridades que lo vigilan"},"content":{"rendered":"\t\t<div data-elementor-type=\"wp-page\" data-elementor-id=\"907\" class=\"elementor elementor-907\" data-elementor-post-type=\"page\">\n\t\t\t\t<div class=\"elementor-element elementor-element-3156c83 e-flex e-con-boxed e-con e-parent\" data-id=\"3156c83\" data-element_type=\"container\" data-e-type=\"container\">\n\t\t\t\t\t<div class=\"e-con-inner\">\n\t\t\t\t<div class=\"elementor-element elementor-element-f60d8b3 elementor-widget elementor-widget-elementskit-heading\" data-id=\"f60d8b3\" data-element_type=\"widget\" data-e-type=\"widget\" data-widget_type=\"elementskit-heading.default\">\n\t\t\t\t<div class=\"elementor-widget-container\">\n\t\t\t\t\t<div class=\"ekit-wid-con\" ><div class=\"ekit-heading elementskit-section-title-wraper text_center   ekit_heading_tablet-   ekit_heading_mobile-\"><h2 class=\"ekit-heading--title elementskit-section-title \">Entes y autoridades que lo vigilan<\/h2><\/div><\/div>\t\t\t\t<\/div>\n\t\t\t\t<\/div>\n\t\t\t\t\t<\/div>\n\t\t\t\t<\/div>\n\t\t<div class=\"elementor-element elementor-element-1d50d21 e-flex e-con-boxed e-con e-parent\" data-id=\"1d50d21\" data-element_type=\"container\" data-e-type=\"container\">\n\t\t\t\t\t<div class=\"e-con-inner\">\n\t\t\t\t<div class=\"elementor-element elementor-element-ffd4eb0 elementor-widget elementor-widget-html\" data-id=\"ffd4eb0\" data-element_type=\"widget\" data-e-type=\"widget\" data-widget_type=\"html.default\">\n\t\t\t\t<div class=\"elementor-widget-container\">\n\t\t\t\t\t<!DOCTYPE html>\n<html lang=\"es\">\n<head>\n    <meta charset=\"UTF-8\">\n    <meta name=\"viewport\" content=\"width=device-width, initial-scale=1.0\">\n    <title>Tabla de Entidades<\/title>\n    <style>\n        body {\n            font-family: Arial, sans-serif;\n            margin: 20px;\n            background-color: #f9f9f9;\n        }\n        table {\n            width: 100%;\n            border-collapse: collapse;\n            margin: 20px 0;\n            font-size: 16px;\n            text-align: left;\n        }\n        th, td {\n            padding: 12px;\n            border: 1px solid #ddd;\n        }\n        th {\n            background-color: #f4f4c8;\n            color: #333;\n        }\n        tr:nth-child(even) {\n            background-color: #f9f9f9;\n        }\n        tr:hover {\n            background-color: #f1f1f1;\n        }\n        a {\n            color: #007BFF;\n            text-decoration: none;\n        }\n        a:hover {\n            text-decoration: underline;\n        }\n    <\/style>\n<\/head>\n<body>\n    <table role=\"table\">\n        <thead>\n            <tr>\n                <th>Nombre de la Entidad<\/th>\n                <th>Direcci\u00f3n<\/th>\n                <th>Tel\u00e9fono<\/th>\n                <th>E-mail<\/th>\n                <th>Sitio Web<\/th>\n                <th>Tipo de Control<\/th>\n            <\/tr>\n        <\/thead>\n        <tbody>\n            <tr>\n                <td>Contralor\u00eda Municipal de Pereira<\/td>\n                <td>Cra 7A No. 18-55 Piso 7 - Palacio Municipal. Pereira, Colombia<\/td>\n                <td>(57) (6) 324 8278<br>(57) (6) 324 8282<\/td>\n                <td><a href=\"mailto:correo@contraloriapereira.gov.co\">correo@contraloriapereira.gov.co<\/a><\/td>\n                <td><a href=\"https:\/\/www.contraloriapereira.gov.co\/sitio\/\" target=\"_blank\">https:\/\/www.contraloriapereira.gov.co\/sitio\/<\/a><\/td>\n                <td>Fiscal<\/td>\n            <\/tr>\n            <tr>\n                <td>Personer\u00eda de Pereira<\/td>\n                <td>Calle 25 No. 7-48 Unidad Administrativa el Lago, Pereira, Colombia Piso 3 y 4<\/td>\n                <td>(57) 6 324 8295<br>(57) 6 324 8257<br>(57) 6 324 8255<\/td>\n                <td><a href=\"mailto:atencionalusuario@personeriapereira.gov.co\">atencionalusuario@personeriapereira.gov.co<\/a><\/td>\n                <td><a href=\"https:\/\/www.personeriapereira.gov.co\/es\/\" target=\"_blank\">https:\/\/www.personeriapereira.gov.co\/es\/<\/a><\/td>\n                <td>Disciplinario<\/td>\n            <\/tr>\n            <tr>\n                <td>Procuradur\u00eda General de la Naci\u00f3n<\/td>\n                <td>Carrera 5 # 15-80, Bogot\u00e1 D.C., Colombia, C\u00f3digo Postal: 11032<\/td>\n                <td>+57 1 587 8750<br>01 8000 940 808<\/td>\n                <td><a href=\"mailto:quejas@procuraduria.gov.co\">quejas@procuraduria.gov.co<\/a><\/td>\n                <td><a href=\"https:\/\/www.procuraduria.gov.co\/portal\/\" target=\"_blank\">https:\/\/www.procuraduria.gov.co\/portal\/<\/a><\/td>\n                <td>Disciplinario<\/td>\n            <\/tr>\n            <tr>\n                <td>Contadur\u00eda General de la Naci\u00f3n<\/td>\n                <td>Calle 26 No 69 - 76, Edificio Elemento Torre 1 (Aire) - Piso 15, Bogot\u00e1 D.C., Colombia C\u00f3digo Postal: 111071<\/td>\n                <td>(+57)(601) 492 6400<\/td>\n                <td><a href=\"mailto:contactenos@contaduria.gov.co\">contactenos@contaduria.gov.co<\/a><\/td>\n                <td><a href=\"https:\/\/www.contaduria.gov.co\/\" target=\"_blank\">https:\/\/www.contaduria.gov.co\/<\/a><\/td>\n                <td>Administrativo<\/td>\n            <\/tr>\n            <tr>\n                <td>Contralor\u00eda General de la Rep\u00fablica<\/td>\n                <td>Carrera 69 No 44-35, Bogot\u00e1, Colombia<\/td>\n                <td>(+57) 601 518 7000<\/td>\n                <td><a href=\"mailto:cgr@contraloria.gov.co\">cgr@contraloria.gov.co<\/a><\/td>\n                <td><a href=\"https:\/\/www.contraloria.gov.co\/\" target=\"_blank\">https:\/\/www.contraloria.gov.co\/<\/a><\/td>\n                <td>Fiscal<\/td>\n            <\/tr>\n        <\/tbody>\n    <\/table>\n<\/body>\n<\/html>\t\t\t\t<\/div>\n\t\t\t\t<\/div>\n\t\t\t\t\t<\/div>\n\t\t\t\t<\/div>\n\t\t\t\t<\/div>\n\t\t","protected":false},"excerpt":{"rendered":"<p>Entes y autoridades que lo vigilan Tabla de Entidades Nombre de la Entidad Direcci\u00f3n Tel\u00e9fono E-mail Sitio Web Tipo de Control Contralor\u00eda Municipal de Pereira Cra 7A No. 18-55 Piso 7 &#8211; Palacio Municipal. Pereira, Colombia (57) (6) 324 8278(57) (6) 324 8282 correo@contraloriapereira.gov.co https:\/\/www.contraloriapereira.gov.co\/sitio\/ Fiscal Personer\u00eda de Pereira Calle 25 No. 7-48 Unidad Administrativa [&hellip;]<\/p>\n","protected":false},"author":1,"featured_media":0,"parent":0,"menu_order":31,"comment_status":"closed","ping_status":"closed","template":"elementor_header_footer","meta":{"footnotes":""},"class_list":["post-907","page","type-page","status-publish","hentry","entry"],"_links":{"self":[{"href":"https:\/\/aseopereira.gov.co\/index.php\/wp-json\/wp\/v2\/pages\/907","targetHints":{"allow":["GET"]}}],"collection":[{"href":"https:\/\/aseopereira.gov.co\/index.php\/wp-json\/wp\/v2\/pages"}],"about":[{"href":"https:\/\/aseopereira.gov.co\/index.php\/wp-json\/wp\/v2\/types\/page"}],"author":[{"embeddable":true,"href":"https:\/\/aseopereira.gov.co\/index.php\/wp-json\/wp\/v2\/users\/1"}],"replies":[{"embeddable":true,"href":"https:\/\/aseopereira.gov.co\/index.php\/wp-json\/wp\/v2\/comments?post=907"}],"version-history":[{"count":4,"href":"https:\/\/aseopereira.gov.co\/index.php\/wp-json\/wp\/v2\/pages\/907\/revisions"}],"predecessor-version":[{"id":912,"href":"https:\/\/aseopereira.gov.co\/index.php\/wp-json\/wp\/v2\/pages\/907\/revisions\/912"}],"wp:attachment":[{"href":"https:\/\/aseopereira.gov.co\/index.php\/wp-json\/wp\/v2\/media?parent=907"}],"curies":[{"name":"wp","href":"https:\/\/api.w.org\/{rel}","templated":true}]}}