{"id":63,"date":"2024-11-18T20:14:14","date_gmt":"2024-11-18T20:14:14","guid":{"rendered":"https:\/\/aseopereira.gov.co\/?page_id=63"},"modified":"2024-11-27T00:57:10","modified_gmt":"2024-11-27T00:57:10","slug":"mision-y-vision","status":"publish","type":"page","link":"https:\/\/aseopereira.gov.co\/index.php\/entidad\/mision-y-vision\/","title":{"rendered":"Misi\u00f3n y visi\u00f3n"},"content":{"rendered":"\t\t<div data-elementor-type=\"wp-page\" data-elementor-id=\"63\" class=\"elementor elementor-63\" data-elementor-post-type=\"page\">\n\t\t\t\t<div class=\"elementor-element elementor-element-85e3d54 e-flex e-con-boxed e-con e-parent\" data-id=\"85e3d54\" data-element_type=\"container\" data-e-type=\"container\">\n\t\t\t\t\t<div class=\"e-con-inner\">\n\t\t\t\t<div class=\"elementor-element elementor-element-6c6e345 elementor-widget elementor-widget-elementskit-heading\" data-id=\"6c6e345\" data-element_type=\"widget\" data-e-type=\"widget\" data-widget_type=\"elementskit-heading.default\">\n\t\t\t\t<div class=\"elementor-widget-container\">\n\t\t\t\t\t<div class=\"ekit-wid-con\" ><div class=\"ekit-heading elementskit-section-title-wraper text_center   ekit_heading_tablet-   ekit_heading_mobile-\"><h2 class=\"ekit-heading--title elementskit-section-title \">La Entidad<\/h2><\/div><\/div>\t\t\t\t<\/div>\n\t\t\t\t<\/div>\n\t\t\t\t\t<\/div>\n\t\t\t\t<\/div>\n\t\t<div class=\"elementor-element elementor-element-e9f204b e-flex e-con-boxed e-con e-parent\" data-id=\"e9f204b\" data-element_type=\"container\" data-e-type=\"container\">\n\t\t\t\t\t<div class=\"e-con-inner\">\n\t\t<div class=\"elementor-element elementor-element-2b3eeec e-con-full e-flex e-con e-child\" data-id=\"2b3eeec\" data-element_type=\"container\" data-e-type=\"container\">\n\t\t\t\t<div class=\"elementor-element elementor-element-b679d24 elementor-widget elementor-widget-elementskit-heading\" data-id=\"b679d24\" data-element_type=\"widget\" data-e-type=\"widget\" data-widget_type=\"elementskit-heading.default\">\n\t\t\t\t<div class=\"elementor-widget-container\">\n\t\t\t\t\t<div class=\"ekit-wid-con\" ><div class=\"ekit-heading elementskit-section-title-wraper text_left   ekit_heading_tablet-   ekit_heading_mobile-\"><h2 class=\"ekit-heading--title elementskit-section-title \">Misi\u00f3n<\/h2><\/div><\/div>\t\t\t\t<\/div>\n\t\t\t\t<\/div>\n\t\t\t\t<div class=\"elementor-element elementor-element-49a56d6 elementor-widget elementor-widget-text-editor\" data-id=\"49a56d6\" data-element_type=\"widget\" data-e-type=\"widget\" data-widget_type=\"text-editor.default\">\n\t\t\t\t<div class=\"elementor-widget-container\">\n\t\t\t\t\t\t\t\t\t<p>Garantizamos la adecuada prestaci\u00f3n del servicio p\u00fablico domiciliario de aseo y brindamos a nuestros clientes un servicio especializado en soluciones ambientales integrales y desarrollo de proyectos ambientales, que generen procesos y soluciones para cumplir con las exigencias normativas y los requisitos de ley; contribuyendo a la calidad de vida de la comunidad y al mejoramiento continuo de las empresas.<\/p>\t\t\t\t\t\t\t\t<\/div>\n\t\t\t\t<\/div>\n\t\t\t\t<\/div>\n\t\t<div class=\"elementor-element elementor-element-0ac88f9 e-con-full e-flex e-con e-child\" data-id=\"0ac88f9\" data-element_type=\"container\" data-e-type=\"container\">\n\t\t\t\t<div class=\"elementor-element elementor-element-ec8344e elementor-widget elementor-widget-elementskit-heading\" data-id=\"ec8344e\" data-element_type=\"widget\" data-e-type=\"widget\" data-widget_type=\"elementskit-heading.default\">\n\t\t\t\t<div class=\"elementor-widget-container\">\n\t\t\t\t\t<div class=\"ekit-wid-con\" ><div class=\"ekit-heading elementskit-section-title-wraper text_left   ekit_heading_tablet-   ekit_heading_mobile-\"><h2 class=\"ekit-heading--title elementskit-section-title \">Visi\u00f3n<\/h2><\/div><\/div>\t\t\t\t<\/div>\n\t\t\t\t<\/div>\n\t\t\t\t<div class=\"elementor-element elementor-element-e86ce2c elementor-widget elementor-widget-text-editor\" data-id=\"e86ce2c\" data-element_type=\"widget\" data-e-type=\"widget\" data-widget_type=\"text-editor.default\">\n\t\t\t\t<div class=\"elementor-widget-container\">\n\t\t\t\t\t\t\t\t\t<div class=\"widget gsc-heading  align-left style-1 text-dark \"><div class=\"heading-bottom\"><div class=\"title-desc\"><p>Ser reconocida a nivel nacional como una organizaci\u00f3n especializada en la prestaci\u00f3n del servicio p\u00fablico domiciliario de aseo y en la gesti\u00f3n de soluciones ambientales integrales.<\/p><\/div><\/div><\/div>\t\t\t\t\t\t\t\t<\/div>\n\t\t\t\t<\/div>\n\t\t\t\t<\/div>\n\t\t\t\t\t<\/div>\n\t\t\t\t<\/div>\n\t\t\t\t<\/div>\n\t\t","protected":false},"excerpt":{"rendered":"<p>La Entidad Misi\u00f3n Garantizamos la adecuada prestaci\u00f3n del servicio p\u00fablico domiciliario de aseo y brindamos a nuestros clientes un servicio especializado en soluciones ambientales integrales y desarrollo de proyectos ambientales, que generen procesos y soluciones para cumplir con las exigencias normativas y los requisitos de ley; contribuyendo a la calidad de vida de la comunidad [&hellip;]<\/p>\n","protected":false},"author":1,"featured_media":0,"parent":30,"menu_order":0,"comment_status":"closed","ping_status":"closed","template":"elementor_header_footer","meta":{"footnotes":""},"class_list":["post-63","page","type-page","status-publish","hentry","entry"],"_links":{"self":[{"href":"https:\/\/aseopereira.gov.co\/index.php\/wp-json\/wp\/v2\/pages\/63","targetHints":{"allow":["GET"]}}],"collection":[{"href":"https:\/\/aseopereira.gov.co\/index.php\/wp-json\/wp\/v2\/pages"}],"about":[{"href":"https:\/\/aseopereira.gov.co\/index.php\/wp-json\/wp\/v2\/types\/page"}],"author":[{"embeddable":true,"href":"https:\/\/aseopereira.gov.co\/index.php\/wp-json\/wp\/v2\/users\/1"}],"replies":[{"embeddable":true,"href":"https:\/\/aseopereira.gov.co\/index.php\/wp-json\/wp\/v2\/comments?post=63"}],"version-history":[{"count":7,"href":"https:\/\/aseopereira.gov.co\/index.php\/wp-json\/wp\/v2\/pages\/63\/revisions"}],"predecessor-version":[{"id":558,"href":"https:\/\/aseopereira.gov.co\/index.php\/wp-json\/wp\/v2\/pages\/63\/revisions\/558"}],"up":[{"embeddable":true,"href":"https:\/\/aseopereira.gov.co\/index.php\/wp-json\/wp\/v2\/pages\/30"}],"wp:attachment":[{"href":"https:\/\/aseopereira.gov.co\/index.php\/wp-json\/wp\/v2\/media?parent=63"}],"curies":[{"name":"wp","href":"https:\/\/api.w.org\/{rel}","templated":true}]}}