{"id":61,"date":"2024-11-18T20:13:00","date_gmt":"2024-11-18T20:13:00","guid":{"rendered":"https:\/\/aseopereira.gov.co\/?page_id=61"},"modified":"2024-11-27T00:40:59","modified_gmt":"2024-11-27T00:40:59","slug":"directorio","status":"publish","type":"page","link":"https:\/\/aseopereira.gov.co\/index.php\/entidad\/directorio\/","title":{"rendered":"Directorio"},"content":{"rendered":"\t\t<div data-elementor-type=\"wp-page\" data-elementor-id=\"61\" class=\"elementor elementor-61\" data-elementor-post-type=\"page\">\n\t\t\t\t<div class=\"elementor-element elementor-element-462d323 e-flex e-con-boxed e-con e-parent\" data-id=\"462d323\" data-element_type=\"container\" data-e-type=\"container\">\n\t\t\t\t\t<div class=\"e-con-inner\">\n\t\t\t\t<div class=\"elementor-element elementor-element-bd48a70 elementor-widget elementor-widget-elementskit-heading\" data-id=\"bd48a70\" data-element_type=\"widget\" data-e-type=\"widget\" data-widget_type=\"elementskit-heading.default\">\n\t\t\t\t<div class=\"elementor-widget-container\">\n\t\t\t\t\t<div class=\"ekit-wid-con\" ><div class=\"ekit-heading elementskit-section-title-wraper text_center   ekit_heading_tablet-   ekit_heading_mobile-\"><h2 class=\"ekit-heading--title elementskit-section-title \">Directorio de Entidades<\/h2><\/div><\/div>\t\t\t\t<\/div>\n\t\t\t\t<\/div>\n\t\t\t\t\t<\/div>\n\t\t\t\t<\/div>\n\t\t<div class=\"elementor-element elementor-element-0884663 e-flex e-con-boxed e-con e-parent\" data-id=\"0884663\" data-element_type=\"container\" data-e-type=\"container\">\n\t\t\t\t\t<div class=\"e-con-inner\">\n\t\t<div class=\"elementor-element elementor-element-3518b6e e-con-full e-flex e-con e-child\" data-id=\"3518b6e\" data-element_type=\"container\" data-e-type=\"container\">\n\t\t\t\t<div class=\"elementor-element elementor-element-e0108fc elementor-widget elementor-widget-image\" data-id=\"e0108fc\" data-element_type=\"widget\" data-e-type=\"widget\" data-widget_type=\"image.default\">\n\t\t\t\t<div class=\"elementor-widget-container\">\n\t\t\t\t\t\t\t\t\t\t\t\t\t\t\t<img decoding=\"async\" width=\"200\" height=\"170\" src=\"https:\/\/aseopereira.gov.co\/wp-content\/uploads\/2024\/11\/Logo-Andesco.jpg\" class=\"attachment-large size-large wp-image-528\" alt=\"\" \/>\t\t\t\t\t\t\t\t\t\t\t\t\t\t\t<\/div>\n\t\t\t\t<\/div>\n\t\t\t\t<\/div>\n\t\t<div class=\"elementor-element elementor-element-b9375b0 e-con-full e-flex e-con e-child\" data-id=\"b9375b0\" data-element_type=\"container\" data-e-type=\"container\">\n\t\t\t\t<div class=\"elementor-element elementor-element-c76e154 elementor-widget elementor-widget-heading\" data-id=\"c76e154\" data-element_type=\"widget\" data-e-type=\"widget\" data-widget_type=\"heading.default\">\n\t\t\t\t<div class=\"elementor-widget-container\">\n\t\t\t\t\t<h2 class=\"elementor-heading-title elementor-size-default\">ANDESCO<\/h2>\t\t\t\t<\/div>\n\t\t\t\t<\/div>\n\t\t\t\t<div class=\"elementor-element elementor-element-02cbc51 elementor-widget elementor-widget-text-editor\" data-id=\"02cbc51\" data-element_type=\"widget\" data-e-type=\"widget\" data-widget_type=\"text-editor.default\">\n\t\t\t\t<div class=\"elementor-widget-container\">\n\t\t\t\t\t\t\t\t\t<p>Asociaci\u00f3n Nacional de Empresas de Servicios P\u00fablicos y Comunicaciones<br \/>Calle 93 N\u00ba 13 24 piso 3 Bogot\u00e1, Colombia l PBX; 57-1 616 76 11<br \/>P\u00e1gina web:\u00a0<a href=\"https:\/\/www.andesco.org.co\/\" target=\"_blank\" rel=\"noopener\">https:\/\/www.andesco.org.co\/<\/a><\/p>\t\t\t\t\t\t\t\t<\/div>\n\t\t\t\t<\/div>\n\t\t\t\t<\/div>\n\t\t\t\t\t<\/div>\n\t\t\t\t<\/div>\n\t\t<div class=\"elementor-element elementor-element-8b4762c e-flex e-con-boxed e-con e-parent\" data-id=\"8b4762c\" data-element_type=\"container\" data-e-type=\"container\">\n\t\t\t\t\t<div class=\"e-con-inner\">\n\t\t<div class=\"elementor-element elementor-element-229d193 e-con-full e-flex e-con e-child\" data-id=\"229d193\" data-element_type=\"container\" data-e-type=\"container\">\n\t\t\t\t<div class=\"elementor-element elementor-element-5220a41 elementor-widget elementor-widget-image\" data-id=\"5220a41\" data-element_type=\"widget\" data-e-type=\"widget\" data-widget_type=\"image.default\">\n\t\t\t\t<div class=\"elementor-widget-container\">\n\t\t\t\t\t\t\t\t\t\t\t\t\t\t\t<img decoding=\"async\" width=\"200\" height=\"170\" src=\"https:\/\/aseopereira.gov.co\/wp-content\/uploads\/2024\/11\/DAFP.jpg\" class=\"attachment-large size-large wp-image-532\" alt=\"\" \/>\t\t\t\t\t\t\t\t\t\t\t\t\t\t\t<\/div>\n\t\t\t\t<\/div>\n\t\t\t\t<\/div>\n\t\t<div class=\"elementor-element elementor-element-d79f5a0 e-con-full e-flex e-con e-child\" data-id=\"d79f5a0\" data-element_type=\"container\" data-e-type=\"container\">\n\t\t\t\t<div class=\"elementor-element elementor-element-d1409ea elementor-widget elementor-widget-heading\" data-id=\"d1409ea\" data-element_type=\"widget\" data-e-type=\"widget\" data-widget_type=\"heading.default\">\n\t\t\t\t<div class=\"elementor-widget-container\">\n\t\t\t\t\t<h2 class=\"elementor-heading-title elementor-size-default\">DAFP (Departamento Administrativo de la Funci\u00f3n P\u00fablica)<\/h2>\t\t\t\t<\/div>\n\t\t\t\t<\/div>\n\t\t\t\t<div class=\"elementor-element elementor-element-9e6c6b3 elementor-widget elementor-widget-text-editor\" data-id=\"9e6c6b3\" data-element_type=\"widget\" data-e-type=\"widget\" data-widget_type=\"text-editor.default\">\n\t\t\t\t<div class=\"elementor-widget-container\">\n\t\t\t\t\t\t\t\t\t<div class=\"widget gsc-heading  align-left style-1 text-dark \"><div class=\"heading-bottom\"><div class=\"title-desc\"><p>Carrera 6 No. 12-62 Bogot\u00e1 D.C<br \/>PBX: (+57) (601) 334 4080 \/ 334 4086<br \/>FAX:(+57) (601) 3410515<br \/>P\u00e1gina web:\u00a0<a href=\"https:\/\/portal.dafp.gov.co\/portal\/page\/portal\/home\" target=\"_blank\" rel=\"noopener\">https:\/\/portal.dafp.gov.co\/portal\/page\/portal\/home<\/a><\/p><\/div><\/div><\/div>\t\t\t\t\t\t\t\t<\/div>\n\t\t\t\t<\/div>\n\t\t\t\t<\/div>\n\t\t\t\t\t<\/div>\n\t\t\t\t<\/div>\n\t\t<div class=\"elementor-element elementor-element-fccef6e e-flex e-con-boxed e-con e-parent\" data-id=\"fccef6e\" data-element_type=\"container\" data-e-type=\"container\">\n\t\t\t\t\t<div class=\"e-con-inner\">\n\t\t<div class=\"elementor-element elementor-element-6d470a5 e-con-full e-flex e-con e-child\" data-id=\"6d470a5\" data-element_type=\"container\" data-e-type=\"container\">\n\t\t\t\t<div class=\"elementor-element elementor-element-1b0b431 elementor-widget elementor-widget-image\" data-id=\"1b0b431\" data-element_type=\"widget\" data-e-type=\"widget\" data-widget_type=\"image.default\">\n\t\t\t\t<div class=\"elementor-widget-container\">\n\t\t\t\t\t\t\t\t\t\t\t\t\t\t\t<img decoding=\"async\" width=\"200\" height=\"170\" src=\"https:\/\/aseopereira.gov.co\/wp-content\/uploads\/2024\/11\/DNP.jpg\" class=\"attachment-large size-large wp-image-534\" alt=\"\" \/>\t\t\t\t\t\t\t\t\t\t\t\t\t\t\t<\/div>\n\t\t\t\t<\/div>\n\t\t\t\t<\/div>\n\t\t<div class=\"elementor-element elementor-element-52b94a4 e-con-full e-flex e-con e-child\" data-id=\"52b94a4\" data-element_type=\"container\" data-e-type=\"container\">\n\t\t\t\t<div class=\"elementor-element elementor-element-a7baefd elementor-widget elementor-widget-heading\" data-id=\"a7baefd\" data-element_type=\"widget\" data-e-type=\"widget\" data-widget_type=\"heading.default\">\n\t\t\t\t<div class=\"elementor-widget-container\">\n\t\t\t\t\t<h2 class=\"elementor-heading-title elementor-size-default\">DNP (departamento Nacional de Planeaci\u00f3n)<\/h2>\t\t\t\t<\/div>\n\t\t\t\t<\/div>\n\t\t\t\t<div class=\"elementor-element elementor-element-1ed877d elementor-widget elementor-widget-text-editor\" data-id=\"1ed877d\" data-element_type=\"widget\" data-e-type=\"widget\" data-widget_type=\"text-editor.default\">\n\t\t\t\t<div class=\"elementor-widget-container\">\n\t\t\t\t\t\t\t\t\t<p>Calle 26 #13-19 Edificio Fonade \u2013 C\u00f3digo Postal 110311<br \/>Conmutador: (+57) (601) 3815000 Bogot\u00e1, D.C., Colombia<br \/>FAX: (+57) (601)\u00a03815016<br \/>L\u00ednea de quejas y reclamos: 01-8000-121221<br \/>P\u00e1gina web:\u00a0<a href=\"https:\/\/www.dnp.gov.co\/\" target=\"_blank\" rel=\"noopener\">https:\/\/www.dnp.gov.co\/<\/a><\/p>\t\t\t\t\t\t\t\t<\/div>\n\t\t\t\t<\/div>\n\t\t\t\t<\/div>\n\t\t\t\t\t<\/div>\n\t\t\t\t<\/div>\n\t\t<div class=\"elementor-element elementor-element-30407e4 e-flex e-con-boxed e-con e-parent\" data-id=\"30407e4\" data-element_type=\"container\" data-e-type=\"container\">\n\t\t\t\t\t<div class=\"e-con-inner\">\n\t\t<div class=\"elementor-element elementor-element-da13a8c e-con-full e-flex e-con e-child\" data-id=\"da13a8c\" data-element_type=\"container\" data-e-type=\"container\">\n\t\t\t\t<div class=\"elementor-element elementor-element-3f3c67a elementor-widget elementor-widget-image\" data-id=\"3f3c67a\" data-element_type=\"widget\" data-e-type=\"widget\" data-widget_type=\"image.default\">\n\t\t\t\t<div class=\"elementor-widget-container\">\n\t\t\t\t\t\t\t\t\t\t\t\t\t\t\t<img loading=\"lazy\" decoding=\"async\" width=\"200\" height=\"170\" src=\"https:\/\/aseopereira.gov.co\/wp-content\/uploads\/2024\/11\/CRA.jpg\" class=\"attachment-large size-large wp-image-533\" alt=\"\" \/>\t\t\t\t\t\t\t\t\t\t\t\t\t\t\t<\/div>\n\t\t\t\t<\/div>\n\t\t\t\t<\/div>\n\t\t<div class=\"elementor-element elementor-element-2270198 e-con-full e-flex e-con e-child\" data-id=\"2270198\" data-element_type=\"container\" data-e-type=\"container\">\n\t\t\t\t<div class=\"elementor-element elementor-element-bbcd714 elementor-widget elementor-widget-heading\" data-id=\"bbcd714\" data-element_type=\"widget\" data-e-type=\"widget\" data-widget_type=\"heading.default\">\n\t\t\t\t<div class=\"elementor-widget-container\">\n\t\t\t\t\t<h2 class=\"elementor-heading-title elementor-size-default\">CRA (Comisi\u00f3n de Regulaci\u00f3n de Agua Potable y Saneamiento B\u00e1sico)\n<\/h2>\t\t\t\t<\/div>\n\t\t\t\t<\/div>\n\t\t\t\t<div class=\"elementor-element elementor-element-31c3a35 elementor-widget elementor-widget-text-editor\" data-id=\"31c3a35\" data-element_type=\"widget\" data-e-type=\"widget\" data-widget_type=\"text-editor.default\">\n\t\t\t\t<div class=\"elementor-widget-container\">\n\t\t\t\t\t\t\t\t\t<p>Direcci\u00f3n: Carrera 12 N\u00b0 97-80, Piso 2, Bogot\u00e1 D.C., Colombia. -.- C\u00f3digo Postal: 110221<br \/>Tel\u00e9fono(s) Desde Colombia (1) 487 3820 \u2013 489 7640 Desde el exterior +57(1) 487 3820 +57(1) 489 7640<br \/>Fax: Desde Colombia (1) 489 7650 Desde el exterior +57(1) 489 7650<br \/>L\u00ednea nacional gratuita: 01 8000 517565<br \/>P\u00e1gina web: http:\/\/www.cra.gov.co\/<\/p>\t\t\t\t\t\t\t\t<\/div>\n\t\t\t\t<\/div>\n\t\t\t\t<\/div>\n\t\t\t\t\t<\/div>\n\t\t\t\t<\/div>\n\t\t\t\t<\/div>\n\t\t","protected":false},"excerpt":{"rendered":"<p>Directorio de Entidades ANDESCO Asociaci\u00f3n Nacional de Empresas de Servicios P\u00fablicos y ComunicacionesCalle 93 N\u00ba 13 24 piso 3 Bogot\u00e1, Colombia l PBX; 57-1 616 76 11P\u00e1gina web:\u00a0https:\/\/www.andesco.org.co\/ DAFP (Departamento Administrativo de la Funci\u00f3n P\u00fablica) Carrera 6 No. 12-62 Bogot\u00e1 D.CPBX: (+57) (601) 334 4080 \/ 334 4086FAX:(+57) (601) 3410515P\u00e1gina web:\u00a0https:\/\/portal.dafp.gov.co\/portal\/page\/portal\/home DNP (departamento Nacional de [&hellip;]<\/p>\n","protected":false},"author":1,"featured_media":0,"parent":30,"menu_order":0,"comment_status":"closed","ping_status":"closed","template":"elementor_header_footer","meta":{"footnotes":""},"class_list":["post-61","page","type-page","status-publish","hentry","entry"],"_links":{"self":[{"href":"https:\/\/aseopereira.gov.co\/index.php\/wp-json\/wp\/v2\/pages\/61","targetHints":{"allow":["GET"]}}],"collection":[{"href":"https:\/\/aseopereira.gov.co\/index.php\/wp-json\/wp\/v2\/pages"}],"about":[{"href":"https:\/\/aseopereira.gov.co\/index.php\/wp-json\/wp\/v2\/types\/page"}],"author":[{"embeddable":true,"href":"https:\/\/aseopereira.gov.co\/index.php\/wp-json\/wp\/v2\/users\/1"}],"replies":[{"embeddable":true,"href":"https:\/\/aseopereira.gov.co\/index.php\/wp-json\/wp\/v2\/comments?post=61"}],"version-history":[{"count":13,"href":"https:\/\/aseopereira.gov.co\/index.php\/wp-json\/wp\/v2\/pages\/61\/revisions"}],"predecessor-version":[{"id":540,"href":"https:\/\/aseopereira.gov.co\/index.php\/wp-json\/wp\/v2\/pages\/61\/revisions\/540"}],"up":[{"embeddable":true,"href":"https:\/\/aseopereira.gov.co\/index.php\/wp-json\/wp\/v2\/pages\/30"}],"wp:attachment":[{"href":"https:\/\/aseopereira.gov.co\/index.php\/wp-json\/wp\/v2\/media?parent=61"}],"curies":[{"name":"wp","href":"https:\/\/api.w.org\/{rel}","templated":true}]}}