{"id":59,"date":"2024-11-18T20:12:24","date_gmt":"2024-11-18T20:12:24","guid":{"rendered":"https:\/\/aseopereira.gov.co\/?page_id=59"},"modified":"2024-11-27T00:26:07","modified_gmt":"2024-11-27T00:26:07","slug":"estructura-organizacional","status":"publish","type":"page","link":"https:\/\/aseopereira.gov.co\/index.php\/entidad\/estructura-organizacional\/","title":{"rendered":"Estructura Organizacional"},"content":{"rendered":"\t\t<div data-elementor-type=\"wp-page\" data-elementor-id=\"59\" class=\"elementor elementor-59\" data-elementor-post-type=\"page\">\n\t\t\t\t<div class=\"elementor-element elementor-element-cbadd66 e-flex e-con-boxed e-con e-parent\" data-id=\"cbadd66\" data-element_type=\"container\" data-e-type=\"container\">\n\t\t\t\t\t<div class=\"e-con-inner\">\n\t\t\t\t<div class=\"elementor-element elementor-element-6ddd1df elementor-widget elementor-widget-elementskit-heading\" data-id=\"6ddd1df\" data-element_type=\"widget\" data-e-type=\"widget\" data-widget_type=\"elementskit-heading.default\">\n\t\t\t\t<div class=\"elementor-widget-container\">\n\t\t\t\t\t<div class=\"ekit-wid-con\" ><div class=\"ekit-heading elementskit-section-title-wraper text_left   ekit_heading_tablet-   ekit_heading_mobile-\"><h2 class=\"ekit-heading--title elementskit-section-title \">Organigrama<\/h2><\/div><\/div>\t\t\t\t<\/div>\n\t\t\t\t<\/div>\n\t\t\t\t\t<\/div>\n\t\t\t\t<\/div>\n\t\t<div class=\"elementor-element elementor-element-88d39b1 e-flex e-con-boxed e-con e-parent\" data-id=\"88d39b1\" data-element_type=\"container\" data-e-type=\"container\">\n\t\t\t\t\t<div class=\"e-con-inner\">\n\t\t<div class=\"elementor-element elementor-element-d788fb5 e-con-full e-flex e-con e-child\" data-id=\"d788fb5\" data-element_type=\"container\" data-e-type=\"container\">\n\t\t\t\t<div class=\"elementor-element elementor-element-8275886 elementor-widget elementor-widget-text-editor\" data-id=\"8275886\" data-element_type=\"widget\" data-e-type=\"widget\" data-widget_type=\"text-editor.default\">\n\t\t\t\t<div class=\"elementor-widget-container\">\n\t\t\t\t\t\t\t\t\t<p><strong>Descripci\u00f3n de la Estructura Org\u00e1nica<\/strong><\/p><p><strong>Procesos Estrat\u00e9gico:<\/strong>\u00a0Hace parte Gerencia y Direcci\u00f3n de Planeaci\u00f3n<\/p><p><strong>Procesos Misionales:<\/strong>\u00a0Hace parte Direcci\u00f3n Gesti\u00f3n Operativa, donde se encuentra los subprocesos de Jefatura de Interventor\u00eda Comercial, Jefatura Interventor\u00eda Barrido Recolecci\u00f3n y Transporte, Vig\u00edas Ambientales y Disposici\u00f3n Final.<\/p><p><strong>Procesos de Apoyo:<\/strong>\u00a0Hace parte de la Jefatura Oficina Contable, Jefatura Oficina de Recursos, Asesor\u00eda TICs, Archivo, Jur\u00eddica, Comercial, Proyectos y Sistemas integrados de Gesti\u00f3n.<\/p><p><strong>Proceso de Evaluaci\u00f3n:<\/strong>\u00a0Corresponde a la Oficina de Control Interno.<\/p>\t\t\t\t\t\t\t\t<\/div>\n\t\t\t\t<\/div>\n\t\t\t\t<\/div>\n\t\t<div class=\"elementor-element elementor-element-c866432 e-con-full e-flex e-con e-child\" data-id=\"c866432\" data-element_type=\"container\" data-e-type=\"container\">\n\t\t\t\t<div class=\"elementor-element elementor-element-f434f1d elementor-widget elementor-widget-image\" data-id=\"f434f1d\" data-element_type=\"widget\" data-e-type=\"widget\" data-widget_type=\"image.default\">\n\t\t\t\t<div class=\"elementor-widget-container\">\n\t\t\t\t\t\t\t\t\t\t\t\t\t\t\t<img fetchpriority=\"high\" decoding=\"async\" width=\"1024\" height=\"613\" src=\"https:\/\/aseopereira.gov.co\/wp-content\/uploads\/2024\/11\/Organigrama2021-1024x613.png\" class=\"attachment-large size-large wp-image-523\" alt=\"\" srcset=\"https:\/\/aseopereira.gov.co\/wp-content\/uploads\/2024\/11\/Organigrama2021-1024x613.png 1024w, https:\/\/aseopereira.gov.co\/wp-content\/uploads\/2024\/11\/Organigrama2021-300x180.png 300w, https:\/\/aseopereira.gov.co\/wp-content\/uploads\/2024\/11\/Organigrama2021-768x460.png 768w, https:\/\/aseopereira.gov.co\/wp-content\/uploads\/2024\/11\/Organigrama2021.png 1387w\" sizes=\"(max-width: 1024px) 100vw, 1024px\" \/>\t\t\t\t\t\t\t\t\t\t\t\t\t\t\t<\/div>\n\t\t\t\t<\/div>\n\t\t\t\t<\/div>\n\t\t\t\t\t<\/div>\n\t\t\t\t<\/div>\n\t\t\t\t<\/div>\n\t\t","protected":false},"excerpt":{"rendered":"<p>Organigrama Descripci\u00f3n de la Estructura Org\u00e1nica Procesos Estrat\u00e9gico:\u00a0Hace parte Gerencia y Direcci\u00f3n de Planeaci\u00f3n Procesos Misionales:\u00a0Hace parte Direcci\u00f3n Gesti\u00f3n Operativa, donde se encuentra los subprocesos de Jefatura de Interventor\u00eda Comercial, Jefatura Interventor\u00eda Barrido Recolecci\u00f3n y Transporte, Vig\u00edas Ambientales y Disposici\u00f3n Final. Procesos de Apoyo:\u00a0Hace parte de la Jefatura Oficina Contable, Jefatura Oficina de Recursos, Asesor\u00eda [&hellip;]<\/p>\n","protected":false},"author":1,"featured_media":0,"parent":30,"menu_order":0,"comment_status":"closed","ping_status":"closed","template":"elementor_header_footer","meta":{"footnotes":""},"class_list":["post-59","page","type-page","status-publish","hentry","entry"],"_links":{"self":[{"href":"https:\/\/aseopereira.gov.co\/index.php\/wp-json\/wp\/v2\/pages\/59","targetHints":{"allow":["GET"]}}],"collection":[{"href":"https:\/\/aseopereira.gov.co\/index.php\/wp-json\/wp\/v2\/pages"}],"about":[{"href":"https:\/\/aseopereira.gov.co\/index.php\/wp-json\/wp\/v2\/types\/page"}],"author":[{"embeddable":true,"href":"https:\/\/aseopereira.gov.co\/index.php\/wp-json\/wp\/v2\/users\/1"}],"replies":[{"embeddable":true,"href":"https:\/\/aseopereira.gov.co\/index.php\/wp-json\/wp\/v2\/comments?post=59"}],"version-history":[{"count":7,"href":"https:\/\/aseopereira.gov.co\/index.php\/wp-json\/wp\/v2\/pages\/59\/revisions"}],"predecessor-version":[{"id":526,"href":"https:\/\/aseopereira.gov.co\/index.php\/wp-json\/wp\/v2\/pages\/59\/revisions\/526"}],"up":[{"embeddable":true,"href":"https:\/\/aseopereira.gov.co\/index.php\/wp-json\/wp\/v2\/pages\/30"}],"wp:attachment":[{"href":"https:\/\/aseopereira.gov.co\/index.php\/wp-json\/wp\/v2\/media?parent=59"}],"curies":[{"name":"wp","href":"https:\/\/api.w.org\/{rel}","templated":true}]}}