{"id":55,"date":"2024-11-18T20:04:55","date_gmt":"2024-11-18T20:04:55","guid":{"rendered":"https:\/\/aseopereira.gov.co\/?page_id=55"},"modified":"2024-11-27T00:09:14","modified_gmt":"2024-11-27T00:09:14","slug":"control-social","status":"publish","type":"page","link":"https:\/\/aseopereira.gov.co\/index.php\/participa\/control-social\/","title":{"rendered":"Control social"},"content":{"rendered":"\t\t<div data-elementor-type=\"wp-page\" data-elementor-id=\"55\" class=\"elementor elementor-55\" data-elementor-post-type=\"page\">\n\t\t\t\t<div class=\"elementor-element elementor-element-d0b15d6 e-flex e-con-boxed e-con e-parent\" data-id=\"d0b15d6\" data-element_type=\"container\" data-e-type=\"container\">\n\t\t\t\t\t<div class=\"e-con-inner\">\n\t\t\t\t<div class=\"elementor-element elementor-element-ffeb512 elementor-widget elementor-widget-elementskit-heading\" data-id=\"ffeb512\" data-element_type=\"widget\" data-e-type=\"widget\" data-widget_type=\"elementskit-heading.default\">\n\t\t\t\t<div class=\"elementor-widget-container\">\n\t\t\t\t\t<div class=\"ekit-wid-con\" ><div class=\"ekit-heading elementskit-section-title-wraper text_center   ekit_heading_tablet-   ekit_heading_mobile-\"><h2 class=\"ekit-heading--title elementskit-section-title \">Control social<\/h2><\/div><\/div>\t\t\t\t<\/div>\n\t\t\t\t<\/div>\n\t\t\t\t<div class=\"elementor-element elementor-element-4346d6d elementor-widget elementor-widget-elementskit-heading\" data-id=\"4346d6d\" data-element_type=\"widget\" data-e-type=\"widget\" data-widget_type=\"elementskit-heading.default\">\n\t\t\t\t<div class=\"elementor-widget-container\">\n\t\t\t\t\t<div class=\"ekit-wid-con\" ><div class=\"ekit-heading elementskit-section-title-wraper text_left   ekit_heading_tablet-   ekit_heading_mobile-\"><h2 class=\"ekit-heading--title elementskit-section-title \"><span><span>Control<\/span><\/span> Social<\/h2><\/div><\/div>\t\t\t\t<\/div>\n\t\t\t\t<\/div>\n\t\t\t\t\t<\/div>\n\t\t\t\t<\/div>\n\t\t<div class=\"elementor-element elementor-element-4b3a71a e-flex e-con-boxed e-con e-parent\" data-id=\"4b3a71a\" data-element_type=\"container\" data-e-type=\"container\">\n\t\t\t\t\t<div class=\"e-con-inner\">\n\t\t<div class=\"elementor-element elementor-element-4874d2f e-con-full e-flex e-con e-child\" data-id=\"4874d2f\" data-element_type=\"container\" data-e-type=\"container\">\n\t\t\t\t<div class=\"elementor-element elementor-element-a8eb715 elementor-widget elementor-widget-text-editor\" data-id=\"a8eb715\" data-element_type=\"widget\" data-e-type=\"widget\" data-widget_type=\"text-editor.default\">\n\t\t\t\t<div class=\"elementor-widget-container\">\n\t\t\t\t\t\t\t\t\t<p style=\"font-weight: 400;\">El Control Social es el derecho y el deber de los ciudadanos a participar, de manera individual o a trav\u00e9s de sus organizaciones, redes sociales e instituciones, en la vigilancia de la gesti\u00f3n p\u00fablica y sus resultados para la correcta utilizaci\u00f3n de los recursos y bienes p\u00fablicos. (art\u00edculos 60, 61 y 63 de la\u00a0<a href=\"https:\/\/www.funcionpublica.gov.co\/eva\/gestornormativo\/norma.php?i=65335\">Ley 1757 de 2015<\/a>).<\/p><p style=\"font-weight: 400;\">Se entiende por Veedur\u00eda Ciudadana el mecanismo democr\u00e1tico de representaci\u00f3n que le permite a los ciudadanos o a las diferentes organizaciones comunitarias ejercer vigilancia sobre la gesti\u00f3n p\u00fablica, a las autoridades administrativas, pol\u00edticas, judiciales, electorales, legislativas y \u00f3rganos de control, as\u00ed como de las entidades p\u00fablicas o privadas, organizaciones no gubernamentales de car\u00e1cter nacional o internacional que operen en el pa\u00eds y que est\u00e9n encargadas de la ejecuci\u00f3n de un programa, proyecto, contrato o de la prestaci\u00f3n de un servicio p\u00fablico. Para conocer m\u00e1s informaci\u00f3n sobre el funcionamiento de las veedur\u00edas, ver la Ley 850 de 2003.<\/p>\t\t\t\t\t\t\t\t<\/div>\n\t\t\t\t<\/div>\n\t\t\t\t<\/div>\n\t\t<div class=\"elementor-element elementor-element-8e1ca6d e-con-full e-flex e-con e-child\" data-id=\"8e1ca6d\" data-element_type=\"container\" data-e-type=\"container\">\n\t\t\t\t<div class=\"elementor-element elementor-element-347f822 elementor-widget elementor-widget-image\" data-id=\"347f822\" data-element_type=\"widget\" data-e-type=\"widget\" data-widget_type=\"image.default\">\n\t\t\t\t<div class=\"elementor-widget-container\">\n\t\t\t\t\t\t\t\t\t\t\t\t\t\t\t<img fetchpriority=\"high\" decoding=\"async\" width=\"1024\" height=\"682\" src=\"https:\/\/aseopereira.gov.co\/wp-content\/uploads\/2024\/11\/concepto-exito-empresarial-vista-superior-mesa-madera-manos-protegiendo-figuras-madera-personas_176474-9273-1024x682.webp\" class=\"attachment-large size-large wp-image-425\" alt=\"\" srcset=\"https:\/\/aseopereira.gov.co\/wp-content\/uploads\/2024\/11\/concepto-exito-empresarial-vista-superior-mesa-madera-manos-protegiendo-figuras-madera-personas_176474-9273-1024x682.webp 1024w, https:\/\/aseopereira.gov.co\/wp-content\/uploads\/2024\/11\/concepto-exito-empresarial-vista-superior-mesa-madera-manos-protegiendo-figuras-madera-personas_176474-9273-300x200.webp 300w, https:\/\/aseopereira.gov.co\/wp-content\/uploads\/2024\/11\/concepto-exito-empresarial-vista-superior-mesa-madera-manos-protegiendo-figuras-madera-personas_176474-9273-768x512.webp 768w, https:\/\/aseopereira.gov.co\/wp-content\/uploads\/2024\/11\/concepto-exito-empresarial-vista-superior-mesa-madera-manos-protegiendo-figuras-madera-personas_176474-9273.webp 1480w\" sizes=\"(max-width: 1024px) 100vw, 1024px\" \/>\t\t\t\t\t\t\t\t\t\t\t\t\t\t\t<\/div>\n\t\t\t\t<\/div>\n\t\t\t\t<\/div>\n\t\t\t\t\t<\/div>\n\t\t\t\t<\/div>\n\t\t<div class=\"elementor-element elementor-element-e8b2106 e-flex e-con-boxed e-con e-parent\" data-id=\"e8b2106\" data-element_type=\"container\" data-e-type=\"container\">\n\t\t\t\t\t<div class=\"e-con-inner\">\n\t\t\t\t<div class=\"elementor-element elementor-element-814d9fa elementor-widget elementor-widget-elementskit-heading\" data-id=\"814d9fa\" data-element_type=\"widget\" data-e-type=\"widget\" data-widget_type=\"elementskit-heading.default\">\n\t\t\t\t<div class=\"elementor-widget-container\">\n\t\t\t\t\t<div class=\"ekit-wid-con\" ><div class=\"ekit-heading elementskit-section-title-wraper text_center   ekit_heading_tablet-   ekit_heading_mobile-\"><h2 class=\"ekit-heading--title elementskit-section-title \"><span><span>Contrataci\u00f3n<\/span><\/span> <\/h2><\/div><\/div>\t\t\t\t<\/div>\n\t\t\t\t<\/div>\n\t\t\t\t\t<\/div>\n\t\t\t\t<\/div>\n\t\t<div class=\"elementor-element elementor-element-ecf617a e-flex e-con-boxed e-con e-parent\" data-id=\"ecf617a\" data-element_type=\"container\" data-e-type=\"container\">\n\t\t\t\t\t<div class=\"e-con-inner\">\n\t\t\t\t<div class=\"elementor-element elementor-element-03b3dbb elementor-widget elementor-widget-text-editor\" data-id=\"03b3dbb\" data-element_type=\"widget\" data-e-type=\"widget\" data-widget_type=\"text-editor.default\">\n\t\t\t\t<div class=\"elementor-widget-container\">\n\t\t\t\t\t\t\t\t\t<p style=\"font-weight: 400;\">La ciudadan\u00eda en general puede consultar la contrataci\u00f3n de la entidad en el\u00a0<a href=\"https:\/\/www.contratos.gov.co\/consultas\/resultadoListadoProcesos.jsp\">Secop I<\/a><\/p><p style=\"font-weight: 400;\"><a href=\"https:\/\/www.aseopereira.gov.co\/sites\/default\/files\/pdfs\/3\/3.4\/MANUAL-DE-CONTRATACION.html\">Manual de contrataci\u00f3n de la Empresa de Aseo de Pereira S.A.S. ESP<\/a><\/p><p style=\"font-weight: 400;\">Para denuncias, puede instaurarlas en nuestro sistema de\u00a0<a href=\"https:\/\/www.aseopereira.gov.co\/pqrsdf.html\">PQRSD<\/a><\/p>\t\t\t\t\t\t\t\t<\/div>\n\t\t\t\t<\/div>\n\t\t\t\t\t<\/div>\n\t\t\t\t<\/div>\n\t\t\t\t<\/div>\n\t\t","protected":false},"excerpt":{"rendered":"<p>Control social Control Social El Control Social es el derecho y el deber de los ciudadanos a participar, de manera individual o a trav\u00e9s de sus organizaciones, redes sociales e instituciones, en la vigilancia de la gesti\u00f3n p\u00fablica y sus resultados para la correcta utilizaci\u00f3n de los recursos y bienes p\u00fablicos. (art\u00edculos 60, 61 y [&hellip;]<\/p>\n","protected":false},"author":1,"featured_media":0,"parent":28,"menu_order":0,"comment_status":"closed","ping_status":"closed","template":"elementor_header_footer","meta":{"footnotes":""},"class_list":["post-55","page","type-page","status-publish","hentry","entry"],"_links":{"self":[{"href":"https:\/\/aseopereira.gov.co\/index.php\/wp-json\/wp\/v2\/pages\/55","targetHints":{"allow":["GET"]}}],"collection":[{"href":"https:\/\/aseopereira.gov.co\/index.php\/wp-json\/wp\/v2\/pages"}],"about":[{"href":"https:\/\/aseopereira.gov.co\/index.php\/wp-json\/wp\/v2\/types\/page"}],"author":[{"embeddable":true,"href":"https:\/\/aseopereira.gov.co\/index.php\/wp-json\/wp\/v2\/users\/1"}],"replies":[{"embeddable":true,"href":"https:\/\/aseopereira.gov.co\/index.php\/wp-json\/wp\/v2\/comments?post=55"}],"version-history":[{"count":10,"href":"https:\/\/aseopereira.gov.co\/index.php\/wp-json\/wp\/v2\/pages\/55\/revisions"}],"predecessor-version":[{"id":490,"href":"https:\/\/aseopereira.gov.co\/index.php\/wp-json\/wp\/v2\/pages\/55\/revisions\/490"}],"up":[{"embeddable":true,"href":"https:\/\/aseopereira.gov.co\/index.php\/wp-json\/wp\/v2\/pages\/28"}],"wp:attachment":[{"href":"https:\/\/aseopereira.gov.co\/index.php\/wp-json\/wp\/v2\/media?parent=55"}],"curies":[{"name":"wp","href":"https:\/\/api.w.org\/{rel}","templated":true}]}}