{"id":53,"date":"2024-11-18T20:04:22","date_gmt":"2024-11-18T20:04:22","guid":{"rendered":"https:\/\/aseopereira.gov.co\/?page_id=53"},"modified":"2024-12-23T15:35:37","modified_gmt":"2024-12-23T15:35:37","slug":"rendicion-de-cuentas","status":"publish","type":"page","link":"https:\/\/aseopereira.gov.co\/index.php\/participa\/rendicion-de-cuentas\/","title":{"rendered":"Rendici\u00f3n de cuentas"},"content":{"rendered":"\t\t<div data-elementor-type=\"wp-page\" data-elementor-id=\"53\" class=\"elementor elementor-53\" data-elementor-post-type=\"page\">\n\t\t\t\t<div class=\"elementor-element elementor-element-6fd2298 e-flex e-con-boxed e-con e-parent\" data-id=\"6fd2298\" data-element_type=\"container\" data-e-type=\"container\">\n\t\t\t\t\t<div class=\"e-con-inner\">\n\t\t\t\t<div class=\"elementor-element elementor-element-dc249c7 elementor-widget elementor-widget-elementskit-heading\" data-id=\"dc249c7\" data-element_type=\"widget\" data-e-type=\"widget\" data-widget_type=\"elementskit-heading.default\">\n\t\t\t\t<div class=\"elementor-widget-container\">\n\t\t\t\t\t<div class=\"ekit-wid-con\" ><div class=\"ekit-heading elementskit-section-title-wraper text_center   ekit_heading_tablet-   ekit_heading_mobile-\"><h2 class=\"ekit-heading--title elementskit-section-title \">Rendici\u00f3n de cuentas<\/h2><\/div><\/div>\t\t\t\t<\/div>\n\t\t\t\t<\/div>\n\t\t\t\t<div class=\"elementor-element elementor-element-61b803a elementor-widget elementor-widget-elementskit-heading\" data-id=\"61b803a\" data-element_type=\"widget\" data-e-type=\"widget\" data-widget_type=\"elementskit-heading.default\">\n\t\t\t\t<div class=\"elementor-widget-container\">\n\t\t\t\t\t<div class=\"ekit-wid-con\" ><div class=\"ekit-heading elementskit-section-title-wraper text_left   ekit_heading_tablet-   ekit_heading_mobile-\"><h2 class=\"ekit-heading--title elementskit-section-title \"><span><span>Rendici\u00f3n<\/span><\/span> de cuentas<\/h2><\/div><\/div>\t\t\t\t<\/div>\n\t\t\t\t<\/div>\n\t\t\t\t\t<\/div>\n\t\t\t\t<\/div>\n\t\t<div class=\"elementor-element elementor-element-64697ea e-flex e-con-boxed e-con e-parent\" data-id=\"64697ea\" data-element_type=\"container\" data-e-type=\"container\">\n\t\t\t\t\t<div class=\"e-con-inner\">\n\t\t<div class=\"elementor-element elementor-element-766828c e-con-full e-flex e-con e-child\" data-id=\"766828c\" data-element_type=\"container\" data-e-type=\"container\">\n\t\t\t\t<div class=\"elementor-element elementor-element-dc8afb9 elementor-widget elementor-widget-text-editor\" data-id=\"dc8afb9\" data-element_type=\"widget\" data-e-type=\"widget\" data-widget_type=\"text-editor.default\">\n\t\t\t\t<div class=\"elementor-widget-container\">\n\t\t\t\t\t\t\t\t\t<p style=\"font-weight: 400;\">La\u00a0<b><strong>Rendici\u00f3n de Cuentas<\/strong><\/b>\u00a0es el proceso conformado por un conjunto de normas, procedimientos, metodolog\u00edas, estructuras, pr\u00e1cticas y resultados mediante los que las entidades de la administraci\u00f3n p\u00fablica del nivel nacional y territorial y los servidores p\u00fablicos informan, explican y dan a conocer los resultados de su gesti\u00f3n a los ciudadanos, la sociedad civil, otras entidades p\u00fablicas y a los organismos de control a partir de la promoci\u00f3n del di\u00e1logo.<\/p><p style=\"font-weight: 400;\">Se puede consultar la informaci\u00f3n de rendici\u00f3n de cuentas de la entidad en la secci\u00f3n\u00a0<a href=\"https:\/\/www.aseopereira.gov.co\/rendicion-de-cuentas-la-ciudadania.html\">Rendici\u00f3n de cuentas<\/a><\/p>\t\t\t\t\t\t\t\t<\/div>\n\t\t\t\t<\/div>\n\t\t\t\t<div class=\"elementor-element elementor-element-54104f2 elementor-align-left elementor-widget elementor-widget-elementskit-button\" data-id=\"54104f2\" data-element_type=\"widget\" data-e-type=\"widget\" data-widget_type=\"elementskit-button.default\">\n\t\t\t\t<div class=\"elementor-widget-container\">\n\t\t\t\t\t<div class=\"ekit-wid-con\" >\t\t<div class=\"ekit-btn-wraper\">\n\t\t\t\t\t\t\t<a href=\"https:\/\/aseopereira.gov.co\/wp-content\/uploads\/2024\/12\/rendicion_cuentas_2024.pdf\" class=\"elementskit-btn  whitespace--normal\" id=\"\">\n\t\t\t\t\tRendici\u00f3n de cuentas 2024\t\t\t\t<\/a>\n\t\t\t\t\t<\/div>\n        <\/div>\t\t\t\t<\/div>\n\t\t\t\t<\/div>\n\t\t\t\t<\/div>\n\t\t<div class=\"elementor-element elementor-element-37faeb3 e-con-full e-flex e-con e-child\" data-id=\"37faeb3\" data-element_type=\"container\" data-e-type=\"container\">\n\t\t\t\t<div class=\"elementor-element elementor-element-6ec5350 elementor-widget elementor-widget-image\" data-id=\"6ec5350\" data-element_type=\"widget\" data-e-type=\"widget\" data-widget_type=\"image.default\">\n\t\t\t\t<div class=\"elementor-widget-container\">\n\t\t\t\t\t\t\t\t\t\t\t\t\t\t\t<img fetchpriority=\"high\" decoding=\"async\" width=\"1024\" height=\"347\" src=\"https:\/\/aseopereira.gov.co\/wp-content\/uploads\/2024\/12\/banner_rendicio_de_cuentas-1-1024x347.png\" class=\"attachment-large size-large wp-image-936\" alt=\"\" srcset=\"https:\/\/aseopereira.gov.co\/wp-content\/uploads\/2024\/12\/banner_rendicio_de_cuentas-1-1024x347.png 1024w, https:\/\/aseopereira.gov.co\/wp-content\/uploads\/2024\/12\/banner_rendicio_de_cuentas-1-300x102.png 300w, https:\/\/aseopereira.gov.co\/wp-content\/uploads\/2024\/12\/banner_rendicio_de_cuentas-1-768x260.png 768w, https:\/\/aseopereira.gov.co\/wp-content\/uploads\/2024\/12\/banner_rendicio_de_cuentas-1-1536x520.png 1536w, https:\/\/aseopereira.gov.co\/wp-content\/uploads\/2024\/12\/banner_rendicio_de_cuentas-1-2048x694.png 2048w\" sizes=\"(max-width: 1024px) 100vw, 1024px\" \/>\t\t\t\t\t\t\t\t\t\t\t\t\t\t\t<\/div>\n\t\t\t\t<\/div>\n\t\t\t\t<\/div>\n\t\t\t\t\t<\/div>\n\t\t\t\t<\/div>\n\t\t\t\t<\/div>\n\t\t","protected":false},"excerpt":{"rendered":"<p>Rendici\u00f3n de cuentas Rendici\u00f3n de cuentas La\u00a0Rendici\u00f3n de Cuentas\u00a0es el proceso conformado por un conjunto de normas, procedimientos, metodolog\u00edas, estructuras, pr\u00e1cticas y resultados mediante los que las entidades de la administraci\u00f3n p\u00fablica del nivel nacional y territorial y los servidores p\u00fablicos informan, explican y dan a conocer los resultados de su gesti\u00f3n a los ciudadanos, [&hellip;]<\/p>\n","protected":false},"author":1,"featured_media":0,"parent":28,"menu_order":0,"comment_status":"closed","ping_status":"closed","template":"elementor_header_footer","meta":{"footnotes":""},"class_list":["post-53","page","type-page","status-publish","hentry","entry"],"_links":{"self":[{"href":"https:\/\/aseopereira.gov.co\/index.php\/wp-json\/wp\/v2\/pages\/53","targetHints":{"allow":["GET"]}}],"collection":[{"href":"https:\/\/aseopereira.gov.co\/index.php\/wp-json\/wp\/v2\/pages"}],"about":[{"href":"https:\/\/aseopereira.gov.co\/index.php\/wp-json\/wp\/v2\/types\/page"}],"author":[{"embeddable":true,"href":"https:\/\/aseopereira.gov.co\/index.php\/wp-json\/wp\/v2\/users\/1"}],"replies":[{"embeddable":true,"href":"https:\/\/aseopereira.gov.co\/index.php\/wp-json\/wp\/v2\/comments?post=53"}],"version-history":[{"count":19,"href":"https:\/\/aseopereira.gov.co\/index.php\/wp-json\/wp\/v2\/pages\/53\/revisions"}],"predecessor-version":[{"id":951,"href":"https:\/\/aseopereira.gov.co\/index.php\/wp-json\/wp\/v2\/pages\/53\/revisions\/951"}],"up":[{"embeddable":true,"href":"https:\/\/aseopereira.gov.co\/index.php\/wp-json\/wp\/v2\/pages\/28"}],"wp:attachment":[{"href":"https:\/\/aseopereira.gov.co\/index.php\/wp-json\/wp\/v2\/media?parent=53"}],"curies":[{"name":"wp","href":"https:\/\/api.w.org\/{rel}","templated":true}]}}