{"id":51,"date":"2024-11-18T20:03:38","date_gmt":"2024-11-18T20:03:38","guid":{"rendered":"https:\/\/aseopereira.gov.co\/?page_id=51"},"modified":"2024-11-27T00:00:57","modified_gmt":"2024-11-27T00:00:57","slug":"colaboracion-e-innovacion","status":"publish","type":"page","link":"https:\/\/aseopereira.gov.co\/index.php\/participa\/colaboracion-e-innovacion\/","title":{"rendered":"Consulta Ciudadana"},"content":{"rendered":"\t\t<div data-elementor-type=\"wp-page\" data-elementor-id=\"51\" class=\"elementor elementor-51\" data-elementor-post-type=\"page\">\n\t\t\t\t<div class=\"elementor-element elementor-element-45fedae e-flex e-con-boxed e-con e-parent\" data-id=\"45fedae\" data-element_type=\"container\" data-e-type=\"container\">\n\t\t\t\t\t<div class=\"e-con-inner\">\n\t\t\t\t<div class=\"elementor-element elementor-element-82fdedf elementor-widget elementor-widget-elementskit-heading\" data-id=\"82fdedf\" data-element_type=\"widget\" data-e-type=\"widget\" data-widget_type=\"elementskit-heading.default\">\n\t\t\t\t<div class=\"elementor-widget-container\">\n\t\t\t\t\t<div class=\"ekit-wid-con\" ><div class=\"ekit-heading elementskit-section-title-wraper text_center   ekit_heading_tablet-   ekit_heading_mobile-\"><h2 class=\"ekit-heading--title elementskit-section-title \">Consulta Ciudadana<\/h2><\/div><\/div>\t\t\t\t<\/div>\n\t\t\t\t<\/div>\n\t\t\t\t<div class=\"elementor-element elementor-element-1643c1a elementor-widget elementor-widget-elementskit-heading\" data-id=\"1643c1a\" data-element_type=\"widget\" data-e-type=\"widget\" data-widget_type=\"elementskit-heading.default\">\n\t\t\t\t<div class=\"elementor-widget-container\">\n\t\t\t\t\t<div class=\"ekit-wid-con\" ><div class=\"ekit-heading elementskit-section-title-wraper text_left   ekit_heading_tablet-   ekit_heading_mobile-\"><h2 class=\"ekit-heading--title elementskit-section-title \"><span><span>Consulta<\/span><\/span> Ciudadana<\/h2><\/div><\/div>\t\t\t\t<\/div>\n\t\t\t\t<\/div>\n\t\t\t\t\t<\/div>\n\t\t\t\t<\/div>\n\t\t<div class=\"elementor-element elementor-element-556cf50 e-flex e-con-boxed e-con e-parent\" data-id=\"556cf50\" data-element_type=\"container\" data-e-type=\"container\">\n\t\t\t\t\t<div class=\"e-con-inner\">\n\t\t<div class=\"elementor-element elementor-element-7bb9965 e-con-full e-flex e-con e-child\" data-id=\"7bb9965\" data-element_type=\"container\" data-e-type=\"container\">\n\t\t\t\t<div class=\"elementor-element elementor-element-787a48a elementor-widget elementor-widget-text-editor\" data-id=\"787a48a\" data-element_type=\"widget\" data-e-type=\"widget\" data-widget_type=\"text-editor.default\">\n\t\t\t\t<div class=\"elementor-widget-container\">\n\t\t\t\t\t\t\t\t\t<p>La Consulta ciudadana es un mecanismo de participaci\u00f3n que busca conocer las opiniones, sugerencias o propuestas, comentarios y aportes de los usuarios, ciudadanos y grupos de inter\u00e9s con respecto a los proyectos, normas, pol\u00edticas, programas o tr\u00e1mites adelantados por la entidad antes de la formulaci\u00f3n de los mismos o la toma de decisiones. Este mecanismo, sirve para priorizar problem\u00e1ticas o temas en rendici\u00f3n de cuentas, seleccionar o evaluar programas, obras o proyectos de inversi\u00f3n en cualquier momento del ciclo de la gesti\u00f3n p\u00fablica y para la mejora de tr\u00e1mites y disposiciones legales.<\/p><p>Para la Empresa de Aseo de Pereira S.A.S. ESP es importante conocer las opiniones y propuestas de la ciudadan\u00eda que permitan la formulaci\u00f3n de planes, proyectos y productos institucionales con criterios de inclusi\u00f3n, participaci\u00f3n y valor p\u00fablico, para lo cual disponemos de distintos canales de comunicaci\u00f3n, incluyendo el\u00a0<a href=\"https:\/\/www.aseopereira.gov.co\/buzon-de-sugerencia.html\">Buz\u00f3n de Sugerencias<\/a><\/p>\t\t\t\t\t\t\t\t<\/div>\n\t\t\t\t<\/div>\n\t\t\t\t<\/div>\n\t\t<div class=\"elementor-element elementor-element-63ce30c e-con-full e-flex e-con e-child\" data-id=\"63ce30c\" data-element_type=\"container\" data-e-type=\"container\">\n\t\t\t\t<div class=\"elementor-element elementor-element-92c0cb1 elementor-widget elementor-widget-image\" data-id=\"92c0cb1\" data-element_type=\"widget\" data-e-type=\"widget\" data-widget_type=\"image.default\">\n\t\t\t\t<div class=\"elementor-widget-container\">\n\t\t\t\t\t\t\t\t\t\t\t\t\t\t\t<img fetchpriority=\"high\" decoding=\"async\" width=\"1024\" height=\"682\" src=\"https:\/\/aseopereira.gov.co\/wp-content\/uploads\/2024\/11\/comunicacion-tecnologia-selectivo-foco-ciencia-internet-primer-plano_1421-252-1024x682.webp\" class=\"attachment-large size-large wp-image-426\" alt=\"\" srcset=\"https:\/\/aseopereira.gov.co\/wp-content\/uploads\/2024\/11\/comunicacion-tecnologia-selectivo-foco-ciencia-internet-primer-plano_1421-252-1024x682.webp 1024w, https:\/\/aseopereira.gov.co\/wp-content\/uploads\/2024\/11\/comunicacion-tecnologia-selectivo-foco-ciencia-internet-primer-plano_1421-252-300x200.webp 300w, https:\/\/aseopereira.gov.co\/wp-content\/uploads\/2024\/11\/comunicacion-tecnologia-selectivo-foco-ciencia-internet-primer-plano_1421-252-768x512.webp 768w, https:\/\/aseopereira.gov.co\/wp-content\/uploads\/2024\/11\/comunicacion-tecnologia-selectivo-foco-ciencia-internet-primer-plano_1421-252.webp 1480w\" sizes=\"(max-width: 1024px) 100vw, 1024px\" \/>\t\t\t\t\t\t\t\t\t\t\t\t\t\t\t<\/div>\n\t\t\t\t<\/div>\n\t\t\t\t<\/div>\n\t\t\t\t\t<\/div>\n\t\t\t\t<\/div>\n\t\t\t\t<\/div>\n\t\t","protected":false},"excerpt":{"rendered":"<p>Consulta Ciudadana Consulta Ciudadana La Consulta ciudadana es un mecanismo de participaci\u00f3n que busca conocer las opiniones, sugerencias o propuestas, comentarios y aportes de los usuarios, ciudadanos y grupos de inter\u00e9s con respecto a los proyectos, normas, pol\u00edticas, programas o tr\u00e1mites adelantados por la entidad antes de la formulaci\u00f3n de los mismos o la toma [&hellip;]<\/p>\n","protected":false},"author":1,"featured_media":0,"parent":28,"menu_order":0,"comment_status":"closed","ping_status":"closed","template":"elementor_header_footer","meta":{"footnotes":""},"class_list":["post-51","page","type-page","status-publish","hentry","entry"],"_links":{"self":[{"href":"https:\/\/aseopereira.gov.co\/index.php\/wp-json\/wp\/v2\/pages\/51","targetHints":{"allow":["GET"]}}],"collection":[{"href":"https:\/\/aseopereira.gov.co\/index.php\/wp-json\/wp\/v2\/pages"}],"about":[{"href":"https:\/\/aseopereira.gov.co\/index.php\/wp-json\/wp\/v2\/types\/page"}],"author":[{"embeddable":true,"href":"https:\/\/aseopereira.gov.co\/index.php\/wp-json\/wp\/v2\/users\/1"}],"replies":[{"embeddable":true,"href":"https:\/\/aseopereira.gov.co\/index.php\/wp-json\/wp\/v2\/comments?post=51"}],"version-history":[{"count":7,"href":"https:\/\/aseopereira.gov.co\/index.php\/wp-json\/wp\/v2\/pages\/51\/revisions"}],"predecessor-version":[{"id":473,"href":"https:\/\/aseopereira.gov.co\/index.php\/wp-json\/wp\/v2\/pages\/51\/revisions\/473"}],"up":[{"embeddable":true,"href":"https:\/\/aseopereira.gov.co\/index.php\/wp-json\/wp\/v2\/pages\/28"}],"wp:attachment":[{"href":"https:\/\/aseopereira.gov.co\/index.php\/wp-json\/wp\/v2\/media?parent=51"}],"curies":[{"name":"wp","href":"https:\/\/api.w.org\/{rel}","templated":true}]}}