{"id":49,"date":"2024-11-18T20:02:50","date_gmt":"2024-11-18T20:02:50","guid":{"rendered":"https:\/\/aseopereira.gov.co\/?page_id=49"},"modified":"2024-11-27T00:00:24","modified_gmt":"2024-11-27T00:00:24","slug":"consulta-ciudadana","status":"publish","type":"page","link":"https:\/\/aseopereira.gov.co\/index.php\/participa\/consulta-ciudadana\/","title":{"rendered":"Colaboraci\u00f3n e innovaci\u00f3n"},"content":{"rendered":"\t\t<div data-elementor-type=\"wp-page\" data-elementor-id=\"49\" class=\"elementor elementor-49\" data-elementor-post-type=\"page\">\n\t\t\t\t<div class=\"elementor-element elementor-element-b0a58e1 e-flex e-con-boxed e-con e-parent\" data-id=\"b0a58e1\" data-element_type=\"container\" data-e-type=\"container\">\n\t\t\t\t\t<div class=\"e-con-inner\">\n\t\t\t\t<div class=\"elementor-element elementor-element-403bd13 elementor-widget elementor-widget-elementskit-heading\" data-id=\"403bd13\" data-element_type=\"widget\" data-e-type=\"widget\" data-widget_type=\"elementskit-heading.default\">\n\t\t\t\t<div class=\"elementor-widget-container\">\n\t\t\t\t\t<div class=\"ekit-wid-con\" ><div class=\"ekit-heading elementskit-section-title-wraper text_center   ekit_heading_tablet-   ekit_heading_mobile-\"><h2 class=\"ekit-heading--title elementskit-section-title \">Colaboraci\u00f3n e Innovaci\u00f3n<\/h2><\/div><\/div>\t\t\t\t<\/div>\n\t\t\t\t<\/div>\n\t\t\t\t<div class=\"elementor-element elementor-element-47e78d6 elementor-widget elementor-widget-elementskit-heading\" data-id=\"47e78d6\" data-element_type=\"widget\" data-e-type=\"widget\" data-widget_type=\"elementskit-heading.default\">\n\t\t\t\t<div class=\"elementor-widget-container\">\n\t\t\t\t\t<div class=\"ekit-wid-con\" ><div class=\"ekit-heading elementskit-section-title-wraper text_left   ekit_heading_tablet-   ekit_heading_mobile-\"><h2 class=\"ekit-heading--title elementskit-section-title \"><span><span>Colaboraci\u00f3n<\/span><\/span> e Innovaci\u00f3n<\/h2><\/div><\/div>\t\t\t\t<\/div>\n\t\t\t\t<\/div>\n\t\t\t\t\t<\/div>\n\t\t\t\t<\/div>\n\t\t<div class=\"elementor-element elementor-element-6ac30c0 e-flex e-con-boxed e-con e-parent\" data-id=\"6ac30c0\" data-element_type=\"container\" data-e-type=\"container\">\n\t\t\t\t\t<div class=\"e-con-inner\">\n\t\t<div class=\"elementor-element elementor-element-84a3058 e-con-full e-flex e-con e-child\" data-id=\"84a3058\" data-element_type=\"container\" data-e-type=\"container\">\n\t\t\t\t<div class=\"elementor-element elementor-element-3c2ca5a elementor-widget elementor-widget-text-editor\" data-id=\"3c2ca5a\" data-element_type=\"widget\" data-e-type=\"widget\" data-widget_type=\"text-editor.default\">\n\t\t\t\t<div class=\"elementor-widget-container\">\n\t\t\t\t\t\t\t\t\t<p style=\"font-weight: 400;\">La Colaboraci\u00f3n e Innovaci\u00f3n es entendida como la interacci\u00f3n con la ciudadan\u00eda para la b\u00fasqueda de soluciones a problem\u00e1ticas p\u00fablicas con el conocimiento de los grupos de valor y as\u00ed resolver los desaf\u00edos de las entidades, de modo que se establezcan redes de cooperaci\u00f3n y sinergias que permitan comprender las problem\u00e1ticas o necesidades de una poblaci\u00f3n particular, abrir canales para recibir ideas y propuestas de soluci\u00f3n y lograr la selecci\u00f3n final de las m\u00e1s viables.<\/p><p style=\"font-weight: 400;\">En la Empresa de Aseo de Pereira S.A.S. ESP siempre tenemos disponibles nuestros canales de acceso a la comunidad para recibir sus ideas y propuestas ante las problem\u00e1ticas encontradas.<\/p><p>\u00a0<\/p>\t\t\t\t\t\t\t\t<\/div>\n\t\t\t\t<\/div>\n\t\t\t\t<\/div>\n\t\t<div class=\"elementor-element elementor-element-0f87f76 e-con-full e-flex e-con e-child\" data-id=\"0f87f76\" data-element_type=\"container\" data-e-type=\"container\">\n\t\t\t\t<div class=\"elementor-element elementor-element-4eb662f elementor-widget elementor-widget-image\" data-id=\"4eb662f\" data-element_type=\"widget\" data-e-type=\"widget\" data-widget_type=\"image.default\">\n\t\t\t\t<div class=\"elementor-widget-container\">\n\t\t\t\t\t\t\t\t\t\t\t\t\t\t\t<img fetchpriority=\"high\" decoding=\"async\" width=\"1024\" height=\"682\" src=\"https:\/\/aseopereira.gov.co\/wp-content\/uploads\/2024\/11\/grupo-personas-trabajando-plan-negocios-oficina_1303-15861-1024x682.webp\" class=\"attachment-large size-large wp-image-424\" alt=\"\" srcset=\"https:\/\/aseopereira.gov.co\/wp-content\/uploads\/2024\/11\/grupo-personas-trabajando-plan-negocios-oficina_1303-15861-1024x682.webp 1024w, https:\/\/aseopereira.gov.co\/wp-content\/uploads\/2024\/11\/grupo-personas-trabajando-plan-negocios-oficina_1303-15861-300x200.webp 300w, https:\/\/aseopereira.gov.co\/wp-content\/uploads\/2024\/11\/grupo-personas-trabajando-plan-negocios-oficina_1303-15861-768x512.webp 768w, https:\/\/aseopereira.gov.co\/wp-content\/uploads\/2024\/11\/grupo-personas-trabajando-plan-negocios-oficina_1303-15861.webp 1480w\" sizes=\"(max-width: 1024px) 100vw, 1024px\" \/>\t\t\t\t\t\t\t\t\t\t\t\t\t\t\t<\/div>\n\t\t\t\t<\/div>\n\t\t\t\t<\/div>\n\t\t\t\t\t<\/div>\n\t\t\t\t<\/div>\n\t\t\t\t<\/div>\n\t\t","protected":false},"excerpt":{"rendered":"<p>Colaboraci\u00f3n e Innovaci\u00f3n Colaboraci\u00f3n e Innovaci\u00f3n La Colaboraci\u00f3n e Innovaci\u00f3n es entendida como la interacci\u00f3n con la ciudadan\u00eda para la b\u00fasqueda de soluciones a problem\u00e1ticas p\u00fablicas con el conocimiento de los grupos de valor y as\u00ed resolver los desaf\u00edos de las entidades, de modo que se establezcan redes de cooperaci\u00f3n y sinergias que permitan comprender [&hellip;]<\/p>\n","protected":false},"author":1,"featured_media":0,"parent":28,"menu_order":0,"comment_status":"closed","ping_status":"closed","template":"elementor_header_footer","meta":{"footnotes":""},"class_list":["post-49","page","type-page","status-publish","hentry","entry"],"_links":{"self":[{"href":"https:\/\/aseopereira.gov.co\/index.php\/wp-json\/wp\/v2\/pages\/49","targetHints":{"allow":["GET"]}}],"collection":[{"href":"https:\/\/aseopereira.gov.co\/index.php\/wp-json\/wp\/v2\/pages"}],"about":[{"href":"https:\/\/aseopereira.gov.co\/index.php\/wp-json\/wp\/v2\/types\/page"}],"author":[{"embeddable":true,"href":"https:\/\/aseopereira.gov.co\/index.php\/wp-json\/wp\/v2\/users\/1"}],"replies":[{"embeddable":true,"href":"https:\/\/aseopereira.gov.co\/index.php\/wp-json\/wp\/v2\/comments?post=49"}],"version-history":[{"count":10,"href":"https:\/\/aseopereira.gov.co\/index.php\/wp-json\/wp\/v2\/pages\/49\/revisions"}],"predecessor-version":[{"id":470,"href":"https:\/\/aseopereira.gov.co\/index.php\/wp-json\/wp\/v2\/pages\/49\/revisions\/470"}],"up":[{"embeddable":true,"href":"https:\/\/aseopereira.gov.co\/index.php\/wp-json\/wp\/v2\/pages\/28"}],"wp:attachment":[{"href":"https:\/\/aseopereira.gov.co\/index.php\/wp-json\/wp\/v2\/media?parent=49"}],"curies":[{"name":"wp","href":"https:\/\/api.w.org\/{rel}","templated":true}]}}