{"id":47,"date":"2024-11-18T20:02:20","date_gmt":"2024-11-18T20:02:20","guid":{"rendered":"https:\/\/aseopereira.gov.co\/?page_id=47"},"modified":"2024-11-26T23:50:27","modified_gmt":"2024-11-26T23:50:27","slug":"planeacion-y-presupuesto-participativo","status":"publish","type":"page","link":"https:\/\/aseopereira.gov.co\/index.php\/participa\/planeacion-y-presupuesto-participativo\/","title":{"rendered":"Planeaci\u00f3n y presupuesto participativo"},"content":{"rendered":"\t\t<div data-elementor-type=\"wp-page\" data-elementor-id=\"47\" class=\"elementor elementor-47\" data-elementor-post-type=\"page\">\n\t\t\t\t<div class=\"elementor-element elementor-element-4e8768b e-flex e-con-boxed e-con e-parent\" data-id=\"4e8768b\" data-element_type=\"container\" data-e-type=\"container\">\n\t\t\t\t\t<div class=\"e-con-inner\">\n\t\t\t\t<div class=\"elementor-element elementor-element-9ca8c17 elementor-widget elementor-widget-elementskit-heading\" data-id=\"9ca8c17\" data-element_type=\"widget\" data-e-type=\"widget\" data-widget_type=\"elementskit-heading.default\">\n\t\t\t\t<div class=\"elementor-widget-container\">\n\t\t\t\t\t<div class=\"ekit-wid-con\" ><div class=\"ekit-heading elementskit-section-title-wraper text_center   ekit_heading_tablet-   ekit_heading_mobile-\"><h2 class=\"ekit-heading--title elementskit-section-title \">Planeaci\u00f3n y Presupuesto Participativo<\/h2><\/div><\/div>\t\t\t\t<\/div>\n\t\t\t\t<\/div>\n\t\t\t\t<div class=\"elementor-element elementor-element-1f0cd59 elementor-widget elementor-widget-elementskit-heading\" data-id=\"1f0cd59\" data-element_type=\"widget\" data-e-type=\"widget\" data-widget_type=\"elementskit-heading.default\">\n\t\t\t\t<div class=\"elementor-widget-container\">\n\t\t\t\t\t<div class=\"ekit-wid-con\" ><div class=\"ekit-heading elementskit-section-title-wraper text_left   ekit_heading_tablet-   ekit_heading_mobile-\"><h2 class=\"ekit-heading--title elementskit-section-title \"><span><span>Planeaci\u00f3n y Presupuesto<\/span><\/span> Participativo<\/h2><\/div><\/div>\t\t\t\t<\/div>\n\t\t\t\t<\/div>\n\t\t\t\t\t<\/div>\n\t\t\t\t<\/div>\n\t\t<div class=\"elementor-element elementor-element-ce9cf39 e-flex e-con-boxed e-con e-parent\" data-id=\"ce9cf39\" data-element_type=\"container\" data-e-type=\"container\">\n\t\t\t\t\t<div class=\"e-con-inner\">\n\t\t<div class=\"elementor-element elementor-element-93c1023 e-con-full e-flex e-con e-child\" data-id=\"93c1023\" data-element_type=\"container\" data-e-type=\"container\">\n\t\t\t\t<div class=\"elementor-element elementor-element-7761805 elementor-widget elementor-widget-text-editor\" data-id=\"7761805\" data-element_type=\"widget\" data-e-type=\"widget\" data-widget_type=\"text-editor.default\">\n\t\t\t\t<div class=\"elementor-widget-container\">\n\t\t\t\t\t\t\t\t\t<p style=\"font-weight: 400;\"><b><strong>La planeaci\u00f3n participativa<\/strong><\/b>\u00a0es entendida como el mecanismo mediante el cual la sociedad civil decide el rumbo de las pol\u00edticas, planes, programas, proyectos o tr\u00e1mites de acuerdo con sus necesidades. La participaci\u00f3n puede darse en la delimitaci\u00f3n de los resultados e impactos esperados y en la definici\u00f3n de productos y de actividades.<\/p><p style=\"font-weight: 400;\"><b><strong>El presupuesto participativo<\/strong><\/b>\u00a0es el proceso por medio del cual la ciudadan\u00eda, a trav\u00e9s de la deliberaci\u00f3n y la construcci\u00f3n de acuerdos con el Gobierno, asignan un porcentaje de los recursos del presupuesto a programas y proyectos que consideran prioritarios en armon\u00eda con el Plan de Desarrollo. Los gobiernos locales y regionales deben promover el desarrollo de mecanismos y estrategias de participaci\u00f3n en la programaci\u00f3n de sus presupuestos. De igual forma, las entidades del nivel nacional pueden abrir posibilidades para que haya participaci\u00f3n en su proceso presupuestario facilitando informaci\u00f3n de dicho proceso en todas sus etapas, para ello, debe consultar prioridades con los grupos de inter\u00e9s y facilitar la vigilancia ciudadana.<\/p><p style=\"font-weight: 400;\">Seg\u00fan lo dispuesto en los\u00a0<a href=\"https:\/\/www.funcionpublica.gov.co\/eva\/gestornormativo\/norma.php?i=65335\">art\u00edculos 90, 91, 92 y 93 de la Ley 1757 de 2015<\/a>, son las entidades territoriales las obligadas a realizar ejercicios de presupuesto participativo, cuyos resultados son presentados ante los Consejos Regionales, Municipales y Locales de Planeaci\u00f3n, seg\u00fan sea el caso, para su inclusi\u00f3n en el presupuesto institucional.<\/p><p style=\"font-weight: 400;\">De conformidad con lo dispuesto en los referidos art\u00edculos (90, 91, 92 y 93 de la Ley 1757 de 2015), la Empresa de Aseo de Pereira S.A.S. ESP NO tiene obligaci\u00f3n en esta secci\u00f3n teniendo en cuenta lo referente a presupuesto participativo. Sin embargo, La Empresa de Aseo de Pereira S.A.S ESP, acoge los lineamientos de articulaci\u00f3n, coordinaci\u00f3n, cooperaci\u00f3n y participaci\u00f3n de todos los interesados, para la formulaci\u00f3n e implementaci\u00f3n de planes y estrategias que resuelvan las necesidades de los ciudadanos, conforme al prop\u00f3sito y misi\u00f3n de la Entidad.<\/p><p style=\"font-weight: 400;\">As\u00ed pues, La Empresa de Aseo de Pereira S.A.S ESP coloca a consideraci\u00f3n de sus grupos de valor, la\u00a0<a href=\"https:\/\/www.aseopereira.gov.co\/sites\/default\/files\/pdfs\/Planes%20institucionales%202023_0.pdf\">planeaci\u00f3n institucional<\/a>\u00a0a desarrollar en la vigencia 2024 (Planes institucionales para la vigencia 2024, tales como: Plan anticorrupci\u00f3n y de atenci\u00f3n al ciudadano, Plan institucional de capacitaciones, Programa de Bienestar e incentivos, Plan anual de vacantes y de previsi\u00f3n de recursos humanos, Plan de seguridad y salud en el trabajo, Plan institucional de archivo, Plan de seguridad y privacidad de la informaci\u00f3n y Tratamiento de riesgos de seguridad de la informaci\u00f3n). En caso de tener observaciones o comentarios, agradecemos hacerla llegar al correo\u00a0<a href=\"https:\/\/www.aseopereira.gov.co\/cdn-cgi\/l\/email-protection.html#cebea2afa0abafada7a1a08eafbdaba1beabbcaba7bcafe0a9a1b8e0ada1e0\">planeacion@aseopereira.gov.co.<\/a><\/p><p style=\"font-weight: 400;\">Adem\u00e1s, invita a participar a sus grupos de valor en la construcci\u00f3n del instrumento de planeaci\u00f3n de prevenci\u00f3n y lucha contra la corrupci\u00f3n y gesti\u00f3n de la transparencia y de las mejoras en la atenci\u00f3n a la ciudadan\u00eda,\u00a0<a href=\"https:\/\/forms.gle\/HFMiRP7U8UivTnW58\">aqu\u00ed.<\/a><\/p>\t\t\t\t\t\t\t\t<\/div>\n\t\t\t\t<\/div>\n\t\t\t\t<\/div>\n\t\t<div class=\"elementor-element elementor-element-917e74e e-con-full e-flex e-con e-child\" data-id=\"917e74e\" data-element_type=\"container\" data-e-type=\"container\">\n\t\t\t\t<div class=\"elementor-element elementor-element-35e537a elementor-widget elementor-widget-image\" data-id=\"35e537a\" data-element_type=\"widget\" data-e-type=\"widget\" data-widget_type=\"image.default\">\n\t\t\t\t<div class=\"elementor-widget-container\">\n\t\t\t\t\t\t\t\t\t\t\t\t\t\t\t<img fetchpriority=\"high\" decoding=\"async\" width=\"1024\" height=\"682\" src=\"https:\/\/aseopereira.gov.co\/wp-content\/uploads\/2024\/11\/confianza-empresaria-mediana-edad-escribiendo-etiqueta-engomada-lapiz-lluvia-ideas_74855-9748-1024x682.webp\" class=\"attachment-large size-large wp-image-427\" alt=\"\" srcset=\"https:\/\/aseopereira.gov.co\/wp-content\/uploads\/2024\/11\/confianza-empresaria-mediana-edad-escribiendo-etiqueta-engomada-lapiz-lluvia-ideas_74855-9748-1024x682.webp 1024w, https:\/\/aseopereira.gov.co\/wp-content\/uploads\/2024\/11\/confianza-empresaria-mediana-edad-escribiendo-etiqueta-engomada-lapiz-lluvia-ideas_74855-9748-300x200.webp 300w, https:\/\/aseopereira.gov.co\/wp-content\/uploads\/2024\/11\/confianza-empresaria-mediana-edad-escribiendo-etiqueta-engomada-lapiz-lluvia-ideas_74855-9748-768x512.webp 768w, https:\/\/aseopereira.gov.co\/wp-content\/uploads\/2024\/11\/confianza-empresaria-mediana-edad-escribiendo-etiqueta-engomada-lapiz-lluvia-ideas_74855-9748.webp 1480w\" sizes=\"(max-width: 1024px) 100vw, 1024px\" \/>\t\t\t\t\t\t\t\t\t\t\t\t\t\t\t<\/div>\n\t\t\t\t<\/div>\n\t\t\t\t<\/div>\n\t\t\t\t\t<\/div>\n\t\t\t\t<\/div>\n\t\t\t\t<\/div>\n\t\t","protected":false},"excerpt":{"rendered":"<p>Planeaci\u00f3n y Presupuesto Participativo Planeaci\u00f3n y Presupuesto Participativo La planeaci\u00f3n participativa\u00a0es entendida como el mecanismo mediante el cual la sociedad civil decide el rumbo de las pol\u00edticas, planes, programas, proyectos o tr\u00e1mites de acuerdo con sus necesidades. La participaci\u00f3n puede darse en la delimitaci\u00f3n de los resultados e impactos esperados y en la definici\u00f3n de [&hellip;]<\/p>\n","protected":false},"author":1,"featured_media":0,"parent":28,"menu_order":0,"comment_status":"closed","ping_status":"closed","template":"elementor_header_footer","meta":{"footnotes":""},"class_list":["post-47","page","type-page","status-publish","hentry","entry"],"_links":{"self":[{"href":"https:\/\/aseopereira.gov.co\/index.php\/wp-json\/wp\/v2\/pages\/47","targetHints":{"allow":["GET"]}}],"collection":[{"href":"https:\/\/aseopereira.gov.co\/index.php\/wp-json\/wp\/v2\/pages"}],"about":[{"href":"https:\/\/aseopereira.gov.co\/index.php\/wp-json\/wp\/v2\/types\/page"}],"author":[{"embeddable":true,"href":"https:\/\/aseopereira.gov.co\/index.php\/wp-json\/wp\/v2\/users\/1"}],"replies":[{"embeddable":true,"href":"https:\/\/aseopereira.gov.co\/index.php\/wp-json\/wp\/v2\/comments?post=47"}],"version-history":[{"count":11,"href":"https:\/\/aseopereira.gov.co\/index.php\/wp-json\/wp\/v2\/pages\/47\/revisions"}],"predecessor-version":[{"id":460,"href":"https:\/\/aseopereira.gov.co\/index.php\/wp-json\/wp\/v2\/pages\/47\/revisions\/460"}],"up":[{"embeddable":true,"href":"https:\/\/aseopereira.gov.co\/index.php\/wp-json\/wp\/v2\/pages\/28"}],"wp:attachment":[{"href":"https:\/\/aseopereira.gov.co\/index.php\/wp-json\/wp\/v2\/media?parent=47"}],"curies":[{"name":"wp","href":"https:\/\/api.w.org\/{rel}","templated":true}]}}