{"id":45,"date":"2024-11-18T20:01:29","date_gmt":"2024-11-18T20:01:29","guid":{"rendered":"https:\/\/aseopereira.gov.co\/?page_id=45"},"modified":"2024-11-26T23:47:03","modified_gmt":"2024-11-26T23:47:03","slug":"diagnostico-e-identificacion-de-problemas","status":"publish","type":"page","link":"https:\/\/aseopereira.gov.co\/index.php\/participa\/diagnostico-e-identificacion-de-problemas\/","title":{"rendered":"Diagn\u00f3stico e identificaci\u00f3n de problemas"},"content":{"rendered":"\t\t<div data-elementor-type=\"wp-page\" data-elementor-id=\"45\" class=\"elementor elementor-45\" data-elementor-post-type=\"page\">\n\t\t\t\t<div class=\"elementor-element elementor-element-f136854 e-flex e-con-boxed e-con e-parent\" data-id=\"f136854\" data-element_type=\"container\" data-e-type=\"container\">\n\t\t\t\t\t<div class=\"e-con-inner\">\n\t\t\t\t<div class=\"elementor-element elementor-element-df06cb0 elementor-widget elementor-widget-elementskit-heading\" data-id=\"df06cb0\" data-element_type=\"widget\" data-e-type=\"widget\" data-widget_type=\"elementskit-heading.default\">\n\t\t\t\t<div class=\"elementor-widget-container\">\n\t\t\t\t\t<div class=\"ekit-wid-con\" ><div class=\"ekit-heading elementskit-section-title-wraper text_center   ekit_heading_tablet-   ekit_heading_mobile-\"><h2 class=\"ekit-heading--title elementskit-section-title \">Diagn\u00f3stico e Identificaci\u00f3n de problemas<\/h2><\/div><\/div>\t\t\t\t<\/div>\n\t\t\t\t<\/div>\n\t\t\t\t<div class=\"elementor-element elementor-element-64303a6 elementor-widget elementor-widget-elementskit-heading\" data-id=\"64303a6\" data-element_type=\"widget\" data-e-type=\"widget\" data-widget_type=\"elementskit-heading.default\">\n\t\t\t\t<div class=\"elementor-widget-container\">\n\t\t\t\t\t<div class=\"ekit-wid-con\" ><div class=\"ekit-heading elementskit-section-title-wraper text_left   ekit_heading_tablet-   ekit_heading_mobile-\"><h2 class=\"ekit-heading--title elementskit-section-title \"><span><span>Diagn\u00f3stico e<\/span><\/span> identificaci\u00f3n de problemas<\/h2><\/div><\/div>\t\t\t\t<\/div>\n\t\t\t\t<\/div>\n\t\t\t\t\t<\/div>\n\t\t\t\t<\/div>\n\t\t<div class=\"elementor-element elementor-element-7c0fdef e-flex e-con-boxed e-con e-parent\" data-id=\"7c0fdef\" data-element_type=\"container\" data-e-type=\"container\">\n\t\t\t\t\t<div class=\"e-con-inner\">\n\t\t<div class=\"elementor-element elementor-element-9fd0b94 e-con-full e-flex e-con e-child\" data-id=\"9fd0b94\" data-element_type=\"container\" data-e-type=\"container\">\n\t\t\t\t<div class=\"elementor-element elementor-element-7060003 elementor-widget elementor-widget-text-editor\" data-id=\"7060003\" data-element_type=\"widget\" data-e-type=\"widget\" data-widget_type=\"text-editor.default\">\n\t\t\t\t<div class=\"elementor-widget-container\">\n\t\t\t\t\t\t\t\t\t<p style=\"font-weight: 400;\">La participaci\u00f3n para el diagn\u00f3stico e identificaci\u00f3n de problemas es la vinculaci\u00f3n de ciudadanos e interesados en el proceso de recolecci\u00f3n y an\u00e1lisis de informaci\u00f3n para identificar y explicar los problemas que les afecta directa o indirectamente con base en datos, ideas, hechos, experiencias y propuestas relacionados con la caracterizaci\u00f3n de la situaci\u00f3n abordada, lo que permite identificar las problem\u00e1ticas y las necesidades de los grupos de valor de la entidad.<\/p><p style=\"font-weight: 400;\">La Empresa de Aseo e Pereira S.A.S. ESP identifica los problemas que afectan a la ciudadan\u00eda, relacionados con la recolecci\u00f3n y disposici\u00f3n de residuos, por medio de los canales de atenci\u00f3n al ciudadano y el contacto directo con la comunidad a trav\u00e9s de los supervisores y vig\u00edas ambientales.<\/p><p style=\"font-weight: 400;\">Las principales preocupaciones de los usuarios identificadas son:<\/p><ul><li style=\"font-weight: 400;\">Cumplimiento de horarios de recolecci\u00f3n<\/li><li style=\"font-weight: 400;\">Mal comportamiento ciudadano en la disposici\u00f3n de residuos<\/li><li style=\"font-weight: 400;\">Puntos cr\u00edticos<\/li><li style=\"font-weight: 400;\">Tiempo \u00fatil del relleno sanitario<\/li><li style=\"font-weight: 400;\">Facturaci\u00f3n del servicio<\/li><\/ul>\t\t\t\t\t\t\t\t<\/div>\n\t\t\t\t<\/div>\n\t\t\t\t<\/div>\n\t\t<div class=\"elementor-element elementor-element-6351770 e-con-full e-flex e-con e-child\" data-id=\"6351770\" data-element_type=\"container\" data-e-type=\"container\">\n\t\t\t\t<div class=\"elementor-element elementor-element-087aeff elementor-widget elementor-widget-image\" data-id=\"087aeff\" data-element_type=\"widget\" data-e-type=\"widget\" data-widget_type=\"image.default\">\n\t\t\t\t<div class=\"elementor-widget-container\">\n\t\t\t\t\t\t\t\t\t\t\t\t\t\t\t<img fetchpriority=\"high\" decoding=\"async\" width=\"1024\" height=\"683\" src=\"https:\/\/aseopereira.gov.co\/wp-content\/uploads\/2024\/11\/empleados-jovenes-sentados-oficina-mesa-usando-computadora-portatil-concepto-reunion-lluvia-ideas-trabajo-equipo_146671-15624-1024x683.jpg\" class=\"attachment-large size-large wp-image-428\" alt=\"\" srcset=\"https:\/\/aseopereira.gov.co\/wp-content\/uploads\/2024\/11\/empleados-jovenes-sentados-oficina-mesa-usando-computadora-portatil-concepto-reunion-lluvia-ideas-trabajo-equipo_146671-15624-1024x683.jpg 1024w, https:\/\/aseopereira.gov.co\/wp-content\/uploads\/2024\/11\/empleados-jovenes-sentados-oficina-mesa-usando-computadora-portatil-concepto-reunion-lluvia-ideas-trabajo-equipo_146671-15624-300x200.jpg 300w, https:\/\/aseopereira.gov.co\/wp-content\/uploads\/2024\/11\/empleados-jovenes-sentados-oficina-mesa-usando-computadora-portatil-concepto-reunion-lluvia-ideas-trabajo-equipo_146671-15624-768x512.jpg 768w, https:\/\/aseopereira.gov.co\/wp-content\/uploads\/2024\/11\/empleados-jovenes-sentados-oficina-mesa-usando-computadora-portatil-concepto-reunion-lluvia-ideas-trabajo-equipo_146671-15624.jpg 1480w\" sizes=\"(max-width: 1024px) 100vw, 1024px\" \/>\t\t\t\t\t\t\t\t\t\t\t\t\t\t\t<\/div>\n\t\t\t\t<\/div>\n\t\t\t\t<\/div>\n\t\t\t\t\t<\/div>\n\t\t\t\t<\/div>\n\t\t<div class=\"elementor-element elementor-element-01096d8 e-flex e-con-boxed e-con e-parent\" data-id=\"01096d8\" data-element_type=\"container\" data-e-type=\"container\">\n\t\t\t\t\t<div class=\"e-con-inner\">\n\t\t\t\t<div class=\"elementor-element elementor-element-df76af4 elementor-widget elementor-widget-elementskit-heading\" data-id=\"df76af4\" data-element_type=\"widget\" data-e-type=\"widget\" data-widget_type=\"elementskit-heading.default\">\n\t\t\t\t<div class=\"elementor-widget-container\">\n\t\t\t\t\t<div class=\"ekit-wid-con\" ><div class=\"ekit-heading elementskit-section-title-wraper text_center   ekit_heading_tablet-   ekit_heading_mobile-\"><h2 class=\"ekit-heading--title elementskit-section-title \"><span><span>Caja del<\/span><\/span> Herramientas<\/h2><\/div><\/div>\t\t\t\t<\/div>\n\t\t\t\t<\/div>\n\t\t\t\t<div class=\"elementor-element elementor-element-03dab47 elementor-align-justify elementor-widget elementor-widget-button\" data-id=\"03dab47\" data-element_type=\"widget\" data-e-type=\"widget\" data-widget_type=\"button.default\">\n\t\t\t\t<div class=\"elementor-widget-container\">\n\t\t\t\t\t\t\t\t\t<div class=\"elementor-button-wrapper\">\n\t\t\t\t\t<a class=\"elementor-button elementor-button-link elementor-size-sm\" href=\"https:\/\/aseopereira.gov.co\/wp-content\/uploads\/2024\/11\/M-PL-01-V1-CARACTERIZACIO\u0301N-DE-USUARIOS.pdf\">\n\t\t\t\t\t\t<span class=\"elementor-button-content-wrapper\">\n\t\t\t\t\t\t\t\t\t<span class=\"elementor-button-text\">CARACTERIZACI\u00d3N DE USUARIOS<\/span>\n\t\t\t\t\t<\/span>\n\t\t\t\t\t<\/a>\n\t\t\t\t<\/div>\n\t\t\t\t\t\t\t\t<\/div>\n\t\t\t\t<\/div>\n\t\t\t\t\t<\/div>\n\t\t\t\t<\/div>\n\t\t\t\t<\/div>\n\t\t","protected":false},"excerpt":{"rendered":"<p>Diagn\u00f3stico e Identificaci\u00f3n de problemas Diagn\u00f3stico e identificaci\u00f3n de problemas La participaci\u00f3n para el diagn\u00f3stico e identificaci\u00f3n de problemas es la vinculaci\u00f3n de ciudadanos e interesados en el proceso de recolecci\u00f3n y an\u00e1lisis de informaci\u00f3n para identificar y explicar los problemas que les afecta directa o indirectamente con base en datos, ideas, hechos, experiencias y [&hellip;]<\/p>\n","protected":false},"author":1,"featured_media":0,"parent":28,"menu_order":0,"comment_status":"closed","ping_status":"closed","template":"elementor_header_footer","meta":{"footnotes":""},"class_list":["post-45","page","type-page","status-publish","hentry","entry"],"_links":{"self":[{"href":"https:\/\/aseopereira.gov.co\/index.php\/wp-json\/wp\/v2\/pages\/45","targetHints":{"allow":["GET"]}}],"collection":[{"href":"https:\/\/aseopereira.gov.co\/index.php\/wp-json\/wp\/v2\/pages"}],"about":[{"href":"https:\/\/aseopereira.gov.co\/index.php\/wp-json\/wp\/v2\/types\/page"}],"author":[{"embeddable":true,"href":"https:\/\/aseopereira.gov.co\/index.php\/wp-json\/wp\/v2\/users\/1"}],"replies":[{"embeddable":true,"href":"https:\/\/aseopereira.gov.co\/index.php\/wp-json\/wp\/v2\/comments?post=45"}],"version-history":[{"count":13,"href":"https:\/\/aseopereira.gov.co\/index.php\/wp-json\/wp\/v2\/pages\/45\/revisions"}],"predecessor-version":[{"id":445,"href":"https:\/\/aseopereira.gov.co\/index.php\/wp-json\/wp\/v2\/pages\/45\/revisions\/445"}],"up":[{"embeddable":true,"href":"https:\/\/aseopereira.gov.co\/index.php\/wp-json\/wp\/v2\/pages\/28"}],"wp:attachment":[{"href":"https:\/\/aseopereira.gov.co\/index.php\/wp-json\/wp\/v2\/media?parent=45"}],"curies":[{"name":"wp","href":"https:\/\/api.w.org\/{rel}","templated":true}]}}