{"id":43,"date":"2024-11-18T20:00:50","date_gmt":"2024-11-18T20:00:50","guid":{"rendered":"https:\/\/aseopereira.gov.co\/?page_id=43"},"modified":"2024-12-30T00:51:45","modified_gmt":"2024-12-30T00:51:45","slug":"generalidades","status":"publish","type":"page","link":"https:\/\/aseopereira.gov.co\/index.php\/participa\/generalidades\/","title":{"rendered":"Generalidades"},"content":{"rendered":"\t\t<div data-elementor-type=\"wp-page\" data-elementor-id=\"43\" class=\"elementor elementor-43\" data-elementor-post-type=\"page\">\n\t\t\t\t<div class=\"elementor-element elementor-element-9983205 e-flex e-con-boxed e-con e-parent\" data-id=\"9983205\" data-element_type=\"container\" data-e-type=\"container\">\n\t\t\t\t\t<div class=\"e-con-inner\">\n\t\t\t\t<div class=\"elementor-element elementor-element-d980e61 elementor-widget elementor-widget-elementskit-heading\" data-id=\"d980e61\" data-element_type=\"widget\" data-e-type=\"widget\" data-widget_type=\"elementskit-heading.default\">\n\t\t\t\t<div class=\"elementor-widget-container\">\n\t\t\t\t\t<div class=\"ekit-wid-con\" ><div class=\"ekit-heading elementskit-section-title-wraper text_center   ekit_heading_tablet-   ekit_heading_mobile-\"><h2 class=\"ekit-heading--title elementskit-section-title \">Generalidades<\/h2><\/div><\/div>\t\t\t\t<\/div>\n\t\t\t\t<\/div>\n\t\t\t\t\t<\/div>\n\t\t\t\t<\/div>\n\t\t<div class=\"elementor-element elementor-element-820e97b e-flex e-con-boxed e-con e-parent\" data-id=\"820e97b\" data-element_type=\"container\" data-e-type=\"container\">\n\t\t\t\t\t<div class=\"e-con-inner\">\n\t\t\t\t<div class=\"elementor-element elementor-element-c014fee elementor-widget elementor-widget-elementskit-heading\" data-id=\"c014fee\" data-element_type=\"widget\" data-e-type=\"widget\" data-widget_type=\"elementskit-heading.default\">\n\t\t\t\t<div class=\"elementor-widget-container\">\n\t\t\t\t\t<div class=\"ekit-wid-con\" ><div class=\"ekit-heading elementskit-section-title-wraper text_center   ekit_heading_tablet-   ekit_heading_mobile-\"><h2 class=\"ekit-heading--title elementskit-section-title \"><span><span>\u00bfQu\u00e9<\/span><\/span> es?<\/h2><\/div><\/div>\t\t\t\t<\/div>\n\t\t\t\t<\/div>\n\t\t\t\t<div class=\"elementor-element elementor-element-53fcd31 elementor-widget elementor-widget-text-editor\" data-id=\"53fcd31\" data-element_type=\"widget\" data-e-type=\"widget\" data-widget_type=\"text-editor.default\">\n\t\t\t\t<div class=\"elementor-widget-container\">\n\t\t\t\t\t\t\t\t\t<div class=\"gbb-row-wrapper\"><div class=\" gbb-row    bg-size-cover \"><div class=\"bb-inner \"><div class=\"bb-container container\"><div class=\"row\"><div class=\"row-wrapper clearfix\"><div class=\"gsc-column col-lg-12 col-md-12 col-sm-12 col-xs-12 \"><div class=\"column-inner  bg-size-cover  \"><div class=\"column-content-inner\"><div class=\"column-content  \"><p>Participa es la secci\u00f3n donde encontrar\u00e1 toda la informaci\u00f3n relacionada a los espacios, mecanismos y acciones que permiten la participaci\u00f3n ciudadana en el ciclo de la gesti\u00f3n p\u00fablica, esto con el prop\u00f3sito de dinamizar con la vinculaci\u00f3n de la ciudadan\u00eda en las decisiones y acciones p\u00fablicas durante el diagn\u00f3stico, formulaci\u00f3n, implementaci\u00f3n, evaluaci\u00f3n y seguimiento a la gesti\u00f3n institucional a trav\u00e9s de su sitio web institucional. \u00a1Bienvenidos!<\/p><\/div><\/div><\/div><\/div><\/div><\/div><\/div><\/div><\/div><\/div>\t\t\t\t\t\t\t\t<\/div>\n\t\t\t\t<\/div>\n\t\t\t\t\t<\/div>\n\t\t\t\t<\/div>\n\t\t<div class=\"elementor-element elementor-element-bda03b1 e-flex e-con-boxed e-con e-parent\" data-id=\"bda03b1\" data-element_type=\"container\" data-e-type=\"container\">\n\t\t\t\t\t<div class=\"e-con-inner\">\n\t\t<div class=\"elementor-element elementor-element-03c8056 e-con-full e-flex e-con e-child\" data-id=\"03c8056\" data-element_type=\"container\" data-e-type=\"container\">\n\t\t\t\t<div class=\"elementor-element elementor-element-4f3a85d elementor-widget elementor-widget-image\" data-id=\"4f3a85d\" data-element_type=\"widget\" data-e-type=\"widget\" data-widget_type=\"image.default\">\n\t\t\t\t<div class=\"elementor-widget-container\">\n\t\t\t\t\t\t\t\t\t\t\t\t\t\t\t\t<a href=\"https:\/\/aseopereira.gov.co\/index.php\/participa\/diagnostico-e-identificacion-de-problemas\/\">\n\t\t\t\t\t\t\t<img fetchpriority=\"high\" decoding=\"async\" width=\"1024\" height=\"683\" src=\"https:\/\/aseopereira.gov.co\/wp-content\/uploads\/2024\/11\/empleados-jovenes-sentados-oficina-mesa-usando-computadora-portatil-concepto-reunion-lluvia-ideas-trabajo-equipo_146671-15624-1024x683.jpg\" class=\"attachment-large size-large wp-image-428\" alt=\"\" srcset=\"https:\/\/aseopereira.gov.co\/wp-content\/uploads\/2024\/11\/empleados-jovenes-sentados-oficina-mesa-usando-computadora-portatil-concepto-reunion-lluvia-ideas-trabajo-equipo_146671-15624-1024x683.jpg 1024w, https:\/\/aseopereira.gov.co\/wp-content\/uploads\/2024\/11\/empleados-jovenes-sentados-oficina-mesa-usando-computadora-portatil-concepto-reunion-lluvia-ideas-trabajo-equipo_146671-15624-300x200.jpg 300w, https:\/\/aseopereira.gov.co\/wp-content\/uploads\/2024\/11\/empleados-jovenes-sentados-oficina-mesa-usando-computadora-portatil-concepto-reunion-lluvia-ideas-trabajo-equipo_146671-15624-768x512.jpg 768w, https:\/\/aseopereira.gov.co\/wp-content\/uploads\/2024\/11\/empleados-jovenes-sentados-oficina-mesa-usando-computadora-portatil-concepto-reunion-lluvia-ideas-trabajo-equipo_146671-15624.jpg 1480w\" sizes=\"(max-width: 1024px) 100vw, 1024px\" \/>\t\t\t\t\t\t\t\t<\/a>\n\t\t\t\t\t\t\t\t\t\t\t\t\t\t\t<\/div>\n\t\t\t\t<\/div>\n\t\t\t\t<div class=\"elementor-element elementor-element-74a6ee7 elementor-widget elementor-widget-heading\" data-id=\"74a6ee7\" data-element_type=\"widget\" data-e-type=\"widget\" data-widget_type=\"heading.default\">\n\t\t\t\t<div class=\"elementor-widget-container\">\n\t\t\t\t\t<h2 class=\"elementor-heading-title elementor-size-default\"><a href=\"https:\/\/aseopereira.gov.co\/index.php\/participa\/diagnostico-e-identificacion-de-problemas\/\">Diagn\u00f3stico e identificaci\u00f3n de problemas<\/a><\/h2>\t\t\t\t<\/div>\n\t\t\t\t<\/div>\n\t\t\t\t<\/div>\n\t\t<div class=\"elementor-element elementor-element-f493bcc e-con-full e-flex e-con e-child\" data-id=\"f493bcc\" data-element_type=\"container\" data-e-type=\"container\">\n\t\t\t\t<div class=\"elementor-element elementor-element-941d0a6 elementor-widget elementor-widget-image\" data-id=\"941d0a6\" data-element_type=\"widget\" data-e-type=\"widget\" data-widget_type=\"image.default\">\n\t\t\t\t<div class=\"elementor-widget-container\">\n\t\t\t\t\t\t\t\t\t\t\t\t\t\t\t\t<a href=\"https:\/\/aseopereira.gov.co\/index.php\/participa\/planeacion-y-presupuesto-participativo\/\">\n\t\t\t\t\t\t\t<img decoding=\"async\" width=\"1024\" height=\"682\" src=\"https:\/\/aseopereira.gov.co\/wp-content\/uploads\/2024\/11\/confianza-empresaria-mediana-edad-escribiendo-etiqueta-engomada-lapiz-lluvia-ideas_74855-9748-1024x682.webp\" class=\"attachment-large size-large wp-image-427\" alt=\"\" srcset=\"https:\/\/aseopereira.gov.co\/wp-content\/uploads\/2024\/11\/confianza-empresaria-mediana-edad-escribiendo-etiqueta-engomada-lapiz-lluvia-ideas_74855-9748-1024x682.webp 1024w, https:\/\/aseopereira.gov.co\/wp-content\/uploads\/2024\/11\/confianza-empresaria-mediana-edad-escribiendo-etiqueta-engomada-lapiz-lluvia-ideas_74855-9748-300x200.webp 300w, https:\/\/aseopereira.gov.co\/wp-content\/uploads\/2024\/11\/confianza-empresaria-mediana-edad-escribiendo-etiqueta-engomada-lapiz-lluvia-ideas_74855-9748-768x512.webp 768w, https:\/\/aseopereira.gov.co\/wp-content\/uploads\/2024\/11\/confianza-empresaria-mediana-edad-escribiendo-etiqueta-engomada-lapiz-lluvia-ideas_74855-9748.webp 1480w\" sizes=\"(max-width: 1024px) 100vw, 1024px\" \/>\t\t\t\t\t\t\t\t<\/a>\n\t\t\t\t\t\t\t\t\t\t\t\t\t\t\t<\/div>\n\t\t\t\t<\/div>\n\t\t\t\t<div class=\"elementor-element elementor-element-2fe3d09 elementor-widget elementor-widget-heading\" data-id=\"2fe3d09\" data-element_type=\"widget\" data-e-type=\"widget\" data-widget_type=\"heading.default\">\n\t\t\t\t<div class=\"elementor-widget-container\">\n\t\t\t\t\t<h2 class=\"elementor-heading-title elementor-size-default\"><a href=\"https:\/\/aseopereira.gov.co\/index.php\/participa\/planeacion-y-presupuesto-participativo\/\">Planeaci\u00f3n y presupuesto participativo<\/a><\/h2>\t\t\t\t<\/div>\n\t\t\t\t<\/div>\n\t\t\t\t<\/div>\n\t\t<div class=\"elementor-element elementor-element-b212ad8 e-con-full e-flex e-con e-child\" data-id=\"b212ad8\" data-element_type=\"container\" data-e-type=\"container\">\n\t\t\t\t<div class=\"elementor-element elementor-element-975598f elementor-widget elementor-widget-image\" data-id=\"975598f\" data-element_type=\"widget\" data-e-type=\"widget\" data-widget_type=\"image.default\">\n\t\t\t\t<div class=\"elementor-widget-container\">\n\t\t\t\t\t\t\t\t\t\t\t\t\t\t\t\t<a href=\"https:\/\/aseopereira.gov.co\/index.php\/participa\/colaboracion-e-innovacion\/\">\n\t\t\t\t\t\t\t<img decoding=\"async\" width=\"1024\" height=\"682\" src=\"https:\/\/aseopereira.gov.co\/wp-content\/uploads\/2024\/11\/comunicacion-tecnologia-selectivo-foco-ciencia-internet-primer-plano_1421-252-1024x682.webp\" class=\"attachment-large size-large wp-image-426\" alt=\"\" srcset=\"https:\/\/aseopereira.gov.co\/wp-content\/uploads\/2024\/11\/comunicacion-tecnologia-selectivo-foco-ciencia-internet-primer-plano_1421-252-1024x682.webp 1024w, https:\/\/aseopereira.gov.co\/wp-content\/uploads\/2024\/11\/comunicacion-tecnologia-selectivo-foco-ciencia-internet-primer-plano_1421-252-300x200.webp 300w, https:\/\/aseopereira.gov.co\/wp-content\/uploads\/2024\/11\/comunicacion-tecnologia-selectivo-foco-ciencia-internet-primer-plano_1421-252-768x512.webp 768w, https:\/\/aseopereira.gov.co\/wp-content\/uploads\/2024\/11\/comunicacion-tecnologia-selectivo-foco-ciencia-internet-primer-plano_1421-252.webp 1480w\" sizes=\"(max-width: 1024px) 100vw, 1024px\" \/>\t\t\t\t\t\t\t\t<\/a>\n\t\t\t\t\t\t\t\t\t\t\t\t\t\t\t<\/div>\n\t\t\t\t<\/div>\n\t\t\t\t<div class=\"elementor-element elementor-element-e7916f8 elementor-widget elementor-widget-heading\" data-id=\"e7916f8\" data-element_type=\"widget\" data-e-type=\"widget\" data-widget_type=\"heading.default\">\n\t\t\t\t<div class=\"elementor-widget-container\">\n\t\t\t\t\t<h2 class=\"elementor-heading-title elementor-size-default\"><a href=\"https:\/\/aseopereira.gov.co\/index.php\/participa\/colaboracion-e-innovacion\/\">Consulta Ciudadana<\/a><\/h2>\t\t\t\t<\/div>\n\t\t\t\t<\/div>\n\t\t\t\t<\/div>\n\t\t\t\t\t<\/div>\n\t\t\t\t<\/div>\n\t\t<div class=\"elementor-element elementor-element-3fb7314 e-flex e-con-boxed e-con e-parent\" data-id=\"3fb7314\" data-element_type=\"container\" data-e-type=\"container\">\n\t\t\t\t\t<div class=\"e-con-inner\">\n\t\t<div class=\"elementor-element elementor-element-1de074b e-con-full e-flex e-con e-child\" data-id=\"1de074b\" data-element_type=\"container\" data-e-type=\"container\">\n\t\t\t\t<div class=\"elementor-element elementor-element-9ce75b7 elementor-widget elementor-widget-image\" data-id=\"9ce75b7\" data-element_type=\"widget\" data-e-type=\"widget\" data-widget_type=\"image.default\">\n\t\t\t\t<div class=\"elementor-widget-container\">\n\t\t\t\t\t\t\t\t\t\t\t\t\t\t\t\t<a href=\"https:\/\/aseopereira.gov.co\/index.php\/participa\/control-social\/\">\n\t\t\t\t\t\t\t<img loading=\"lazy\" decoding=\"async\" width=\"1024\" height=\"682\" src=\"https:\/\/aseopereira.gov.co\/wp-content\/uploads\/2024\/11\/concepto-exito-empresarial-vista-superior-mesa-madera-manos-protegiendo-figuras-madera-personas_176474-9273-1024x682.webp\" class=\"attachment-large size-large wp-image-425\" alt=\"\" srcset=\"https:\/\/aseopereira.gov.co\/wp-content\/uploads\/2024\/11\/concepto-exito-empresarial-vista-superior-mesa-madera-manos-protegiendo-figuras-madera-personas_176474-9273-1024x682.webp 1024w, https:\/\/aseopereira.gov.co\/wp-content\/uploads\/2024\/11\/concepto-exito-empresarial-vista-superior-mesa-madera-manos-protegiendo-figuras-madera-personas_176474-9273-300x200.webp 300w, https:\/\/aseopereira.gov.co\/wp-content\/uploads\/2024\/11\/concepto-exito-empresarial-vista-superior-mesa-madera-manos-protegiendo-figuras-madera-personas_176474-9273-768x512.webp 768w, https:\/\/aseopereira.gov.co\/wp-content\/uploads\/2024\/11\/concepto-exito-empresarial-vista-superior-mesa-madera-manos-protegiendo-figuras-madera-personas_176474-9273.webp 1480w\" sizes=\"(max-width: 1024px) 100vw, 1024px\" \/>\t\t\t\t\t\t\t\t<\/a>\n\t\t\t\t\t\t\t\t\t\t\t\t\t\t\t<\/div>\n\t\t\t\t<\/div>\n\t\t\t\t<div class=\"elementor-element elementor-element-e24808c elementor-widget elementor-widget-heading\" data-id=\"e24808c\" data-element_type=\"widget\" data-e-type=\"widget\" data-widget_type=\"heading.default\">\n\t\t\t\t<div class=\"elementor-widget-container\">\n\t\t\t\t\t<h2 class=\"elementor-heading-title elementor-size-default\"><a href=\"https:\/\/aseopereira.gov.co\/index.php\/participa\/control-social\/\">Control Social<\/a><\/h2>\t\t\t\t<\/div>\n\t\t\t\t<\/div>\n\t\t\t\t<\/div>\n\t\t<div class=\"elementor-element elementor-element-02b1b0f e-con-full e-flex e-con e-child\" data-id=\"02b1b0f\" data-element_type=\"container\" data-e-type=\"container\">\n\t\t\t\t<div class=\"elementor-element elementor-element-56fe556 elementor-widget elementor-widget-image\" data-id=\"56fe556\" data-element_type=\"widget\" data-e-type=\"widget\" data-widget_type=\"image.default\">\n\t\t\t\t<div class=\"elementor-widget-container\">\n\t\t\t\t\t\t\t\t\t\t\t\t\t\t\t\t<a href=\"https:\/\/aseopereira.gov.co\/index.php\/participa\/consulta-ciudadana\/\">\n\t\t\t\t\t\t\t<img loading=\"lazy\" decoding=\"async\" width=\"1024\" height=\"682\" src=\"https:\/\/aseopereira.gov.co\/wp-content\/uploads\/2024\/11\/grupo-personas-trabajando-plan-negocios-oficina_1303-15861-1024x682.webp\" class=\"attachment-large size-large wp-image-424\" alt=\"\" srcset=\"https:\/\/aseopereira.gov.co\/wp-content\/uploads\/2024\/11\/grupo-personas-trabajando-plan-negocios-oficina_1303-15861-1024x682.webp 1024w, https:\/\/aseopereira.gov.co\/wp-content\/uploads\/2024\/11\/grupo-personas-trabajando-plan-negocios-oficina_1303-15861-300x200.webp 300w, https:\/\/aseopereira.gov.co\/wp-content\/uploads\/2024\/11\/grupo-personas-trabajando-plan-negocios-oficina_1303-15861-768x512.webp 768w, https:\/\/aseopereira.gov.co\/wp-content\/uploads\/2024\/11\/grupo-personas-trabajando-plan-negocios-oficina_1303-15861.webp 1480w\" sizes=\"(max-width: 1024px) 100vw, 1024px\" \/>\t\t\t\t\t\t\t\t<\/a>\n\t\t\t\t\t\t\t\t\t\t\t\t\t\t\t<\/div>\n\t\t\t\t<\/div>\n\t\t\t\t<div class=\"elementor-element elementor-element-9de36d9 elementor-widget elementor-widget-heading\" data-id=\"9de36d9\" data-element_type=\"widget\" data-e-type=\"widget\" data-widget_type=\"heading.default\">\n\t\t\t\t<div class=\"elementor-widget-container\">\n\t\t\t\t\t<h2 class=\"elementor-heading-title elementor-size-default\"><a href=\"https:\/\/aseopereira.gov.co\/index.php\/participa\/consulta-ciudadana\/\">Colaboraci\u00f3n e Innovaci\u00f3n<\/a><\/h2>\t\t\t\t<\/div>\n\t\t\t\t<\/div>\n\t\t\t\t<\/div>\n\t\t<div class=\"elementor-element elementor-element-e482da5 e-con-full e-flex e-con e-child\" data-id=\"e482da5\" data-element_type=\"container\" data-e-type=\"container\">\n\t\t\t\t<div class=\"elementor-element elementor-element-507e645 elementor-widget elementor-widget-image\" data-id=\"507e645\" data-element_type=\"widget\" data-e-type=\"widget\" data-widget_type=\"image.default\">\n\t\t\t\t<div class=\"elementor-widget-container\">\n\t\t\t\t\t\t\t\t\t\t\t\t\t\t\t\t<a href=\"https:\/\/aseopereira.gov.co\/index.php\/participa\/rendicion-de-cuentas\/\">\n\t\t\t\t\t\t\t<img loading=\"lazy\" decoding=\"async\" width=\"1024\" height=\"682\" src=\"https:\/\/aseopereira.gov.co\/wp-content\/uploads\/2024\/11\/joven-lider-equipo-gran-corporacion-informando-companeros-trabajo-apuntando-al-grafico-reunion-personal-corporativo_482257-4169-1024x682.webp\" class=\"attachment-large size-large wp-image-423\" alt=\"\" srcset=\"https:\/\/aseopereira.gov.co\/wp-content\/uploads\/2024\/11\/joven-lider-equipo-gran-corporacion-informando-companeros-trabajo-apuntando-al-grafico-reunion-personal-corporativo_482257-4169-1024x682.webp 1024w, https:\/\/aseopereira.gov.co\/wp-content\/uploads\/2024\/11\/joven-lider-equipo-gran-corporacion-informando-companeros-trabajo-apuntando-al-grafico-reunion-personal-corporativo_482257-4169-300x200.webp 300w, https:\/\/aseopereira.gov.co\/wp-content\/uploads\/2024\/11\/joven-lider-equipo-gran-corporacion-informando-companeros-trabajo-apuntando-al-grafico-reunion-personal-corporativo_482257-4169-768x512.webp 768w, https:\/\/aseopereira.gov.co\/wp-content\/uploads\/2024\/11\/joven-lider-equipo-gran-corporacion-informando-companeros-trabajo-apuntando-al-grafico-reunion-personal-corporativo_482257-4169.webp 1480w\" sizes=\"(max-width: 1024px) 100vw, 1024px\" \/>\t\t\t\t\t\t\t\t<\/a>\n\t\t\t\t\t\t\t\t\t\t\t\t\t\t\t<\/div>\n\t\t\t\t<\/div>\n\t\t\t\t<div class=\"elementor-element elementor-element-20c7192 elementor-widget elementor-widget-heading\" data-id=\"20c7192\" data-element_type=\"widget\" data-e-type=\"widget\" data-widget_type=\"heading.default\">\n\t\t\t\t<div class=\"elementor-widget-container\">\n\t\t\t\t\t<h2 class=\"elementor-heading-title elementor-size-default\"><a href=\"https:\/\/aseopereira.gov.co\/index.php\/participa\/rendicion-de-cuentas\/\">Rendici\u00f3n de cuentas<\/a><\/h2>\t\t\t\t<\/div>\n\t\t\t\t<\/div>\n\t\t\t\t<\/div>\n\t\t\t\t\t<\/div>\n\t\t\t\t<\/div>\n\t\t\t\t<\/div>\n\t\t","protected":false},"excerpt":{"rendered":"<p>Generalidades \u00bfQu\u00e9 es? Participa es la secci\u00f3n donde encontrar\u00e1 toda la informaci\u00f3n relacionada a los espacios, mecanismos y acciones que permiten la participaci\u00f3n ciudadana en el ciclo de la gesti\u00f3n p\u00fablica, esto con el prop\u00f3sito de dinamizar con la vinculaci\u00f3n de la ciudadan\u00eda en las decisiones y acciones p\u00fablicas durante el diagn\u00f3stico, formulaci\u00f3n, implementaci\u00f3n, evaluaci\u00f3n [&hellip;]<\/p>\n","protected":false},"author":1,"featured_media":0,"parent":28,"menu_order":0,"comment_status":"closed","ping_status":"closed","template":"elementor_header_footer","meta":{"footnotes":""},"class_list":["post-43","page","type-page","status-publish","hentry","entry"],"_links":{"self":[{"href":"https:\/\/aseopereira.gov.co\/index.php\/wp-json\/wp\/v2\/pages\/43","targetHints":{"allow":["GET"]}}],"collection":[{"href":"https:\/\/aseopereira.gov.co\/index.php\/wp-json\/wp\/v2\/pages"}],"about":[{"href":"https:\/\/aseopereira.gov.co\/index.php\/wp-json\/wp\/v2\/types\/page"}],"author":[{"embeddable":true,"href":"https:\/\/aseopereira.gov.co\/index.php\/wp-json\/wp\/v2\/users\/1"}],"replies":[{"embeddable":true,"href":"https:\/\/aseopereira.gov.co\/index.php\/wp-json\/wp\/v2\/comments?post=43"}],"version-history":[{"count":31,"href":"https:\/\/aseopereira.gov.co\/index.php\/wp-json\/wp\/v2\/pages\/43\/revisions"}],"predecessor-version":[{"id":1137,"href":"https:\/\/aseopereira.gov.co\/index.php\/wp-json\/wp\/v2\/pages\/43\/revisions\/1137"}],"up":[{"embeddable":true,"href":"https:\/\/aseopereira.gov.co\/index.php\/wp-json\/wp\/v2\/pages\/28"}],"wp:attachment":[{"href":"https:\/\/aseopereira.gov.co\/index.php\/wp-json\/wp\/v2\/media?parent=43"}],"curies":[{"name":"wp","href":"https:\/\/api.w.org\/{rel}","templated":true}]}}