{"id":36,"date":"2024-11-18T19:57:34","date_gmt":"2024-11-18T19:57:34","guid":{"rendered":"https:\/\/aseopereira.gov.co\/?page_id=36"},"modified":"2024-11-26T22:47:36","modified_gmt":"2024-11-26T22:47:36","slug":"politica-de-proteccion-de-datos","status":"publish","type":"page","link":"https:\/\/aseopereira.gov.co\/index.php\/atencion-y-servicios-a-la-ciudadania\/politica-de-proteccion-de-datos\/","title":{"rendered":"Politica de Protecci\u00f3n de Datos"},"content":{"rendered":"\t\t<div data-elementor-type=\"wp-page\" data-elementor-id=\"36\" class=\"elementor elementor-36\" data-elementor-post-type=\"page\">\n\t\t\t\t<div class=\"elementor-element elementor-element-5dd49a0 e-flex e-con-boxed e-con e-parent\" data-id=\"5dd49a0\" data-element_type=\"container\" data-e-type=\"container\">\n\t\t\t\t\t<div class=\"e-con-inner\">\n\t\t\t\t<div class=\"elementor-element elementor-element-04603e6 elementor-widget elementor-widget-elementskit-heading\" data-id=\"04603e6\" data-element_type=\"widget\" data-e-type=\"widget\" data-widget_type=\"elementskit-heading.default\">\n\t\t\t\t<div class=\"elementor-widget-container\">\n\t\t\t\t\t<div class=\"ekit-wid-con\" ><div class=\"ekit-heading elementskit-section-title-wraper text_center   ekit_heading_tablet-   ekit_heading_mobile-\"><h2 class=\"ekit-heading--title elementskit-section-title \">Pol\u00edtica de Seguridad y Privacidad de la Informaci\u00f3n<\/h2><\/div><\/div>\t\t\t\t<\/div>\n\t\t\t\t<\/div>\n\t\t\t\t<div class=\"elementor-element elementor-element-e561bc0 elementor-widget elementor-widget-text-editor\" data-id=\"e561bc0\" data-element_type=\"widget\" data-e-type=\"widget\" data-widget_type=\"text-editor.default\">\n\t\t\t\t<div class=\"elementor-widget-container\">\n\t\t\t\t\t\t\t\t\t<div class=\"body-page gva-body-page\"><div class=\"main main-page has-breadcrumb\" role=\"main\"><div id=\"content\" class=\"content content-full\"><div class=\"container container-bg\"><div class=\"content-main-inner\"><div class=\"row\"><div id=\"page-main-content\" class=\"main-content col-xs-12 col-md-9 sb-r \"><div class=\"main-content-inner\"><div class=\"content-main\"><div><div id=\"block-gavias-castron-content\" class=\"block block-system block-system-main-block no-title\"><div class=\"content block-content\"><div class=\"node node--type-page node--view-mode-full\" lang=\"en\" role=\"article\" data-history-node-id=\"169\"><div class=\"node__content clearfix\"><div class=\"field field--name-body field--type-text-with-summary field--label-hidden field__item\"><h2>Sobre las bases de datos.<\/h2><p>La totalidad de la informaci\u00f3n del sitio Web, est\u00e1 almacenada en una base de datos, para lo cual la entidad ha dispuesto una serie de validaciones de seguridad con el objetivo de que el acceso a esta sea lo m\u00e1s restringido posible, para esto se han interpuesto barreras de fuego y software de control de contenidos con el fin de filtrar cualquier ingreso no autorizado.<\/p><h2>Sobre la adquisici\u00f3n de informaci\u00f3n.<\/h2><p>Para la adquisici\u00f3n de informaci\u00f3n del sitio Web por parte de los usuarios, se utilizar\u00e1n diferentes formularios donde el usuario ingresar\u00e1 su usuario y su clave, la cual dependiendo del proceso le ser\u00e1 remitido al usuario previa inscripci\u00f3n en el portal, la que permitir\u00e1 controlar la informaci\u00f3n que ingresa.<br \/>Sobre las copias de seguridad.<\/p><p>Se ejecutar\u00e1n peri\u00f3dicamente copias de seguridad que reposar\u00e1n en el centro de datos y podr\u00e1n ser consultadas o solicitadas por la entidad a trav\u00e9s del correo electr\u00f3nico\u00a0soporteccc@mintic.gov.co<\/p><h2>Sobre el Registro de Usuario.<\/h2><p>El sitio Web ofrece espacios de consulta de solicitudes s a trav\u00e9s de la entrega de un ticket (n\u00famero o c\u00f3digo) una vez haya registrado la informaci\u00f3n solicitada. Se trata de un \u00fanico n\u00famero que no debe transferir ni entregar a un tercero, ya que este podr\u00eda verificar el estado de dicha solicitud.<\/p><p>Por lo tanto, el ciudadano deber\u00e1 destinar claramente y de forma real la informaci\u00f3n para poder ser susceptible de realizar la respectiva solicitud.<\/p><p>El sitio Web del Municipio se compromete a adoptar una pol\u00edtica de confidencialidad y protecci\u00f3n de datos, con el objeto de proteger la privacidad de la informaci\u00f3n personal obtenida a trav\u00e9s de su sitio web.<\/p><p>Para disminuir los riesgos, el sitio Web se recomienda al usuario salir de su cuenta y cerrar la ventana de su navegador cuando finalice su actividad, m\u00e1s a\u00fan si comparte su computadora con alguien o utiliza una computadora en un lugar p\u00fablico como una biblioteca o un caf\u00e9 Internet.<\/p><p>El sitio Web no compartir\u00e1 ni revelar\u00e1 la informaci\u00f3n confidencial con terceros, excepto que tenga expresa autorizaci\u00f3n de quienes se suscribieron, o cuando ha sido requerido por orden judicial o legal.<\/p><h2>Gesti\u00f3n de Sesiones Seguras<\/h2><p>Se recomienda a los usuarios del sitio Web para tener sesiones, digitar el dominio del sitio web cada vez que quieran ingresar en cualquier navegador, o dejarlo como favoritos en el mismo. Evitar ingresar al portal a trav\u00e9s de v\u00ednculos o correos que les env\u00eden.<\/p><h2>GOV.CO Territorial<\/h2><p>A continuaci\u00f3n se encuentran las pol\u00edticas de t\u00e9rminos y condiciones de uso: http:\/\/t.ly\/BYfn<\/p><h2>Uso de cookies<\/h2><p>GOV.CO Territorial<\/p><p>Este Portal utiliza cookies para preservar la informaci\u00f3n de sesi\u00f3n y guardar las caracter\u00edsticas del navegador. Las cookies no se utilizan para acceder a informaci\u00f3n personal ni para controlar sus acciones. Las cookies utilizadas son ficheros enviados a un navegador por medio de un servidor web para registrar las actividades del usuario en la p\u00e1gina y permitirle una navegaci\u00f3n m\u00e1s fluida y personalizada. El usuario tiene la posibilidad de configurar su navegador para impedir la entrada de \u00e9stas, bloquearlas o, en su caso, eliminarlas. Para utilizar este sitio Web, no resulta necesario que el usuario permita la descarga o instalaci\u00f3n de cookies.<\/p><\/div><\/div><\/div><\/div><\/div><\/div><\/div><\/div><\/div><\/div><\/div><\/div><\/div><\/div><\/div>\t\t\t\t\t\t\t\t<\/div>\n\t\t\t\t<\/div>\n\t\t\t\t\t<\/div>\n\t\t\t\t<\/div>\n\t\t\t\t<\/div>\n\t\t","protected":false},"excerpt":{"rendered":"<p>Pol\u00edtica de Seguridad y Privacidad de la Informaci\u00f3n Sobre las bases de datos. La totalidad de la informaci\u00f3n del sitio Web, est\u00e1 almacenada en una base de datos, para lo cual la entidad ha dispuesto una serie de validaciones de seguridad con el objetivo de que el acceso a esta sea lo m\u00e1s restringido posible, [&hellip;]<\/p>\n","protected":false},"author":1,"featured_media":0,"parent":26,"menu_order":0,"comment_status":"closed","ping_status":"closed","template":"elementor_header_footer","meta":{"footnotes":""},"class_list":["post-36","page","type-page","status-publish","hentry","entry"],"_links":{"self":[{"href":"https:\/\/aseopereira.gov.co\/index.php\/wp-json\/wp\/v2\/pages\/36","targetHints":{"allow":["GET"]}}],"collection":[{"href":"https:\/\/aseopereira.gov.co\/index.php\/wp-json\/wp\/v2\/pages"}],"about":[{"href":"https:\/\/aseopereira.gov.co\/index.php\/wp-json\/wp\/v2\/types\/page"}],"author":[{"embeddable":true,"href":"https:\/\/aseopereira.gov.co\/index.php\/wp-json\/wp\/v2\/users\/1"}],"replies":[{"embeddable":true,"href":"https:\/\/aseopereira.gov.co\/index.php\/wp-json\/wp\/v2\/comments?post=36"}],"version-history":[{"count":13,"href":"https:\/\/aseopereira.gov.co\/index.php\/wp-json\/wp\/v2\/pages\/36\/revisions"}],"predecessor-version":[{"id":405,"href":"https:\/\/aseopereira.gov.co\/index.php\/wp-json\/wp\/v2\/pages\/36\/revisions\/405"}],"up":[{"embeddable":true,"href":"https:\/\/aseopereira.gov.co\/index.php\/wp-json\/wp\/v2\/pages\/26"}],"wp:attachment":[{"href":"https:\/\/aseopereira.gov.co\/index.php\/wp-json\/wp\/v2\/media?parent=36"}],"curies":[{"name":"wp","href":"https:\/\/api.w.org\/{rel}","templated":true}]}}