{"id":2107,"date":"2025-08-27T12:44:47","date_gmt":"2025-08-27T17:44:47","guid":{"rendered":"https:\/\/aseopereira.gov.co\/?page_id=2107"},"modified":"2025-08-27T12:45:56","modified_gmt":"2025-08-27T17:45:56","slug":"mapa-del-sitio","status":"publish","type":"page","link":"https:\/\/aseopereira.gov.co\/index.php\/mapa-del-sitio\/","title":{"rendered":"Mapa del sitio"},"content":{"rendered":"\t\t<div data-elementor-type=\"wp-page\" data-elementor-id=\"2107\" class=\"elementor elementor-2107\" data-elementor-post-type=\"page\">\n\t\t\t\t<div class=\"elementor-element elementor-element-38e6829 e-flex e-con-boxed e-con e-parent\" data-id=\"38e6829\" data-element_type=\"container\" data-e-type=\"container\">\n\t\t\t\t\t<div class=\"e-con-inner\">\n\t\t\t\t<div class=\"elementor-element elementor-element-0afb794 elementor-widget elementor-widget-html\" data-id=\"0afb794\" data-element_type=\"widget\" data-e-type=\"widget\" data-widget_type=\"html.default\">\n\t\t\t\t<div class=\"elementor-widget-container\">\n\t\t\t\t\t<!DOCTYPE html>\n<html lang=\"es\">\n<head>\n  <meta charset=\"UTF-8\">\n  <meta name=\"viewport\" content=\"width=device-width, initial-scale=1.0\">\n  <title>Mapa del Sitio - Empresa de Aseo de Pereira S.A E.S.P<\/title>\n  <style>\n      body {\n          font-family: 'Arial', sans-serif;\n          line-height: 1.6;\n          margin: 0;\n          padding: 20px;\n          background-color: #f5f5f5;\n      }\n      .container {\n          max-width: 1200px;\n          margin: 0 auto;\n          background: white;\n          padding: 30px;\n          border-radius: 10px;\n          box-shadow: 0 0 20px rgba(0,0,0,0.1);\n      }\n      h1 {\n          color: #2c5530;\n          text-align: center;\n          margin-bottom: 30px;\n          font-size: 2.5em;\n      }\n      h2 {\n          color: #4a7c59;\n          border-bottom: 3px solid #4a7c59;\n          padding-bottom: 10px;\n          margin-top: 30px;\n      }\n      h3 {\n          color: #6b8e6b;\n          margin-top: 20px;\n      }\n      .sitemap-grid {\n          display: grid;\n          grid-template-columns: repeat(auto-fit, minmax(300px, 1fr));\n          gap: 20px;\n          margin-top: 20px;\n      }\n      .section {\n          background: #f9f9f9;\n          padding: 20px;\n          border-radius: 8px;\n          border-left: 4px solid #4a7c59;\n      }\n      ul {\n          list-style-type: none;\n          padding-left: 0;\n      }\n      li {\n          margin: 8px 0;\n          padding: 5px 0;\n          border-bottom: 1px solid #eee;\n      }\n      li:last-child {\n          border-bottom: none;\n      }\n      a {\n          color: #2c5530;\n          text-decoration: none;\n          transition: color 0.3s;\n      }\n      a:hover {\n          color: #4a7c59;\n          text-decoration: underline;\n      }\n      .highlight {\n          background-color: #e8f5e8;\n          padding: 2px 5px;\n          border-radius: 3px;\n      }\n      .footer-note {\n          margin-top: 30px;\n          padding: 15px;\n          background: #e8f5e8;\n          border-radius: 5px;\n          font-style: italic;\n          text-align: center;\n      }\n  <\/style>\n<\/head>\n<body>\n  <div class=\"container\">\n      <h1>\ud83d\uddfa\ufe0f Mapa del Sitio Web<\/h1>\n      <h2>Empresa de Aseo de Pereira S.A E.S.P<\/h2>\n      \n      <div class=\"sitemap-grid\">\n          <div class=\"section\">\n              <h3>\ud83c\udfe2 La Entidad<\/h3>\n              <ul>\n                  <li><a href=\"\/la-entidad\">Informaci\u00f3n General<\/a><\/li>\n                  <li><a href=\"\/mision-vision\">Misi\u00f3n y Visi\u00f3n<\/a><\/li>\n                  <li><a href=\"\/estructura-organizacional\">Estructura Organizacional<\/a><\/li>\n                  <li><a href=\"\/organigrama\">Organigrama<\/a><\/li>\n                  <li><a href=\"\/directorio\">Directorio<\/a><\/li>\n                  <li><a href=\"\/funciones-deberes\">Funciones y Deberes<\/a><\/li>\n                  <li><a href=\"\/mapas-procesos\">Mapas de Procesos<\/a><\/li>\n              <\/ul>\n          <\/div>\n\n          <div class=\"section\">\n              <h3>\ud83d\udcca Transparencia y Acceso a la Informaci\u00f3n<\/h3>\n              <ul>\n                  <li><a href=\"\/estados-financieros\">Estados Financieros<\/a><\/li>\n                  <li><a href=\"\/presupuesto\">Presupuesto<\/a><\/li>\n                  <li><a href=\"\/contratos-suscritos\">Contratos Suscritos<\/a><\/li>\n                  <li><a href=\"\/plan-anticorrupcion\">Plan Anticorrupci\u00f3n<\/a><\/li>\n                  <li><a href=\"\/atencion-ciudadano\">Atenci\u00f3n al Ciudadano<\/a><\/li>\n                  <li><a href=\"\/politica-proteccion-datos\">Pol\u00edtica de Protecci\u00f3n de Datos<\/a><\/li>\n              <\/ul>\n          <\/div>\n\n          <div class=\"section\">\n              <h3>\ud83c\udf31 Servicios Ambientales<\/h3>\n              <ul>\n                  <li><a href=\"\/recoleccion-residuos\">Recolecci\u00f3n de Residuos<\/a><\/li>\n                  <li><a href=\"\/codigo-colores\">C\u00f3digo de Colores<\/a><\/li>\n                  <li><a href=\"\/separacion-fuente\">Separaci\u00f3n en la Fuente<\/a><\/li>\n                  <li><a href=\"\/inspeccion-vigilancia\">Inspecci\u00f3n y Vigilancia<\/a><\/li>\n                  <li><a href=\"\/sensibilizacion-ambiental\">Sensibilizaci\u00f3n Ambiental<\/a><\/li>\n                  <li><a href=\"\/educacion-ambiental\">Educaci\u00f3n Ambiental<\/a><\/li>\n              <\/ul>\n          <\/div>\n\n          <div class=\"section\">\n              <h3>\ud83d\udc65 Atenci\u00f3n y Servicios a la Ciudadan\u00eda<\/h3>\n              <ul>\n                  <li><a href=\"\/atencion-servicios-ciudadania\">Portal de Servicios<\/a><\/li>\n                  <li><a href=\"\/pqrs\">PQRS - Peticiones, Quejas y Reclamos<\/a><\/li>\n                  <li><a href=\"\/tramites-servicios\">Tr\u00e1mites y Servicios<\/a><\/li>\n                  <li><a href=\"\/horarios-atencion\">Horarios de Atenci\u00f3n<\/a><\/li>\n                  <li><a href=\"\/contacto\">Informaci\u00f3n de Contacto<\/a><\/li>\n                  <li><a href=\"\/sedes\">Sedes y Ubicaciones<\/a><\/li>\n              <\/ul>\n          <\/div>\n\n          <div class=\"section\">\n              <h3>\ud83d\udcc5 Informaci\u00f3n Institucional<\/h3>\n              <ul>\n                  <li><a href=\"\/calendario-eventos\">Calendario de Eventos<\/a><\/li>\n                  <li><a href=\"\/noticias\">Noticias y Comunicados<\/a><\/li>\n                  <li><a href=\"\/publicaciones\">Publicaciones<\/a><\/li>\n                  <li><a href=\"\/normatividad\">Normatividad<\/a><\/li>\n                  <li><a href=\"\/rendicion-cuentas\">Rendici\u00f3n de Cuentas<\/a><\/li>\n              <\/ul>\n          <\/div>\n\n          <div class=\"section\">\n              <h3>\ud83d\udd27 Procesos Organizacionales<\/h3>\n              <ul>\n                  <li><a href=\"\/procesos-estrategicos\">Procesos Estrat\u00e9gicos<\/a><\/li>\n                  <li><a href=\"\/procesos-misionales\">Procesos Misionales<\/a><\/li>\n                  <li><a href=\"\/procesos-apoyo\">Procesos de Apoyo<\/a><\/li>\n                  <li><a href=\"\/gerencia\">Gerencia<\/a><\/li>\n                  <li><a href=\"\/planeacion\">Direcci\u00f3n de Planeaci\u00f3n<\/a><\/li>\n              <\/ul>\n          <\/div>\n      <\/div>\n\n      <div class=\"footer-note\">\n          <p><strong>Informaci\u00f3n de Contacto:<\/strong><\/p>\n          <p>\ud83d\udcde Tel\u00e9fono Conmutador: +57 606 349 57 80<\/p>\n          <p>\ud83d\udcf1 Tel\u00e9fono Celular: +57 313 585 20 26<\/p>\n          <p>\ud83d\udd50 Horario de Atenci\u00f3n: Lunes a Viernes de 7:30 a.m. a 3:30 p.m.<\/p>\n          <p class=\"highlight\">Este mapa del sitio est\u00e1 basado en la estructura oficial de aseopereira.gov.co<\/p>\n      <\/div>\n  <\/div>\n<\/body>\n<\/html>\t\t\t\t<\/div>\n\t\t\t\t<\/div>\n\t\t\t\t\t<\/div>\n\t\t\t\t<\/div>\n\t\t\t\t<\/div>\n\t\t","protected":false},"excerpt":{"rendered":"<p>Mapa del Sitio &#8211; Empresa de Aseo de Pereira S.A E.S.P \ud83d\uddfa\ufe0f Mapa del Sitio Web Empresa de Aseo de Pereira S.A E.S.P \ud83c\udfe2 La Entidad Informaci\u00f3n General Misi\u00f3n y Visi\u00f3n Estructura Organizacional Organigrama Directorio Funciones y Deberes Mapas de Procesos \ud83d\udcca Transparencia y Acceso a la Informaci\u00f3n Estados Financieros Presupuesto Contratos Suscritos Plan Anticorrupci\u00f3n [&hellip;]<\/p>\n","protected":false},"author":1,"featured_media":0,"parent":0,"menu_order":0,"comment_status":"closed","ping_status":"closed","template":"elementor_header_footer","meta":{"footnotes":""},"class_list":["post-2107","page","type-page","status-publish","hentry","entry"],"_links":{"self":[{"href":"https:\/\/aseopereira.gov.co\/index.php\/wp-json\/wp\/v2\/pages\/2107","targetHints":{"allow":["GET"]}}],"collection":[{"href":"https:\/\/aseopereira.gov.co\/index.php\/wp-json\/wp\/v2\/pages"}],"about":[{"href":"https:\/\/aseopereira.gov.co\/index.php\/wp-json\/wp\/v2\/types\/page"}],"author":[{"embeddable":true,"href":"https:\/\/aseopereira.gov.co\/index.php\/wp-json\/wp\/v2\/users\/1"}],"replies":[{"embeddable":true,"href":"https:\/\/aseopereira.gov.co\/index.php\/wp-json\/wp\/v2\/comments?post=2107"}],"version-history":[{"count":4,"href":"https:\/\/aseopereira.gov.co\/index.php\/wp-json\/wp\/v2\/pages\/2107\/revisions"}],"predecessor-version":[{"id":2112,"href":"https:\/\/aseopereira.gov.co\/index.php\/wp-json\/wp\/v2\/pages\/2107\/revisions\/2112"}],"wp:attachment":[{"href":"https:\/\/aseopereira.gov.co\/index.php\/wp-json\/wp\/v2\/media?parent=2107"}],"curies":[{"name":"wp","href":"https:\/\/api.w.org\/{rel}","templated":true}]}}