{"id":2028,"date":"2025-08-26T21:14:16","date_gmt":"2025-08-27T02:14:16","guid":{"rendered":"https:\/\/aseopereira.gov.co\/?page_id=2028"},"modified":"2025-08-27T09:55:02","modified_gmt":"2025-08-27T14:55:02","slug":"directorio-de-agremiaciones-asociaciones-y-otros-grupos-de-interes","status":"publish","type":"page","link":"https:\/\/aseopereira.gov.co\/index.php\/directorio-de-agremiaciones-asociaciones-y-otros-grupos-de-interes\/","title":{"rendered":"Directorio de agremiaciones, asociaciones y otros grupos de inter\u00e9s."},"content":{"rendered":"\t\t<div data-elementor-type=\"wp-page\" data-elementor-id=\"2028\" class=\"elementor elementor-2028\" data-elementor-post-type=\"page\">\n\t\t\t\t<div class=\"elementor-element elementor-element-c382aec e-flex e-con-boxed e-con e-parent\" data-id=\"c382aec\" data-element_type=\"container\" data-e-type=\"container\">\n\t\t\t\t\t<div class=\"e-con-inner\">\n\t\t\t\t<div class=\"elementor-element elementor-element-6c7e623 elementor-widget elementor-widget-elementskit-heading\" data-id=\"6c7e623\" data-element_type=\"widget\" data-e-type=\"widget\" data-widget_type=\"elementskit-heading.default\">\n\t\t\t\t<div class=\"elementor-widget-container\">\n\t\t\t\t\t<div class=\"ekit-wid-con\" ><div class=\"ekit-heading elementskit-section-title-wraper text_center   ekit_heading_tablet-   ekit_heading_mobile-\"><h2 class=\"ekit-heading--title elementskit-section-title \">Directorio de agremiaciones, asociaciones y otros grupos de inter\u00e9s<\/h2><\/div><\/div>\t\t\t\t<\/div>\n\t\t\t\t<\/div>\n\t\t\t\t\t<\/div>\n\t\t\t\t<\/div>\n\t\t<div class=\"elementor-element elementor-element-b76588e e-flex e-con-boxed e-con e-parent\" data-id=\"b76588e\" data-element_type=\"container\" data-e-type=\"container\">\n\t\t\t\t\t<div class=\"e-con-inner\">\n\t\t\t\t<div class=\"elementor-element elementor-element-1c36b2b elementor-widget elementor-widget-html\" data-id=\"1c36b2b\" data-element_type=\"widget\" data-e-type=\"widget\" data-widget_type=\"html.default\">\n\t\t\t\t<div class=\"elementor-widget-container\">\n\t\t\t\t\t<!DOCTYPE html>\n<html lang=\"es\">\n<head>\n  <meta charset=\"UTF-8\">\n  <meta name=\"viewport\" content=\"width=device-width, initial-scale=1.0\">\n  <title>Directorio de Contactos<\/title>\n  <style>\n      .directorio-container {\n          max-width: 800px;\n          margin: 0 auto;\n          padding: 20px;\n          font-family: Arial, sans-serif;\n          line-height: 1.6;\n          color: #333;\n          background-color: #fff;\n      }\n\n      .entidad {\n          margin-bottom: 30px;\n          padding: 20px;\n          border-left: 4px solid #2c5aa0;\n          background-color: #f9f9f9;\n      }\n\n      .entidad-titulo {\n          font-size: 16px;\n          font-weight: bold;\n          color: #2c5aa0;\n          margin-bottom: 15px;\n          text-transform: uppercase;\n      }\n\n      .contacto-info {\n          font-size: 14px;\n          margin-bottom: 8px;\n          color: #555;\n      }\n\n      .contacto-info strong {\n          color: #333;\n      }\n\n      .pagina-web {\n          color: #2c5aa0;\n          text-decoration: none;\n      }\n\n      .pagina-web:hover {\n          text-decoration: underline;\n      }\n\n      .directorio-btn {\n          background-color: #fff;\n          border: 2px solid #2c5aa0;\n          color: #2c5aa0;\n          padding: 12px 25px;\n          font-size: 14px;\n          font-weight: bold;\n          text-transform: uppercase;\n          cursor: pointer;\n          margin-top: 20px;\n          display: inline-block;\n          text-decoration: none;\n          transition: all 0.3s ease;\n      }\n\n      .directorio-btn:hover {\n          background-color: #2c5aa0;\n          color: #fff;\n          text-decoration: none;\n      }\n\n      .separador {\n          height: 1px;\n          background-color: #ddd;\n          margin: 25px 0;\n      }\n\n      @media (max-width: 768px) {\n          .directorio-container {\n              padding: 15px;\n          }\n          \n          .entidad {\n              padding: 15px;\n              margin-bottom: 20px;\n          }\n          \n          .entidad-titulo {\n              font-size: 15px;\n          }\n          \n          .contacto-info {\n              font-size: 13px;\n          }\n      }\n  <\/style>\n<\/head>\n<body>\n  <div class=\"directorio-container\">\n      <!-- ATESA DE OCCIDENTE S.A. -->\n      <div class=\"entidad\">\n          <div class=\"entidad-titulo\">ATESA DE OCCIDENTE S.A.<\/div>\n          <div class=\"contacto-info\"><strong>Centro Administrativo y de Operaciones:<\/strong> km 15 (v\u00eda Cerritos), Contiguo a SUZUKI, Pereira<\/div>\n          <div class=\"contacto-info\"><strong>PBX:<\/strong> (57)(6) 3115711<\/div>\n          <div class=\"contacto-info\"><strong>Tel Operaciones:<\/strong> (57)(6) 3153984<\/div>\n          <div class=\"contacto-info\"><strong>Tel Administraci\u00f3n:<\/strong> (57)(6) 3153982 - 3153983<\/div>\n          <div class=\"contacto-info\"><strong>Fax:<\/strong> (57)(6) 3153981<\/div>\n          <div class=\"contacto-info\"><strong>P\u00e1gina web:<\/strong> <a href=\"http:\/\/www.atesadeoccidente.com\" class=\"pagina-web\">www.atesadeoccidente.com<\/a><\/div>\n      <\/div>\n\n      <div class=\"separador\"><\/div>\n\n      <!-- Ministerio de Ambiente y Desarrollo Sostenible -->\n      <div class=\"entidad\">\n          <div class=\"entidad-titulo\">Ministerio de Ambiente y Desarrollo Sostenible<\/div>\n          <div class=\"contacto-info\"><strong>L\u00edneas gratuitas:<\/strong> 018000915050 - 018000919301<\/div>\n          <div class=\"contacto-info\"><strong>Calle 37 No. 8-40 - Bogot\u00e1<\/strong><\/div>\n          <div class=\"contacto-info\"><strong>Conmutador:<\/strong> (57-1) 3323400<\/div>\n          <div class=\"contacto-info\"><strong>P\u00e1gina web:<\/strong> <a href=\"http:\/\/www.minambiente.gov.co\" class=\"pagina-web\">www.minambiente.gov.co<\/a><\/div>\n      <\/div>\n\n      <div class=\"separador\"><\/div>\n\n      <!-- CARDER -->\n      <div class=\"entidad\">\n          <div class=\"entidad-titulo\">CARDER<\/div>\n          <div class=\"contacto-info\"><strong>Avenida de las Am\u00e9ricas con Calle 46 # 46 - 40<\/strong><\/div>\n          <div class=\"contacto-info\"><strong>Ip centrex:<\/strong> (57 + 6) 311 65 11, Pereira, Risaralda, Colombia<\/div>\n          <div class=\"contacto-info\"><strong>L\u00ednea denuncias ambientales y suministro de informaci\u00f3n ambiental:<\/strong><\/div>\n          <div class=\"contacto-info\">(57)-(6)-3151081, 018000 518404<\/div>\n          <div class=\"contacto-info\"><strong>Fax:<\/strong> (57 + 6) 314 14 87 - (57 + 6) 314 14 73<\/div>\n          <div class=\"contacto-info\"><strong>P\u00e1gina web:<\/strong> <a href=\"http:\/\/www.carder.gov.co\/\" class=\"pagina-web\">http:\/\/www.carder.gov.co\/<\/a><\/div>\n      <\/div>\n\n      <div class=\"separador\"><\/div>\n\n      <!-- Superservicios -->\n      <div class=\"entidad\">\n          <div class=\"entidad-titulo\">Superservicios<\/div>\n          <div class=\"contacto-info\"><strong>Pbx:<\/strong> (57+1) 6913005<\/div>\n          <div class=\"contacto-info\"><strong>Fax:<\/strong> (57+1) 6913142<\/div>\n          <div class=\"contacto-info\"><strong>Correo electr\u00f3nico:<\/strong> sspd@superservicios.gov.co<\/div>\n          <div class=\"contacto-info\"><strong>CONTACT CENTER:<\/strong> (57+1) 6913005<\/div>\n          <div class=\"contacto-info\"><strong>L\u00ednea gratuita nacional:<\/strong> 018000 910305 - Chat con los ciudadanos<\/div>\n          <div class=\"contacto-info\"><strong>Cra. 18 No. 84-35 Bogot\u00e1 D.C, Colombia<\/strong><\/div>\n          <div class=\"contacto-info\"><strong>P\u00e1gina web:<\/strong> <a href=\"http:\/\/www.superservicios.gov.co\/\" class=\"pagina-web\">http:\/\/www.superservicios.gov.co\/<\/a><\/div>\n      <\/div>\n\n      <!-- Bot\u00f3n Directorio -->\n      <div style=\"text-align: center; margin-top: 30px;\">\n          <a href=\"https:\/\/aseopereira.gov.co\/wp-content\/uploads\/2024\/11\/GESTORES-AMBIENTALES-Y-PUNTOS-DE-RECEPCION-DE-RESIDUOS-DE-MANEJO-DIFERENCIAL.pdf\" class=\"directorio-btn\">DIRECTORIO GESTORES AUTORIZADOS<\/a>\n      <\/div>\n  <\/div>\n<\/body>\n<\/html>\t\t\t\t<\/div>\n\t\t\t\t<\/div>\n\t\t\t\t\t<\/div>\n\t\t\t\t<\/div>\n\t\t\t\t<\/div>\n\t\t","protected":false},"excerpt":{"rendered":"<p>Directorio de agremiaciones, asociaciones y otros grupos de inter\u00e9s Directorio de Contactos ATESA DE OCCIDENTE S.A. Centro Administrativo y de Operaciones: km 15 (v\u00eda Cerritos), Contiguo a SUZUKI, Pereira PBX: (57)(6) 3115711 Tel Operaciones: (57)(6) 3153984 Tel Administraci\u00f3n: (57)(6) 3153982 &#8211; 3153983 Fax: (57)(6) 3153981 P\u00e1gina web: www.atesadeoccidente.com Ministerio de Ambiente y Desarrollo Sostenible L\u00edneas [&hellip;]<\/p>\n","protected":false},"author":1,"featured_media":0,"parent":0,"menu_order":23,"comment_status":"closed","ping_status":"closed","template":"elementor_header_footer","meta":{"footnotes":""},"class_list":["post-2028","page","type-page","status-publish","hentry","entry"],"_links":{"self":[{"href":"https:\/\/aseopereira.gov.co\/index.php\/wp-json\/wp\/v2\/pages\/2028","targetHints":{"allow":["GET"]}}],"collection":[{"href":"https:\/\/aseopereira.gov.co\/index.php\/wp-json\/wp\/v2\/pages"}],"about":[{"href":"https:\/\/aseopereira.gov.co\/index.php\/wp-json\/wp\/v2\/types\/page"}],"author":[{"embeddable":true,"href":"https:\/\/aseopereira.gov.co\/index.php\/wp-json\/wp\/v2\/users\/1"}],"replies":[{"embeddable":true,"href":"https:\/\/aseopereira.gov.co\/index.php\/wp-json\/wp\/v2\/comments?post=2028"}],"version-history":[{"count":7,"href":"https:\/\/aseopereira.gov.co\/index.php\/wp-json\/wp\/v2\/pages\/2028\/revisions"}],"predecessor-version":[{"id":2039,"href":"https:\/\/aseopereira.gov.co\/index.php\/wp-json\/wp\/v2\/pages\/2028\/revisions\/2039"}],"wp:attachment":[{"href":"https:\/\/aseopereira.gov.co\/index.php\/wp-json\/wp\/v2\/media?parent=2028"}],"curies":[{"name":"wp","href":"https:\/\/api.w.org\/{rel}","templated":true}]}}