{"id":135,"date":"2024-11-18T20:47:29","date_gmt":"2024-11-18T20:47:29","guid":{"rendered":"https:\/\/aseopereira.gov.co\/?page_id=135"},"modified":"2025-08-27T12:51:13","modified_gmt":"2025-08-27T17:51:13","slug":"terminos-y-condiciones","status":"publish","type":"page","link":"https:\/\/aseopereira.gov.co\/index.php\/terminos-y-condiciones\/","title":{"rendered":"T\u00e9rminos y condiciones"},"content":{"rendered":"\t\t<div data-elementor-type=\"wp-page\" data-elementor-id=\"135\" class=\"elementor elementor-135\" data-elementor-post-type=\"page\">\n\t\t\t\t<div class=\"elementor-element elementor-element-b4a014f e-flex e-con-boxed e-con e-parent\" data-id=\"b4a014f\" data-element_type=\"container\" data-e-type=\"container\">\n\t\t\t\t\t<div class=\"e-con-inner\">\n\t\t\t\t<div class=\"elementor-element elementor-element-d3ba2d2 elementor-widget elementor-widget-heading\" data-id=\"d3ba2d2\" data-element_type=\"widget\" data-e-type=\"widget\" data-widget_type=\"heading.default\">\n\t\t\t\t<div class=\"elementor-widget-container\">\n\t\t\t\t\t<h2 class=\"elementor-heading-title elementor-size-default\">T\u00e9rminos y Condiciones de Uso<\/h2>\t\t\t\t<\/div>\n\t\t\t\t<\/div>\n\t\t\t\t<div class=\"elementor-element elementor-element-0ba78fe elementor-widget elementor-widget-text-editor\" data-id=\"0ba78fe\" data-element_type=\"widget\" data-e-type=\"widget\" data-widget_type=\"text-editor.default\">\n\t\t\t\t<div class=\"elementor-widget-container\">\n\t\t\t\t\t\t\t\t\t<div class=\"body-page gva-body-page\"><div class=\"main main-page has-breadcrumb\" role=\"main\"><div id=\"content\" class=\"content content-full\"><div class=\"container container-bg\"><div class=\"content-main-inner\"><div class=\"row\"><div id=\"page-main-content\" class=\"main-content col-xs-12 col-md-9 sb-r \"><div class=\"main-content-inner\"><div class=\"content-main\"><div><div id=\"block-gavias-castron-content\" class=\"block block-system block-system-main-block no-title\"><div class=\"content block-content\"><div class=\"node node--type-page node--view-mode-full\" role=\"article\" data-history-node-id=\"185\"><div class=\"node__content clearfix\"><div class=\"field field--name-body field--type-text-with-summary field--label-hidden field__item\"><p>\u200b<b>1. ALCANCES Y LIMITES EN EL USO<\/b><\/p><p>Apreciado usuario, le damos la bienvenida a nuestra Sede Electr\u00f3nica. Todos los servicios que ofrece la Empresa de Aseo de Pereira S.A.S. ESP (EAP), son gratuitos y no utiliza ning\u00fan tipo de intermediarios para acceder a ellos, por favor denuncie este tipo de irregularidades en nuestros canales de atenci\u00f3n.<\/p><p>la Empresa de Aseo de Pereira S.A.S. ESP se compromete a proteger la privacidad de la informaci\u00f3n de los usuarios. Al utilizar nuestro sitio web, acepta las pr\u00e1cticas utilizadas por la EAP en relaci\u00f3n con los datos personales.<\/p><p>Nos reservamos, en todos los sentidos, el derecho de actualizar, modificar en cualquier momento los presentes t\u00e9rminos y condiciones de uso.<\/p><p>\u00a0<\/p><p><b>2. DEFINICIONES<\/b><\/p><p>Para facilitar la comprensi\u00f3n de estos T\u00e9rminos y condiciones de uso, aqu\u00ed le aclaramos el significado:<\/p><p>\u200b\u2022 Contenidos. Son todas las formas de informaci\u00f3n o datos que se divulgan en la p\u00e1gina web, entre los que se encuentran: textos, im\u00e1genes, fotos, logos, dise\u00f1os, animaciones, etc.<\/p><p>\u2022 Derechos de Propiedad Intelectual: Hacen referencia a todos los derechos de propiedad de la informaci\u00f3n de la EAP o de cualquier persona que sea titular leg\u00edtima, como: signos distintivos, marcas, lemas, ense\u00f1as, logos, nombres de dominio, bases de datos, dise\u00f1os, contenidos o cualquier otra obra o creaci\u00f3n intelectual vinculada con el objeto, operaci\u00f3n o desempe\u00f1o del sitio web de la EAP.<\/p><p>\u2022 Foro. Servicio automatizado de mensajes, a menudo moderado por un propietario, a trav\u00e9s del cual los suscriptores reciben mensajes dejados por otros suscriptores por un tema dado. Los mensajes se env\u00edan por correo electr\u00f3nico.<\/p><p>\u2022 Internet. Una red global de redes de ordenadores cuya finalidad es permitir el intercambio libre de informaci\u00f3n entre todos sus usuarios. Sobre esta red se pueden utilizar m\u00faltiples servicios como por ejemplo correos electr\u00f3nicos, www, etc.<\/p><p>\u2022 P\u00e1gina web. Es la unidad informativa de la web, son documentos compuestos por textos, im\u00e1genes, audios o videos a los que se puede acceder a trav\u00e9s de www y se accede empleando un navegador. La informaci\u00f3n de las p\u00e1ginas web est\u00e1 generalmente en formato HTML. Su contenido puede ir desde un texto corto a un voluminoso conjunto de textos, gr\u00e1ficos est\u00e1ticos o en movimiento, sonido, etc.<\/p><p>\u2022 Publicar. Hacer que un documento, video, audio, im\u00e1genes sean visibles desde el sitio web institucional.<\/p><p>\u2022 Servicio de Comunicaci\u00f3n: \u00c1reas de chat, grupos de usuarios, foros de discusi\u00f3n, comunidades, calendarios, acceso a redes sociales y\/o otras facilidades de mensajer\u00eda o comunicaci\u00f3n, dise\u00f1adas para permitirle a la EAP comunicarse con el p\u00fablico en general o con un grupo de personas.<\/p><p>\u2022 Servicios. Son las ayudas en l\u00ednea que la EAP provee actualmente o que piensa proveer en el futuro a los usuarios, por medio de esta p\u00e1gina web, como publicaci\u00f3n de noticias o actividades propias de la gesti\u00f3n institucional; tr\u00e1mites en l\u00ednea; consultas; foros y buz\u00f3n de quejas y reclamos, entre otros.<\/p><p>\u2022 Sede electr\u00f3nica: es el sitio oficial en internet de cada autoridad, al que se accede a trav\u00e9s de una direcci\u00f3n electr\u00f3nica en la que se dispone informaci\u00f3n, tr\u00e1mites, servicios y dem\u00e1s elementos ofertados por la autoridad y cuya titularidad, administraci\u00f3n y gesti\u00f3n le corresponde.\u00a0\u00a0<\/p><p>\u2022 Sitio web: Incluye los portales web, sistemas de informaci\u00f3n y aplicativos.<\/p><p>\u2022 T\u00e9rminos y condiciones de uso: Acuerdo completo entre el usuario y la EAP respecto al uso del sitio web.<\/p><p>\u2022 Usuario. Es la persona que ingresa al sitio web de la EAP para buscar o consultar informaci\u00f3n de su inter\u00e9s; o para poner una queja mediante el registro de peticiones, quejas, reclamos, solicitudes de informaci\u00f3n y denuncias en el enlace: https:\/\/aseopereira.gov.co\/pqrsdf.<\/p><p>\u2022 V\u00ednculo. [Link en ingl\u00e9s]. Enlaces que sirven para saltar de una informaci\u00f3n a otra, o de un servidor web a otro, cuando se navega por Internet.<\/p><p>\u00a0<\/p><p><b>3. CONDICIONES DE USO\u200b<\/b><\/p><p>\u200b<b>3.1. V\u00cdNCULOS A SITIOS DE TERCEROS<\/b><\/p><p>Nuestros sitios web pueden contener v\u00ednculos a otros sitios web (\u201csitios vinculados\u201d), que no est\u00e1n bajo nuestro control y por lo tanto no somos responsables de los contenidos.<\/p><p>Proveemos estos v\u00ednculos solamente para accesibilidad de los usuarios y su inclusi\u00f3n no implica aprobaci\u00f3n, ni asociaci\u00f3n con sus operadores.<\/p><p><b>3.2. USO DE SERVICIOS DE COMUNICACI\u00d3N<\/b><\/p><p>Nuestros servicios de comunicaci\u00f3n son \u00e1reas de chat, grupos de usuarios, foros de discusi\u00f3n, comunidades, calendarios, acceso a redes sociales y\/o otras facilidades de mensajer\u00eda o comunicaci\u00f3n, dise\u00f1adas que nos permiten la comunicaci\u00f3n con el p\u00fablico en general o con un grupo de personas.<\/p><p>\u2022 Nosotros no tenemos la obligaci\u00f3n de monitorear los servicios de comunicaci\u00f3n. No obstante, reservamos el derecho de revisar los materiales anunciados en los servicios de comunicaci\u00f3n y quitarlos a discreci\u00f3n.<\/p><p>\u2022 Reservamos el derecho de retirarles a los usuarios el acceso a los servicios de comunicaci\u00f3n, en cualquier momento sin previo aviso.<\/p><p>\u2022 No controlamos o aprobamos el contenido, mensajes, o informaci\u00f3n encontrada en los Servicios de Comunicaci\u00f3n y, por tanto, no somos responsables en relaci\u00f3n con los mismos y con cualquier acci\u00f3n resultante de la participaci\u00f3n de un usuario en los servicios de comunicaci\u00f3n.<\/p><p><b>3.3. USO DE \u201cCOOKIES\u201d<\/b><\/p><p>Los sitios de la EAP utilizan \u00abcookies\u00bb para almacenar sus preferencias ayud\u00e1ndolo a personalizar su experiencia en l\u00ednea. Una cookie es un archivo de texto que es grabado en su disco duro por un servidor de p\u00e1ginas Web. Las cookies no pueden ser utilizadas para ejecutar programas o distribuir virus inform\u00e1ticos a su computadora. Las cookies son asignadas al usuario por el servidor en relaci\u00f3n uno-a-uno, y pueden ser le\u00eddas \u00fanicamente por un servidor miembro del dominio que emiti\u00f3 la cookie para el usuario.<\/p><p>Una de las principales ventajas de las cookies es que le ahorran tiempo al usuario, porque el prop\u00f3sito de una cookie es informarle al servidor Web que el usuario ha regresado a una p\u00e1gina espec\u00edfica. Por ejemplo, cuando el usuario personaliza p\u00e1ginas en la EAP, o cuando se registra en los sitios de la EAP, la cookie grabada permite al servidor Web de la EAP recuperar su informaci\u00f3n espec\u00edfica en las subsiguientes visitas. La pr\u00f3xima vez que regrese al mimo sitio la informaci\u00f3n que el usuario suministr\u00f3 anteriormente puede ser recuperada de la cookie, y as\u00ed las opciones que el usuario haya personalizado en su visita anterior a los sitios de la EAP estar\u00e1n disponibles sin necesidad de que deba escribirlas nuevamente.<\/p><p>El usuario tiene la posibilidad de aceptar o rechazar cookies. La mayor\u00eda de los exploradores de Internet aceptan las cookies autom\u00e1ticamente, pero si lo prefiere Usted puede modificar la configuraci\u00f3n para que las rechace. Si escoge que el navegador rechace cookies, es probable que no pueda aprovechar en su totalidad las caracter\u00edsticas interactivas de los servicios ofrecidos en sitios de la EAP que visite el usuario.<\/p><p><b>3.4. SEGURIDAD DE SU INFORMACI\u00d3N PERSONAL<\/b><\/p><p>La EAP asegura su informaci\u00f3n personal frente al acceso, uso o divulgaci\u00f3n no autorizados. La EAP mantiene la informaci\u00f3n de identificaci\u00f3n personal que Usted haya provisto, en servidores ubicados en un ambiente controlado y seguro, protegidos del acceso, uso o divulgaci\u00f3n no autorizados. En caso de que informaci\u00f3n personal sea transmitida a otros sitios Web, \u00e9sta se protege mediante el uso de protocolos cifrados como el protocolo SSL (Secure Sockets Layer).<\/p><p><b>3.5. NORMAS APLICABLES<\/b><\/p><p>Los t\u00e9rminos y condiciones de uso son gobernados por las leyes de la Rep\u00fablica de Colombia, para cualquier efecto legal o judicial; cualquier controversia que surja de su interpretaci\u00f3n o aplicaci\u00f3n se someter\u00e1 a los jueces de la Rep\u00fablica de Colombia.<\/p><p>Nos reservamos el derecho en cualquier momento a revelar, editar o denegar informaci\u00f3n cuando sea necesario cumplir con las leyes aplicables, regulaciones, procesos legales o pedidos del Gobierno Nacional.<\/p><p>De acuerdo con el m\u00e1ximo alcance permitido por las leyes aplicables, en ning\u00fan caso la EAP ser\u00e1 responsable da\u00f1os directos, indirectos ocasionados por el rendimiento de los sitios web, demoras, imposibilidad del uso del sitio o servicios relacionados, falla en la provisi\u00f3n de servicios, o por cualquier informaci\u00f3n, software, productos, servicios y gr\u00e1ficos obtenidos a trav\u00e9s de los sitios web.<\/p><p><b>3.6. RENUNCIA DE OBLIGACI\u00d3N<\/b><\/p><p>La informaci\u00f3n, software, productos y servicios incluidos o disponibles a trav\u00e9s de nuestros sitios web pueden contener inexactitudes o errores tipogr\u00e1ficos. Peri\u00f3dicamente modificamos y agregamos a la informaci\u00f3n aqu\u00ed contenida. Nosotros podemos realizar en cualquier momento modificaciones o mejoras al sitio web.<\/p><p>\u00a0<\/p><p><b>4. DEBERES DE LOS USUARIOS<\/b><\/p><p>No somos responsables del uso indebido que hagan los usuarios del contenido de nuestro sitio web.<\/p><p>Animamos a nuestros usuarios a usar los contenidos de forma diligente, correcta y l\u00edcita, sin incurrir en actividades que infrinjan los derechos de la EAP o de terceros, o que puedan atentar contra la moral, las normas jur\u00eddicas, esto incluye los da\u00f1os o ataques inform\u00e1ticos, interceptaci\u00f3n de comunicaciones, infracciones al derecho de autor, usurpaci\u00f3n de identidad, revelaci\u00f3n de secretos o falsedad en los documentos.<\/p><p>Al ingresar a nuestro sitio web los usuarios se compromete a no realizar las siguientes acciones:<\/p><p>\u2022 Copiar, duplicar, reproducir, prestar, vender, revender, republicar, transmitir cualquier parte de este sitio web o de su contenido para uso comercial.<\/p><p>\u2022 Emitir publicidad usando los contenidos e informaci\u00f3n del sitio web.<\/p><p>\u2022 Publicar, anunciar, subir, distribuir material o informaci\u00f3n, que sea inapropiada, indecente, transgresora, difamatoria, obscena o ilegal.<\/p><p>\u2022 Difamar, abusar, acosar, acechar, amenazar o de alguna forma violar los derechos de privacidad, y publicidad de otros.<\/p><p>\u2022 Suprimir, eludir, o manipular el copyright (derechos de autor) y dem\u00e1s datos que identifiquen a la EAP. Usar t\u00e9cnicas de embebido para esconder la marca, logo u otras porciones del sitio web sin la autorizaci\u00f3n previa y por escrito de la EAP.<\/p><p>\u2022 Subir archivos que contengan software, material protegido por leyes de propiedad intelectual, derechos de privacidad, o publicidad a menos que el usuario sea el propietario o controle los derechos respectivos, o haya recibido el necesario consentimiento expreso.<\/p><p>\u2022 Falsificar o eliminar cualquier referencia al autor, referencia legal o avisos o designaciones propietarias o r\u00f3tulos del origen o fuente del software u otro material contenidos en un archivo que se sube.<\/p><p>\u2022 Subir archivos que contengan virus, archivos corruptos, o cualquier otro software o programas malicioso.<\/p><p>\u2022 Publicar, ofrecer a la venta o a la compra cualquier bien o servicio.<\/p><p>\u2022 Dirigir o reenviar encuestas, cadenas de cartas o esquemas piramidales. Recoger informaci\u00f3n incluyendo direcciones de correo electr\u00f3nico sin su consentimiento.<\/p><p>\u2022 Restringir o inhibir que otros usuarios puedan usar y disfrutar de los servicios de comunicaci\u00f3n.<\/p><p>\u2022 Usar software automatizado o proceso manual, as\u00ed como robots o spiders para copiar o monitorizar el contenido del sitio web sin la autorizaci\u00f3n previa y por escrito de la EAP.<\/p><p>\u2022 Decompilar, alquilar, vender, realizar ingenier\u00eda inversa, o crear obras derivadas de este sitio web o de su contenido.<\/p><p><b>4.1. POL\u00cdTICA COMENTARIOS<\/b><\/p><p>Los usuarios son responsables de sus comentarios en cualquier foro, u otro espacio de participaci\u00f3n de los sitios web por lo que nosotros no garantizamos la calidad, idoneidad y\/o consecuencias que pudieren acarrear a favor y\/o en contra de otros usuarios o de terceros.<\/p><p>De esta manera, cada usuario acepta y nos faculta expresa e irrevocablemente a la EAP para revisar los comentarios u opiniones escritos y el administrador de sitio web se reserva el derecho de ocultar cualquier comentario ofensivo, amenazante, xen\u00f3fobo, ped\u00f3filo, que est\u00e9 en contra de las libertades pol\u00edticas, religiosas, preferencias sexuales, que promueva el racismo, la xenofobia entre otros que se puedan considerar insultantes o provocativos.<\/p><p>Le invitamos a conocer nuestros \u201cT\u00e9rminos y condiciones de uso\u201d, para la participaci\u00f3n en los comentarios y foros del sitio, ya que se asume su aceptaci\u00f3n, as\u00ed como el compromiso irrevocable de cada uno, de respetarlas, por lo cual nosotros estamos eximidos ante cualquier responsabilidad que se derive de su incumplimiento, incluidos da\u00f1os y perjuicios causados a otros usuarios y\/o cualquier tercero afectado.<\/p><p>\u00a0<\/p><p><b>5. CONTACTO PARA ASUNTOS RELACIONADOS CON LOS T\u00c9RMINOS Y CONDICIONES<\/b><\/p><p>Sus sugerencias para mejorar nuestros contenidos, informaci\u00f3n y servicios son bienvenidas, comun\u00edquese con nosotros a trav\u00e9s de:<\/p><p>Direcci\u00f3n: Calle 25 #7-48 Piso 6 Pereira, Colombia, Sudam\u00e9rica<\/p><p>Correo:\u00a0info@aseopereira.gov.co<\/p><p>Sistema de PQRSD: https:\/\/aseopereira.gov.co\/pqrsdf<\/p><\/div><\/div><\/div><\/div><\/div><\/div><\/div><\/div><\/div><div class=\"col-lg-3 col-md-3 col-sm-12 col-xs-12 sidebar sidebar-right theiaStickySidebar\"><div class=\"sidebar-inner\"><div><div id=\"block-gavias-castron-views-block-post-other-block-1\" class=\"views-element-container block block-views block-views-blockpost-other-block-1\"><h2 class=\"block-title\">Publicaciones Recientes<\/h2><div class=\"content block-content\"><div><div class=\"post-list-small-3 gva-view js-view-dom-id-1a373b80345d3e3a359df363c5abc73cd7159d2cad38d2de1be8df79df59c421\" data-once=\"ajax-pager\"><div class=\"item-list\"><ul><li class=\"view-list-item\"><div class=\"views-field views-field-nothing\"><div class=\"field-content\"><div class=\"post-block\"><div class=\"post-content\"><div class=\"post-title\"><a href=\"https:\/\/oldsite.aseopereira.gov.co\/estudiantes-que-prestan-servicio-social-con-aseo-pereira-contribuyen-la-educacion-ambiental-en-la.html\" hreflang=\"es\">ESTUDIANTES QUE PRESTAN SERVICIO SOCIAL CON ASEO PEREIRA CONTRIBUYEN A LA EDUCACI\u00d3N AMBIENTAL EN LA CIUDAD<\/a><\/div><div class=\"post-meta\"><span class=\"post-categories\"><a href=\"https:\/\/oldsite.aseopereira.gov.co\/taxonomy\/term\/6.html\" hreflang=\"en\">Comunicados<\/a><\/span><span class=\"post-created\">29 Mayo 23<\/span><\/div><\/div><\/div><\/div><\/div><\/li><li class=\"view-list-item\"><div class=\"views-field views-field-nothing\"><div class=\"field-content\"><div class=\"post-block\"><div class=\"post-content\"><div class=\"post-title\"><a href=\"https:\/\/oldsite.aseopereira.gov.co\/65-toneladas-de-inservibles-han-sido-recolectadas-en-lo-que-va-de-este-ano-en-pereira.html\" hreflang=\"es\">65 TONELADAS DE INSERVIBLES HAN SIDO RECOLECTADAS EN LO QUE VA DE ESTE A\u00d1O EN PEREIRA<\/a><\/div><div class=\"post-meta\"><span class=\"post-categories\"><a href=\"https:\/\/oldsite.aseopereira.gov.co\/taxonomy\/term\/6.html\" hreflang=\"en\">Comunicados<\/a><\/span><span class=\"post-created\">18 Mayo 23<\/span><\/div><\/div><\/div><\/div><\/div><\/li><li class=\"view-list-item\"><div class=\"views-field views-field-nothing\"><div class=\"field-content\"><div class=\"post-block\"><div class=\"post-content\"><div class=\"post-title\"><a href=\"https:\/\/oldsite.aseopereira.gov.co\/ya-llega-pereira-recicla-la-feria-ambiental-liderada-por-aseo-pereira.html\" hreflang=\"es\">YA LLEGA PEREIRA RECICLA, LA FERIA AMBIENTAL LIDERADA POR ASEO PEREIRA<\/a><\/div><div class=\"post-meta\"><span class=\"post-categories\"><a href=\"https:\/\/oldsite.aseopereira.gov.co\/taxonomy\/term\/6.html\" hreflang=\"en\">Comunicados<\/a><\/span><span class=\"post-created\">15 Mayo 23<\/span><\/div><\/div><\/div><\/div><\/div><\/li><\/ul><\/div><\/div><\/div><\/div><\/div><\/div><\/div><\/div><\/div><\/div><\/div><\/div><\/div><\/div><p><br \/><br \/><\/p>\t\t\t\t\t\t\t\t<\/div>\n\t\t\t\t<\/div>\n\t\t\t\t\t<\/div>\n\t\t\t\t<\/div>\n\t\t\t\t<\/div>\n\t\t","protected":false},"excerpt":{"rendered":"<p>T\u00e9rminos y Condiciones de Uso \u200b1. ALCANCES Y LIMITES EN EL USO Apreciado usuario, le damos la bienvenida a nuestra Sede Electr\u00f3nica. Todos los servicios que ofrece la Empresa de Aseo de Pereira S.A.S. ESP (EAP), son gratuitos y no utiliza ning\u00fan tipo de intermediarios para acceder a ellos, por favor denuncie este tipo de [&hellip;]<\/p>\n","protected":false},"author":1,"featured_media":0,"parent":0,"menu_order":0,"comment_status":"closed","ping_status":"closed","template":"elementor_header_footer","meta":{"footnotes":""},"class_list":["post-135","page","type-page","status-publish","hentry","entry"],"_links":{"self":[{"href":"https:\/\/aseopereira.gov.co\/index.php\/wp-json\/wp\/v2\/pages\/135","targetHints":{"allow":["GET"]}}],"collection":[{"href":"https:\/\/aseopereira.gov.co\/index.php\/wp-json\/wp\/v2\/pages"}],"about":[{"href":"https:\/\/aseopereira.gov.co\/index.php\/wp-json\/wp\/v2\/types\/page"}],"author":[{"embeddable":true,"href":"https:\/\/aseopereira.gov.co\/index.php\/wp-json\/wp\/v2\/users\/1"}],"replies":[{"embeddable":true,"href":"https:\/\/aseopereira.gov.co\/index.php\/wp-json\/wp\/v2\/comments?post=135"}],"version-history":[{"count":4,"href":"https:\/\/aseopereira.gov.co\/index.php\/wp-json\/wp\/v2\/pages\/135\/revisions"}],"predecessor-version":[{"id":2119,"href":"https:\/\/aseopereira.gov.co\/index.php\/wp-json\/wp\/v2\/pages\/135\/revisions\/2119"}],"wp:attachment":[{"href":"https:\/\/aseopereira.gov.co\/index.php\/wp-json\/wp\/v2\/media?parent=135"}],"curies":[{"name":"wp","href":"https:\/\/api.w.org\/{rel}","templated":true}]}}