{"id":1105,"date":"2024-12-30T00:40:12","date_gmt":"2024-12-30T00:40:12","guid":{"rendered":"https:\/\/aseopereira.gov.co\/?page_id=1105"},"modified":"2024-12-30T00:42:25","modified_gmt":"2024-12-30T00:42:25","slug":"preguntas-frecuentes","status":"publish","type":"page","link":"https:\/\/aseopereira.gov.co\/index.php\/preguntas-frecuentes\/","title":{"rendered":"Preguntas frecuentes"},"content":{"rendered":"\t\t<div data-elementor-type=\"wp-page\" data-elementor-id=\"1105\" class=\"elementor elementor-1105\" data-elementor-post-type=\"page\">\n\t\t\t\t<div class=\"elementor-element elementor-element-e383f27 e-flex e-con-boxed e-con e-parent\" data-id=\"e383f27\" data-element_type=\"container\" data-e-type=\"container\">\n\t\t\t\t\t<div class=\"e-con-inner\">\n\t\t\t\t<div class=\"elementor-element elementor-element-6e46ade elementor-widget elementor-widget-elementskit-heading\" data-id=\"6e46ade\" data-element_type=\"widget\" data-e-type=\"widget\" data-widget_type=\"elementskit-heading.default\">\n\t\t\t\t<div class=\"elementor-widget-container\">\n\t\t\t\t\t<div class=\"ekit-wid-con\" ><div class=\"ekit-heading elementskit-section-title-wraper text_center   ekit_heading_tablet-   ekit_heading_mobile-\"><h2 class=\"ekit-heading--title elementskit-section-title \">Preguntas frecuentes<\/h2><\/div><\/div>\t\t\t\t<\/div>\n\t\t\t\t<\/div>\n\t\t\t\t\t<\/div>\n\t\t\t\t<\/div>\n\t\t<div class=\"elementor-element elementor-element-b05bdbe e-flex e-con-boxed e-con e-parent\" data-id=\"b05bdbe\" data-element_type=\"container\" data-e-type=\"container\">\n\t\t\t\t\t<div class=\"e-con-inner\">\n\t\t\t\t<div class=\"elementor-element elementor-element-bf9865a elementor-widget elementor-widget-text-editor\" data-id=\"bf9865a\" data-element_type=\"widget\" data-e-type=\"widget\" data-widget_type=\"text-editor.default\">\n\t\t\t\t<div class=\"elementor-widget-container\">\n\t\t\t\t\t\t\t\t\t<p><strong>\u00bf Cu\u00e1l es la labor de la Empresa De Aseo de Pereira ?<\/strong><\/p><p>Realiza la interventor\u00eda al servicio prestado por ATESA en las labores de Barrido y Limpieza de V\u00edas y \u00c1reas P\u00fablicas; Recolecci\u00f3n; Transporte; Tratamiento y Disposici\u00f3n Final en el relleno sanitario La Glorita de la ciudad de Pereira.<\/p><p><strong>\u00bf D\u00f3nde llamar para que recojan sus escombros ?<\/strong><\/p><p>L\u00ednea 110<br \/>o atenci\u00f3n al cliente ATESA 3341250 Ext 116<\/p><p><strong>\u00bf Qu\u00e9 sitios\u00a0est\u00e1n\u00a0disponibles para dejar escombros ?<\/strong><\/p><p>Guadalcanal de la ciudadela Cuba, donde se reciben los escombros tra\u00eddos por los carretilleros, de extracci\u00f3n manual o veh\u00edculos que no superen un metro c\u00fabico\u201d<\/p><p><strong>\u00bf Qu\u00e9 cantidad de escombros me recoge el operador del servicio gratuitamente ?<\/strong><\/p><p>Hasta 1 m3 de escombros. (de 3 a 4 estopas totalmente llenas)<\/p><p><strong>\u00bf Si tengo Escombros en volumen superior a 1 m3, qui\u00e9n me los recoge?<\/strong><\/p><p>Atesa de Occidente me puede recoger mas de 1 m3 de escombros a la tarifa que se convenga con dicha Empresa.<\/p><p><strong>\u00bfD\u00f3nde llamar para que recojan residuos biosanitarios, medicina y dem\u00e1s desechos especiales ?<\/strong><\/p><p>EMPDEPSA, Empresa prestadora del servicio, para el manejo de integral y disposici\u00f3n de residuos especiales.<br \/>Cr7 18-21 Of 313 Pereira<br \/>TEL: 3354516<br \/>Contacto :\u00a0<a href=\"https:\/\/emdepsa.com\/servicios\/\">Emdepsa<\/a><\/p><p><strong>\u00bf D\u00f3nde puedo conseguir avisos de \u00abNO ARROJAR BASURAS\u00bb ?<\/strong><\/p><p>Linea 110 de ATESA<\/p><p>Empresa de Aseo de Pereira S.A.S. ESP (Calle 25 7-48 Piso 6 Pereira)\u00a0<\/p><p><strong>\u00bf Qu\u00e9 hacer cuando pasa el carro de basura y deja mi basura en casa ?<\/strong><\/p><p>Linea 110 (Recolecci\u00f3n de Basuras)<\/p><p><strong>\u00bf D\u00f3nde puedo denunciar un punto critico (lugar donde existe acumulaci\u00f3n de basura, escombros y otros materiales de manera repetida) ?<\/strong><\/p><p>Tel 3341166 o contacto v\u00eda mail<\/p><p>Cualquier otra inquietud , puede comunicarse a las lineas de ATESA, para mayor informaci\u00f3n:\u00a0311 67 11\u00a0PBX<br \/><br \/>Comunica con todas las dependencias:\u00a0311 60 47<\/p><p>Direcci\u00f3n Relleno:<br \/>Relleno sanitario la glorita<br \/>315 39 84<br \/>Operaciones<br \/>Relleno sanitario la glorita<\/p><p>Contacto Web,\u00a0<a href=\"https:\/\/www.atesadeoccidente.com\/\">ATESA de Occidente S.A ESP<\/a>.<\/p>\t\t\t\t\t\t\t\t<\/div>\n\t\t\t\t<\/div>\n\t\t\t\t\t<\/div>\n\t\t\t\t<\/div>\n\t\t\t\t<\/div>\n\t\t","protected":false},"excerpt":{"rendered":"<p>Preguntas frecuentes \u00bf Cu\u00e1l es la labor de la Empresa De Aseo de Pereira ? Realiza la interventor\u00eda al servicio prestado por ATESA en las labores de Barrido y Limpieza de V\u00edas y \u00c1reas P\u00fablicas; Recolecci\u00f3n; Transporte; Tratamiento y Disposici\u00f3n Final en el relleno sanitario La Glorita de la ciudad de Pereira. \u00bf D\u00f3nde llamar [&hellip;]<\/p>\n","protected":false},"author":1,"featured_media":0,"parent":0,"menu_order":0,"comment_status":"closed","ping_status":"closed","template":"elementor_header_footer","meta":{"footnotes":""},"class_list":["post-1105","page","type-page","status-publish","hentry","entry"],"_links":{"self":[{"href":"https:\/\/aseopereira.gov.co\/index.php\/wp-json\/wp\/v2\/pages\/1105","targetHints":{"allow":["GET"]}}],"collection":[{"href":"https:\/\/aseopereira.gov.co\/index.php\/wp-json\/wp\/v2\/pages"}],"about":[{"href":"https:\/\/aseopereira.gov.co\/index.php\/wp-json\/wp\/v2\/types\/page"}],"author":[{"embeddable":true,"href":"https:\/\/aseopereira.gov.co\/index.php\/wp-json\/wp\/v2\/users\/1"}],"replies":[{"embeddable":true,"href":"https:\/\/aseopereira.gov.co\/index.php\/wp-json\/wp\/v2\/comments?post=1105"}],"version-history":[{"count":4,"href":"https:\/\/aseopereira.gov.co\/index.php\/wp-json\/wp\/v2\/pages\/1105\/revisions"}],"predecessor-version":[{"id":1110,"href":"https:\/\/aseopereira.gov.co\/index.php\/wp-json\/wp\/v2\/pages\/1105\/revisions\/1110"}],"wp:attachment":[{"href":"https:\/\/aseopereira.gov.co\/index.php\/wp-json\/wp\/v2\/media?parent=1105"}],"curies":[{"name":"wp","href":"https:\/\/api.w.org\/{rel}","templated":true}]}}