{"id":1043,"date":"2024-12-29T21:40:44","date_gmt":"2024-12-29T21:40:44","guid":{"rendered":"https:\/\/aseopereira.gov.co\/?page_id=1043"},"modified":"2024-12-29T21:41:14","modified_gmt":"2024-12-29T21:41:14","slug":"tarifas-de-liquidacion-del-impuesto-de-industria-y-comercio-ica","status":"publish","type":"page","link":"https:\/\/aseopereira.gov.co\/index.php\/tarifas-de-liquidacion-del-impuesto-de-industria-y-comercio-ica\/","title":{"rendered":"Tarifas De Liquidaci\u00f3n Del Impuesto De Industria Y Comercio (ICA)"},"content":{"rendered":"\t\t<div data-elementor-type=\"wp-page\" data-elementor-id=\"1043\" class=\"elementor elementor-1043\" data-elementor-post-type=\"page\">\n\t\t\t\t<div class=\"elementor-element elementor-element-b10079f e-flex e-con-boxed e-con e-parent\" data-id=\"b10079f\" data-element_type=\"container\" data-e-type=\"container\">\n\t\t\t\t\t<div class=\"e-con-inner\">\n\t\t\t\t<div class=\"elementor-element elementor-element-73a86fb elementor-widget elementor-widget-elementskit-heading\" data-id=\"73a86fb\" data-element_type=\"widget\" data-e-type=\"widget\" data-widget_type=\"elementskit-heading.default\">\n\t\t\t\t<div class=\"elementor-widget-container\">\n\t\t\t\t\t<div class=\"ekit-wid-con\" ><div class=\"ekit-heading elementskit-section-title-wraper text_center   ekit_heading_tablet-   ekit_heading_mobile-\"><h2 class=\"ekit-heading--title elementskit-section-title \">Tarifas De Liquidaci\u00f3n Del Impuesto De Industria Y Comercio (ICA)<\/h2><\/div><\/div>\t\t\t\t<\/div>\n\t\t\t\t<\/div>\n\t\t\t\t\t<\/div>\n\t\t\t\t<\/div>\n\t\t<div class=\"elementor-element elementor-element-5c60f26 e-flex e-con-boxed e-con e-parent\" data-id=\"5c60f26\" data-element_type=\"container\" data-e-type=\"container\">\n\t\t\t\t\t<div class=\"e-con-inner\">\n\t\t<div class=\"elementor-element elementor-element-413c34d e-con-full e-flex e-con e-child\" data-id=\"413c34d\" data-element_type=\"container\" data-e-type=\"container\">\n\t\t\t\t<div class=\"elementor-element elementor-element-c2de298 elementor-widget elementor-widget-text-editor\" data-id=\"c2de298\" data-element_type=\"widget\" data-e-type=\"widget\" data-widget_type=\"text-editor.default\">\n\t\t\t\t<div class=\"elementor-widget-container\">\n\t\t\t\t\t\t\t\t\t<div class=\"widget gsc-heading align-left style-1 text-dark \"><div class=\"heading-bottom\"><div class=\"title-desc\"><div class=\"widget gsc-heading  align-left style-1 text-dark \"><div class=\"heading-bottom\"><div class=\"title-desc\"><p>Esta secci\u00f3n solo aplica para entidades del nivel territorial (Municipios y Distritos) en el que se encontrar\u00e1 informaci\u00f3n tributaria relevante.<\/p><\/div><\/div><\/div><\/div><\/div><\/div>\t\t\t\t\t\t\t\t<\/div>\n\t\t\t\t<\/div>\n\t\t\t\t<\/div>\n\t\t<div class=\"elementor-element elementor-element-205cb67 e-con-full e-flex e-con e-child\" data-id=\"205cb67\" data-element_type=\"container\" data-e-type=\"container\">\n\t\t\t\t<div class=\"elementor-element elementor-element-751e475 elementor-widget elementor-widget-image\" data-id=\"751e475\" data-element_type=\"widget\" data-e-type=\"widget\" data-widget_type=\"image.default\">\n\t\t\t\t<div class=\"elementor-widget-container\">\n\t\t\t\t\t\t\t\t\t\t\t\t\t\t\t<img fetchpriority=\"high\" decoding=\"async\" width=\"1000\" height=\"750\" src=\"https:\/\/aseopereira.gov.co\/wp-content\/uploads\/2024\/12\/3d-render-cruz-marca-icono-aislado-error-x-simbolo.jpeg\" class=\"attachment-large size-large wp-image-967\" alt=\"\" srcset=\"https:\/\/aseopereira.gov.co\/wp-content\/uploads\/2024\/12\/3d-render-cruz-marca-icono-aislado-error-x-simbolo.jpeg 1000w, https:\/\/aseopereira.gov.co\/wp-content\/uploads\/2024\/12\/3d-render-cruz-marca-icono-aislado-error-x-simbolo-300x225.jpeg 300w, https:\/\/aseopereira.gov.co\/wp-content\/uploads\/2024\/12\/3d-render-cruz-marca-icono-aislado-error-x-simbolo-768x576.jpeg 768w\" sizes=\"(max-width: 1000px) 100vw, 1000px\" \/>\t\t\t\t\t\t\t\t\t\t\t\t\t\t\t<\/div>\n\t\t\t\t<\/div>\n\t\t\t\t<\/div>\n\t\t\t\t\t<\/div>\n\t\t\t\t<\/div>\n\t\t\t\t<\/div>\n\t\t","protected":false},"excerpt":{"rendered":"<p>Tarifas De Liquidaci\u00f3n Del Impuesto De Industria Y Comercio (ICA) Esta secci\u00f3n solo aplica para entidades del nivel territorial (Municipios y Distritos) en el que se encontrar\u00e1 informaci\u00f3n tributaria relevante.<\/p>\n","protected":false},"author":1,"featured_media":0,"parent":0,"menu_order":0,"comment_status":"closed","ping_status":"closed","template":"elementor_header_footer","meta":{"footnotes":""},"class_list":["post-1043","page","type-page","status-publish","hentry","entry"],"_links":{"self":[{"href":"https:\/\/aseopereira.gov.co\/index.php\/wp-json\/wp\/v2\/pages\/1043","targetHints":{"allow":["GET"]}}],"collection":[{"href":"https:\/\/aseopereira.gov.co\/index.php\/wp-json\/wp\/v2\/pages"}],"about":[{"href":"https:\/\/aseopereira.gov.co\/index.php\/wp-json\/wp\/v2\/types\/page"}],"author":[{"embeddable":true,"href":"https:\/\/aseopereira.gov.co\/index.php\/wp-json\/wp\/v2\/users\/1"}],"replies":[{"embeddable":true,"href":"https:\/\/aseopereira.gov.co\/index.php\/wp-json\/wp\/v2\/comments?post=1043"}],"version-history":[{"count":4,"href":"https:\/\/aseopereira.gov.co\/index.php\/wp-json\/wp\/v2\/pages\/1043\/revisions"}],"predecessor-version":[{"id":1047,"href":"https:\/\/aseopereira.gov.co\/index.php\/wp-json\/wp\/v2\/pages\/1043\/revisions\/1047"}],"wp:attachment":[{"href":"https:\/\/aseopereira.gov.co\/index.php\/wp-json\/wp\/v2\/media?parent=1043"}],"curies":[{"name":"wp","href":"https:\/\/api.w.org\/{rel}","templated":true}]}}